{"id":595,"date":"2025-11-05T08:24:09","date_gmt":"2025-11-05T08:24:09","guid":{"rendered":"https:\/\/lingzhuopickleball.com\/?post_type=product&#038;p=595"},"modified":"2025-12-01T11:44:58","modified_gmt":"2025-12-01T03:44:58","slug":"thermoformed-paddle","status":"publish","type":"product","link":"https:\/\/lingzhuopickleball.com\/de\/produkt\/thermoformed-paddle\/","title":{"rendered":"Thermogeformte Polymer Wabe Pickleball Paddel Whosale"},"content":{"rendered":"<p data-start=\"341\" data-end=\"515\">1. Unser Pickleball-Paddel aus thermogeformtem Polymer mit Wabenstruktur wurde f\u00fcr Marken und H\u00e4ndler entwickelt, die zuverl\u00e4ssige Leistung, gleichbleibende Qualit\u00e4t und flexible Anpassungsm\u00f6glichkeiten ben\u00f6tigen.<\/p>\n<p>2. Das 418 \u00d7 190 mm gro\u00dfe Profil mit einem PP-Wabenkern in 13,3 mm oder 16 mm und einer Gesamtdicke von 16\/19 mm (einschlie\u00dflich Kantenschutz) bietet einen stabilen, wilden Sweet Spot f\u00fcr Spieler aller Spielst\u00e4rken. Die leichte 230g-Konstruktion reduziert die Erm\u00fcdung der Arme und bietet gleichzeitig genug Masse f\u00fcr durchdringende Drives und solides Blocken in der K\u00fcche.<\/p>\n<p>3 . Eine gefrostete Kohlefaseroberfl\u00e4che ist thermisch mit dem Wabenkern verbunden und sorgt f\u00fcr ein knackiges, reaktionsfreudiges Spielgef\u00fchl mit hervorragendem Spinpotenzial und langfristiger Haltbarkeit. Wabenkerne aus Polymer- und Aramidfasern sind erh\u00e4ltlich, um Power, Spielgef\u00fchl und Klangleistung auf Ihre Zielgruppe abzustimmen.<\/p>\n<p>4. Der ergonomische Griff, 135-140 mm (5,3-5,5\u2033), hat einen 1,5 mm dicken PU-Ledergriff f\u00fcr einen sicheren, rutschfesten Halt und kann in individuellen Formen und Farben geliefert werden. Der PVC\/TPU-Kantenschutz, der Gummiring und die verst\u00e4rkte PP-Griffkappe sorgen f\u00fcr Aufprallschutz bei schweren St\u00f6\u00dfen oder beim Fallenlassen.<\/p>\n<p>5 . Wir unterst\u00fctzen den kompletten OEM\/ODM-Service, einschlie\u00dflich kundenspezifischer Druckvorlagen mit HD-UV-Druck, Logogravur, Paddelabmessungen, Gewichtsbereiche und Gr\u00f6\u00dfen-\/Farbanpassung an Ihre Markenrichtlinien. Die Verpackung kann als OPP-Tasche, H\u00e4ngetasche, farbiger Karton oder Premium-Paddelh\u00fclle geliefert werden, um verschiedenen Einzelhandels- und E-Commerce-Kan\u00e4len gerecht zu werden. Ganz gleich, ob Sie eine neue Paddellinie auf den Markt bringen oder ein bestehendes Sortiment erweitern m\u00f6chten, dieses thermogeformte Modell bietet Ihnen eine stabile Leistung, um ein differenziertes, margenstarkes Produkt f\u00fcr Ihr Pickleball-Gesch\u00e4ft zu entwickeln.<\/p>\n<p>6. Strenge Materialpr\u00fcfung, prozessbegleitende Qualit\u00e4tskontrollen und abschlie\u00dfende Gewichts- und Auswuchtkontrolle f\u00fcr jedes Paddel. Engagierte technische Unterst\u00fctzung, schnelle Bemusterung und flexible MOQ-Richtlinien verringern Ihr Entwicklungsrisiko und beschleunigen Ihre n\u00e4chste Produkteinf\u00fchrung.<\/p>\n<div class=\"jfk-bubble gtx-bubble\" style=\"visibility: visible; left: 1px; top: 57px; opacity: 1;\" role=\"alertdialog\" aria-describedby=\"bubble-2\">\n<div class=\"jfk-bubble-arrow-id jfk-bubble-arrow jfk-bubble-arrowup\" style=\"left: 15px;\">\n<div class=\"jfk-bubble-arrowimplafter\"><\/div>\n<\/div>\n<\/div>","protected":false},"excerpt":{"rendered":"<p>Thermogeformtes Pickleball-Schl\u00e4gerpaddel aus Polymerwaben mit mattierter Karbonfaser-Oberfl\u00e4che, 16\/19 mm PP-Kern und 230 g Gewicht, entwickelt f\u00fcr Power, Kontrolle und Haltbarkeit; OEM\/ODM-Gr\u00f6\u00dfen, Farben, Branding und Verpackung f\u00fcr professionelle Gro\u00dfhandelsprojekte.<\/p>","protected":false},"featured_media":601,"template":"","meta":{"_gspb_post_css":""},"product_brand":[],"product_cat":[15,108],"product_tag":[34,33,32],"class_list":{"0":"post-595","1":"product","2":"type-product","3":"status-publish","4":"has-post-thumbnail","6":"product_cat-thermoformed-paddle","7":"product_cat-3k-carbon-fiber-pickleball-paddle","8":"product_tag-oem-odm-pickleball-manufacturer","9":"product_tag-polymer-honeycomb-paddle","10":"product_tag-thermoformed-pickleball-paddle","12":"first","13":"instock","14":"shipping-taxable","15":"product-type-simple"},"_links":{"self":[{"href":"https:\/\/lingzhuopickleball.com\/de\/wp-json\/wp\/v2\/product\/595","targetHints":{"allow":["GET"]}}],"collection":[{"href":"https:\/\/lingzhuopickleball.com\/de\/wp-json\/wp\/v2\/product"}],"about":[{"href":"https:\/\/lingzhuopickleball.com\/de\/wp-json\/wp\/v2\/types\/product"}],"wp:featuredmedia":[{"embeddable":true,"href":"https:\/\/lingzhuopickleball.com\/de\/wp-json\/wp\/v2\/media\/601"}],"wp:attachment":[{"href":"https:\/\/lingzhuopickleball.com\/de\/wp-json\/wp\/v2\/media?parent=595"}],"wp:term":[{"taxonomy":"product_brand","embeddable":true,"href":"https:\/\/lingzhuopickleball.com\/de\/wp-json\/wp\/v2\/product_brand?post=595"},{"taxonomy":"product_cat","embeddable":true,"href":"https:\/\/lingzhuopickleball.com\/de\/wp-json\/wp\/v2\/product_cat?post=595"},{"taxonomy":"product_tag","embeddable":true,"href":"https:\/\/lingzhuopickleball.com\/de\/wp-json\/wp\/v2\/product_tag?post=595"}],"curies":[{"name":"wp","href":"https:\/\/api.w.org\/{rel}","templated":true}]}}