{"id":626,"date":"2025-11-06T08:09:36","date_gmt":"2025-11-06T08:09:36","guid":{"rendered":"https:\/\/lingzhuopickleball.com\/?post_type=product&#038;p=626"},"modified":"2025-11-06T08:13:10","modified_gmt":"2025-11-06T08:13:10","slug":"kevlar-pickleball-paddle","status":"publish","type":"product","link":"https:\/\/lingzhuopickleball.com\/de\/produkt\/kevlar-pickleball-paddle\/","title":{"rendered":"Kevlar Pickleball Paddel Hei\u00dfgepresster langlebiger Wabenkern"},"content":{"rendered":"<p>Das Kevlar Pickleball Paddle - Hot-Pressed Durable Honeycomb Core wurde f\u00fcr Spieler und Programme entwickelt, die Robustheit und Gef\u00fchl im gleichen Rahmen verlangen. Anstelle einer traditionellen Carbon-Oberfl\u00e4che verwendet dieses Paddel eine gewebte Kevlar-Faser-Oberfl\u00e4che, die bei niedrigeren Temperaturen thermogeformt wird, um die Integrit\u00e4t der einzelnen Filamente zu sch\u00fctzen. Die Fasern biegen sich beim Aufprall leicht, was die Verweildauer erh\u00f6ht und dem Spieler mehr Feedback und Richtungskontrolle gibt.<\/p>\n<p>Unter der Kevlar-Schlagfl\u00e4che sorgt ein hei\u00dfgepresster Hochleistungs-Wabenkern f\u00fcr eine leichte, stabile und gleichm\u00e4\u00dfige Struktur \u00fcber die gesamte Schlagfl\u00e4che. Diese Konstruktion vergr\u00f6\u00dfert den effektiven Sweetspot und reduziert die Vibrationen, wodurch der Arm bei langen Trainingseinheiten und hohem Schl\u00e4gereinsatz gesch\u00fctzt wird.<\/p>\n<p>Da die Kevlar-Schlagfl\u00e4che fehlerverzeihender ist als Vollcarbon, eignet sich das Kevlar-Paddel f\u00fcr eine breite Palette von Spielern - von fortgeschrittenen Spielern bis hin zu Ligaspielern, die einen aggressiven Stil spielen m\u00f6chten, ohne dabei auf Touch zu verzichten. Trainer werden feststellen, dass Fehlschl\u00e4ge h\u00e4ufiger im Spiel bleiben, w\u00e4hrend erfahrene Spieler den Ball immer noch mit Autorit\u00e4t schlagen k\u00f6nnen.<\/p>\n<p>F\u00fcr Marken, Vereine und H\u00e4ndler bietet dieses Paddel ein klares Differenzierungsmerkmal: Kevlar-Konstruktion f\u00fcr \u00fcberragende Haltbarkeit, einzigartiges Gef\u00fchl und lange Lebensdauer. Die Farbe der Kante, der Griff und das kosmetische Muster k\u00f6nnen an Ihr Sortiment angepasst werden. So erhalten Sie ein hochwertiges, technisches Produkt, das an der Wand hervorsticht und Saison f\u00fcr Saison seine Leistung beibeh\u00e4lt.<\/p>","protected":false},"excerpt":{"rendered":"<p>Pickleball-Paddel aus Kevlar mit hei\u00dfgepresstem Wabenkern, haltbarem, fehlerverzeihendem Gef\u00fchl und ausgewogener Kraft und Kontrolle - ideal f\u00fcr Marken und Vereine, die langlebige OEM-Paddel suchen.<\/p>","protected":false},"featured_media":627,"template":"","meta":{"_gspb_post_css":""},"product_brand":[],"product_cat":[20],"product_tag":[60,59,61],"class_list":{"0":"post-626","1":"product","2":"type-product","3":"status-publish","4":"has-post-thumbnail","6":"product_cat-kevlar-pickleball-paddle","7":"product_tag-hot-pressed-honeycomb-core-paddle","8":"product_tag-kevlar-pickleball-paddle","9":"product_tag-oem-kevlar-paddle-supplier","11":"first","12":"instock","13":"shipping-taxable","14":"product-type-simple"},"_links":{"self":[{"href":"https:\/\/lingzhuopickleball.com\/de\/wp-json\/wp\/v2\/product\/626","targetHints":{"allow":["GET"]}}],"collection":[{"href":"https:\/\/lingzhuopickleball.com\/de\/wp-json\/wp\/v2\/product"}],"about":[{"href":"https:\/\/lingzhuopickleball.com\/de\/wp-json\/wp\/v2\/types\/product"}],"wp:featuredmedia":[{"embeddable":true,"href":"https:\/\/lingzhuopickleball.com\/de\/wp-json\/wp\/v2\/media\/627"}],"wp:attachment":[{"href":"https:\/\/lingzhuopickleball.com\/de\/wp-json\/wp\/v2\/media?parent=626"}],"wp:term":[{"taxonomy":"product_brand","embeddable":true,"href":"https:\/\/lingzhuopickleball.com\/de\/wp-json\/wp\/v2\/product_brand?post=626"},{"taxonomy":"product_cat","embeddable":true,"href":"https:\/\/lingzhuopickleball.com\/de\/wp-json\/wp\/v2\/product_cat?post=626"},{"taxonomy":"product_tag","embeddable":true,"href":"https:\/\/lingzhuopickleball.com\/de\/wp-json\/wp\/v2\/product_tag?post=626"}],"curies":[{"name":"wp","href":"https:\/\/api.w.org\/{rel}","templated":true}]}}