{"id":636,"date":"2025-11-06T08:45:30","date_gmt":"2025-11-06T08:45:30","guid":{"rendered":"https:\/\/lingzhuopickleball.com\/?post_type=product&#038;p=636"},"modified":"2025-11-13T10:21:54","modified_gmt":"2025-11-13T02:21:54","slug":"gen-4-pickleball-paddle","status":"publish","type":"product","link":"https:\/\/lingzhuopickleball.com\/de\/produkt\/gen-4-pickleball-paddle\/","title":{"rendered":"Gen 4 Pickleball Paddel Bestes Paddel mit Honeycomb Foam"},"content":{"rendered":"<p>Das Gen 4 Pickleball Paddle Propulsion TFP mit Honeycomb Foam ist das Ergebnis von mehr als einem Jahr Entwicklung und Tests auf dem Spielfeld. Es ist f\u00fcr Marken und Programme gebaut, die eine klar differenzierte \"n\u00e4chste Generation\" Paddel Geschichte wollen, nicht nur ein weiteres kosmetisches Update.<\/p>\n<p>Ein einlagiger EPP-Vollschaumkern, der die traditionelle Wabenstruktur ersetzt. Dieser durchgehende Schaumstoffk\u00f6rper verleiht dem Paddel ein verbundenes Gef\u00fchl, eine l\u00e4ngere Verweilzeit und einen st\u00e4rkeren, konsistenteren Rebound \u00fcber die gesamte Schlagfl\u00e4che. Die Spieler erleben einen sp\u00fcrbar gr\u00f6\u00dferen Sweet Spot und eine explosivere Reaktion, auch bei au\u00dfermittigem Kontakt.<\/p>\n<p>Im Inneren des Schaums bilden interne Luftkammern eine geschlossene Architektur. Beim Aufprall werden die Kammern komprimiert, bauen Druck auf und geben dann die gespeicherte Energie wieder an den Ball ab. Das Ergebnis ist freie Kraft bei Schl\u00e4gen und Aufschl\u00e4gen, mit weniger Aufwand f\u00fcr den Spieler. Dieser \"Antriebseffekt\" unterscheidet das Gen 4 Pickleball-Paddelkonzept von Standardkernen.<\/p>\n<p>Die Schlagfl\u00e4che besteht aus drei Schichten T700 Rohkohlefaser, die f\u00fcr Spin optimiert ist. Das strukturierte Karbon verl\u00e4ngert die Verweildauer des Balls und erm\u00f6glicht es den Spielern, mit demselben Schl\u00e4ger Topspin zu spielen, Slices zu carven und weiche Schl\u00e4ge in der K\u00fcche zu kontrollieren.<\/p>\n<p>Der Griff besteht aus einem pr\u00e4zisionsgeformten Polypropylen-Griffkern mit Wabenstruktur, der durch eine Carbon-Verst\u00e4rkungsschicht mit der Schlagfl\u00e4che verbunden ist. Dies verbessert die Torsionsstabilit\u00e4t und \u00fcbertr\u00e4gt das Feedback sauber in die Hand, w\u00e4hrend das Gesamtgewicht im Wettbewerbsbereich bleibt.<\/p>\n<p>Der hochbelastbare Kantenschutz und der harzversiegelte Aufbau sind so getestet, dass sie mehr als 2.000 Balltreffern standhalten, bevor es zu Mikrobr\u00fcchen kommt, wodurch sich die Garantieanspr\u00fcche und die Kundendienstkosten f\u00fcr H\u00e4ndler und Vereine erheblich verringern.<\/p>\n<p>F\u00fcr OEM\/ODM-Kunden k\u00f6nnen Grafiken, Kantenfarben und Griffoptionen vollst\u00e4ndig angepasst werden, so dass Sie ein Vorzeige-Pickleball-Paddel der Generation 4 mit einer \u00fcberzeugenden Technologiegeschichte und langer Lebensdauer f\u00fcr ernsthafte Spieler erhalten.<\/p>","protected":false},"excerpt":{"rendered":"<p>Pickleball-Paddel der Generation 4 mit Voll-EPP-Schaum\/Luftkammer-Kern, dreilagiger T700-Carbon-Schlagfl\u00e4che und Wabengriff, der einen massiven Sweet Spot, explosiven Rebound und starken Spin f\u00fcr High-End-OEM\/ODM-Performance-Linien bietet.<\/p>","protected":false},"featured_media":532,"template":"","meta":{"_gspb_post_css":""},"product_brand":[],"product_cat":[24],"product_tag":[63,62,37],"class_list":{"0":"post-636","1":"product","2":"type-product","3":"status-publish","4":"has-post-thumbnail","6":"product_cat-toray-t-700-carbon-fiber-pickleball-paddle","7":"product_tag-foam-core-carbon-paddle","8":"product_tag-gen-4-pickleball-paddle","9":"product_tag-oem-pickleball-paddle-supplier","11":"first","12":"instock","13":"shipping-taxable","14":"product-type-simple"},"_links":{"self":[{"href":"https:\/\/lingzhuopickleball.com\/de\/wp-json\/wp\/v2\/product\/636","targetHints":{"allow":["GET"]}}],"collection":[{"href":"https:\/\/lingzhuopickleball.com\/de\/wp-json\/wp\/v2\/product"}],"about":[{"href":"https:\/\/lingzhuopickleball.com\/de\/wp-json\/wp\/v2\/types\/product"}],"wp:featuredmedia":[{"embeddable":true,"href":"https:\/\/lingzhuopickleball.com\/de\/wp-json\/wp\/v2\/media\/532"}],"wp:attachment":[{"href":"https:\/\/lingzhuopickleball.com\/de\/wp-json\/wp\/v2\/media?parent=636"}],"wp:term":[{"taxonomy":"product_brand","embeddable":true,"href":"https:\/\/lingzhuopickleball.com\/de\/wp-json\/wp\/v2\/product_brand?post=636"},{"taxonomy":"product_cat","embeddable":true,"href":"https:\/\/lingzhuopickleball.com\/de\/wp-json\/wp\/v2\/product_cat?post=636"},{"taxonomy":"product_tag","embeddable":true,"href":"https:\/\/lingzhuopickleball.com\/de\/wp-json\/wp\/v2\/product_tag?post=636"}],"curies":[{"name":"wp","href":"https:\/\/api.w.org\/{rel}","templated":true}]}}