{"id":644,"date":"2025-11-06T09:09:46","date_gmt":"2025-11-06T09:09:46","guid":{"rendered":"https:\/\/lingzhuopickleball.com\/?post_type=product&#038;p=644"},"modified":"2025-11-06T09:09:46","modified_gmt":"2025-11-06T09:09:46","slug":"titanium-pickleball-paddle","status":"publish","type":"product","link":"https:\/\/lingzhuopickleball.com\/de\/produkt\/titanium-pickleball-paddle\/","title":{"rendered":"Titanium Pickleball Paddel Carbon Leichtgewicht Customized"},"content":{"rendered":"<article class=\"text-token-text-primary w-full focus:outline-none [--shadow-height:45px] has-data-writing-block:pointer-events-none has-data-writing-block:-mt-(--shadow-height) has-data-writing-block:pt-(--shadow-height) [&amp;:has([data-writing-block])&gt;*]:pointer-events-auto [content-visibility:auto] supports-[content-visibility:auto]:[contain-intrinsic-size:auto_100lvh] scroll-mt-[calc(var(--header-height)+min(200px,max(70px,20svh)))]\" dir=\"auto\" tabindex=\"-1\" data-turn-id=\"request-WEB:6d4c3039-22b4-46b1-a316-0bf878d137ef-12\" data-testid=\"conversation-turn-26\" data-scroll-anchor=\"true\" data-turn=\"assistant\">\n<div class=\"text-base my-auto mx-auto pb-10 [--thread-content-margin:--spacing(4)] thread-sm:[--thread-content-margin:--spacing(6)] thread-lg:[--thread-content-margin:--spacing(16)] px-(--thread-content-margin)\">\n<div class=\"[--thread-content-max-width:40rem] thread-lg:[--thread-content-max-width:48rem] mx-auto max-w-(--thread-content-max-width) flex-1 group\/turn-messages focus-visible:outline-hidden relative flex w-full min-w-0 flex-col agent-turn\" tabindex=\"-1\">\n<div class=\"flex max-w-full flex-col grow\">\n<div class=\"min-h-8 text-message relative flex w-full flex-col items-end gap-2 text-start break-words whitespace-normal [.text-message+&amp;]:mt-1\" dir=\"auto\" data-message-author-role=\"assistant\" data-message-id=\"145a3faf-9b81-4efc-8c4e-9797c5e37644\" data-message-model-slug=\"gpt-5-thinking\">\n<div class=\"flex w-full flex-col gap-1 empty:hidden first:pt-[1px]\">\n<div class=\"markdown prose dark:prose-invert w-full break-words light markdown-new-styling\">\n<p data-start=\"237\" data-end=\"638\">Das Titanium Pickleball Paddle - Carbon Lightweight Customized wurde als echtes Flaggschiff f\u00fcr seri\u00f6se Marken entwickelt und ist nicht nur ein weiterer Verbundstoff im Katalog. Mit einem typischen Gewicht von 215-227 g (7,6-8,0 oz), einem 16-mm-Polymerkern und einer Schlagfl\u00e4che von 16,0 \u00d7 7,8 Zoll hilft es Ihnen, schnelle Schwunggeschwindigkeit, einen fehlerverzeihenden Sweet Spot und stabilen Kontakt bei jedem Schlag zu kombinieren.<\/p>\n<p data-start=\"237\" data-end=\"638\">Im Mittelpunkt des Designs steht eine mit Titanium durchsetzte Carbonoberfl\u00e4che. Aufpralltests im Labor haben gezeigt, dass Titanium-Gewebe die Oberfl\u00e4chenh\u00e4rte um bis zu 25% im Vergleich zu Standard-Carbon erh\u00f6hen k\u00f6nnen, so dass Sie weniger Risse, weniger Garantier\u00fcckgaben und eine l\u00e4ngere Lebensdauer des Paddels in Clubs und Verleihprogrammen sehen. Das mikrotexturierte Gewebe des Titanium Pickleball Paddles l\u00e4sst Sie den Ball l\u00e4nger greifen und gibt Ihnen mehr Spin bei Aufschl\u00e4gen, W\u00fcrfen und defensiven Lobs.<\/p>\n<p data-start=\"237\" data-end=\"638\">Im Inneren befindet sich ein High-Rebound-Polymer-Wabenkern, der auf ein Power-Control-Verh\u00e4ltnis von etwa 60\/40 abgestimmt ist. Ihre Spieler erhalten eine leichte Tiefe von der Grundlinie, k\u00f6nnen aber immer noch das Tempo des Balls in der K\u00fcche mitnehmen. Wenn Sie einen weicheren Touch oder mehr Pop ben\u00f6tigen, k\u00f6nnen Sie eine Kerndicke von 13-20 mm, Zielgewichtsfenster und Balancepunkte angeben, und wir werden den Belag so bauen, wie Sie verkaufen und wie Ihre Kunden spielen.<\/p>\n<p data-start=\"237\" data-end=\"638\">F\u00fcr Sie als Markeninhaber oder Einkaufsleiter ist die Wiederholbarkeit alles. Bei der Produktion von Titan-Pickleball-Paddeln liegt die Gewichtstoleranz innerhalb von \u00b12 g und die Dicke innerhalb von \u00b10,2 mm, so dass sich jede Auflage in den H\u00e4nden Ihrer Kunden vertraut anf\u00fchlt. Sie k\u00f6nnen Kanten- und Grifffarben, Oberfl\u00e4chengrafiken, gl\u00e4nzende oder matte Oberfl\u00e4chen sowie Einzelhandelsverpackungen und Multipack-L\u00f6sungen f\u00fcr jeden Kanal individuell gestalten.<\/p>\n<p data-start=\"237\" data-end=\"638\">Kurz gesagt, mit dieser Titan-Carbon-Plattform k\u00f6nnen Sie eine klare Leistungsgeschichte erz\u00e4hlen, Ihren Spielern ein schnelleres, haltbareres Paddel bieten und Ihnen ein Premium-Heldenmodell zur Verf\u00fcgung stellen, das stark genug ist, um Ihr Logo in den wettbewerbsintensivsten Pickleballm\u00e4rkten zu tragen.<\/p>\n<\/div>\n<\/div>\n<\/div>\n<\/div>\n<div class=\"z-0 flex min-h-[46px] justify-start\"><\/div>\n<div class=\"mt-3 w-full empty:hidden\">\n<div class=\"text-center\"><\/div>\n<\/div>\n<\/div>\n<\/div>\n<\/article>\n<div class=\"pointer-events-none h-px w-px\" aria-hidden=\"true\" data-edge=\"true\"><\/div>\n<div id=\"gtx-anchor\" style=\"position: absolute; visibility: hidden; left: 350.24px; top: 292.667px; width: 7.5625px; height: 18px;\"><\/div>\n<div class=\"jfk-bubble gtx-bubble\" style=\"visibility: visible; left: -218px; top: 146px; opacity: 1;\" role=\"alertdialog\" aria-describedby=\"bubble-3\">\n<div id=\"bubble-3\" class=\"jfk-bubble-content-id\">\n<div id=\"gtx-host\" style=\"min-width: 200px; max-width: 400px;\"><\/div>\n<\/div>\n<div class=\"jfk-bubble-closebtn-id jfk-bubble-closebtn\" tabindex=\"0\" role=\"button\" aria-label=\"Schlie\u00dfen Sie\"><\/div>\n<div class=\"jfk-bubble-arrow-id jfk-bubble-arrow jfk-bubble-arrowdown\" style=\"left: 344.24px;\">\n<div class=\"jfk-bubble-arrowimplbefore\"><\/div>\n<div class=\"jfk-bubble-arrowimplafter\"><\/div>\n<\/div>\n<\/div>","protected":false},"excerpt":{"rendered":"<p>Leichtes Titanium-Carbon-Pickleball-Paddel (7,6-8,0 oz, 16 mm Kern), das Ihnen eine schnelle Schwunggeschwindigkeit, ein knackiges Gef\u00fchl und eine vollst\u00e4ndige OEM-Anpassung f\u00fcr Grafik, Gewicht und Balance bietet.<\/p>","protected":false},"featured_media":645,"template":"","meta":{"_gspb_post_css":""},"product_brand":[],"product_cat":[21],"product_tag":[65,66,64],"class_list":{"0":"post-644","1":"product","2":"type-product","3":"status-publish","4":"has-post-thumbnail","6":"product_cat-titanium-pickleball-paddle","7":"product_tag-lightweight-carbon-paddle","8":"product_tag-oem-custom-pickleball-paddle","9":"product_tag-titanium-pickleball-paddle","11":"first","12":"instock","13":"shipping-taxable","14":"product-type-simple"},"_links":{"self":[{"href":"https:\/\/lingzhuopickleball.com\/de\/wp-json\/wp\/v2\/product\/644","targetHints":{"allow":["GET"]}}],"collection":[{"href":"https:\/\/lingzhuopickleball.com\/de\/wp-json\/wp\/v2\/product"}],"about":[{"href":"https:\/\/lingzhuopickleball.com\/de\/wp-json\/wp\/v2\/types\/product"}],"wp:featuredmedia":[{"embeddable":true,"href":"https:\/\/lingzhuopickleball.com\/de\/wp-json\/wp\/v2\/media\/645"}],"wp:attachment":[{"href":"https:\/\/lingzhuopickleball.com\/de\/wp-json\/wp\/v2\/media?parent=644"}],"wp:term":[{"taxonomy":"product_brand","embeddable":true,"href":"https:\/\/lingzhuopickleball.com\/de\/wp-json\/wp\/v2\/product_brand?post=644"},{"taxonomy":"product_cat","embeddable":true,"href":"https:\/\/lingzhuopickleball.com\/de\/wp-json\/wp\/v2\/product_cat?post=644"},{"taxonomy":"product_tag","embeddable":true,"href":"https:\/\/lingzhuopickleball.com\/de\/wp-json\/wp\/v2\/product_tag?post=644"}],"curies":[{"name":"wp","href":"https:\/\/api.w.org\/{rel}","templated":true}]}}