{"id":652,"date":"2025-11-06T09:51:32","date_gmt":"2025-11-06T09:51:32","guid":{"rendered":"https:\/\/lingzhuopickleball.com\/?post_type=product&#038;p=652"},"modified":"2025-11-13T16:11:12","modified_gmt":"2025-11-13T08:11:12","slug":"edgeless-pickleball-paddle","status":"publish","type":"product","link":"https:\/\/lingzhuopickleball.com\/de\/produkt\/edgeless-pickleball-paddle\/","title":{"rendered":"Kantenloser Pickleball-Schl\u00e4ger Smile Open Throat Bezale-less"},"content":{"rendered":"<p>Das kantenlose Pickleball-Paddel - Smile Open Throat Bezel-less wurde f\u00fcr Marken entwickelt, die ein Paddel wollen, das anders aussieht und anders spielt. Anstatt den Schl\u00e4ger mit einem separaten, nachtr\u00e4glich aufgeklebten Kunststoffkantenschutz zu versehen, verwendet dieses Modell eine echte kantenlose Unibody-Konstruktion, die das Schlagfl\u00e4chenmaterial sauber um den Umfang wickelt.<\/p>\n<p>Die oberen und unteren Karbonschichten erstrecken sich \u00fcber die Seiten des Paddels und werden mit hochfestem Epoxid unter Hitze und Druck in einem kontrollierten Tiefziehverfahren versiegelt. Das Ergebnis ist eine einzige, durchgehende Schale, in der der Kern fest eingeschlossen ist. F\u00fcr Ihre Spieler bedeutet dies weniger tote Punkte in der N\u00e4he des Randes, einen gleichm\u00e4\u00dfigeren Rebound \u00fcber die gesamte Schlagfl\u00e4che und kein l\u00e4stiges Brummen der Kantensch\u00fctzer oder Abl\u00f6sen mit der Zeit.<\/p>\n<p>Der offene Hals in Form eines L\u00e4chelns verleiht dem Paddel nicht nur eine unverwechselbare visuelle Identit\u00e4t, sondern sorgt auch f\u00fcr eine Umverteilung der Masse in Richtung Kopf und Griff und damit f\u00fcr einen sehr ausgewogenen Schwung. Die Spieler f\u00fchlen sich schnell in der Luft, mit viel Stabilit\u00e4t bei Blocks und Gegenangriffen. Der offene Schl\u00e4gerhals bietet au\u00dferdem zus\u00e4tzlichen Platz f\u00fcr die Platzierung eines Logos oder eines charakteristischen Stylings, das Ihre Linie an der Wand hervorhebt.<\/p>\n<p>F\u00fcr B2B-Kunden kann alles von der Oberfl\u00e4chenbeschaffenheit und dem Oberfl\u00e4chendesign bis hin zur Grifffarbe und Verpackung individuell gestaltet werden. Sie erhalten eine moderne, technisch fortschrittliche \"l\u00fcnettenlose\" Plattform mit einer einfachen Geschichte, die es zu erz\u00e4hlen gilt: Unibody-Konstruktion, klares Design und konsistente Leistung f\u00fcr den schnellen, aggressiven Pickleball von heute.<\/p>","protected":false},"excerpt":{"rendered":"<p>Echtes kantenloses Pickleball-Paddel mit l\u00e4chelnder, offener Kehle und thermogeformter Unibody-Konstruktion. Umwickelte Carbonfl\u00e4che, kein Kunststoffkantenschutz, gr\u00f6\u00dfere spielbare Fl\u00e4che und saubere OEM-Grafiken f\u00fcr moderne Marken und Schl\u00e4ger.<\/p>","protected":false},"featured_media":653,"template":"","meta":{"_gspb_post_css":""},"product_brand":[],"product_cat":[15,17],"product_tag":[67,69,68],"class_list":{"0":"post-652","1":"product","2":"type-product","3":"status-publish","4":"has-post-thumbnail","6":"product_cat-thermoformed-paddle","7":"product_cat-glass-fiber-pickleball-paddle","8":"product_tag-edgeless-pickleball-paddle","9":"product_tag-oem-thermoformed-paddle-supplier","10":"product_tag-open-throat-pickleball-paddle","12":"first","13":"instock","14":"shipping-taxable","15":"product-type-simple"},"_links":{"self":[{"href":"https:\/\/lingzhuopickleball.com\/de\/wp-json\/wp\/v2\/product\/652","targetHints":{"allow":["GET"]}}],"collection":[{"href":"https:\/\/lingzhuopickleball.com\/de\/wp-json\/wp\/v2\/product"}],"about":[{"href":"https:\/\/lingzhuopickleball.com\/de\/wp-json\/wp\/v2\/types\/product"}],"wp:featuredmedia":[{"embeddable":true,"href":"https:\/\/lingzhuopickleball.com\/de\/wp-json\/wp\/v2\/media\/653"}],"wp:attachment":[{"href":"https:\/\/lingzhuopickleball.com\/de\/wp-json\/wp\/v2\/media?parent=652"}],"wp:term":[{"taxonomy":"product_brand","embeddable":true,"href":"https:\/\/lingzhuopickleball.com\/de\/wp-json\/wp\/v2\/product_brand?post=652"},{"taxonomy":"product_cat","embeddable":true,"href":"https:\/\/lingzhuopickleball.com\/de\/wp-json\/wp\/v2\/product_cat?post=652"},{"taxonomy":"product_tag","embeddable":true,"href":"https:\/\/lingzhuopickleball.com\/de\/wp-json\/wp\/v2\/product_tag?post=652"}],"curies":[{"name":"wp","href":"https:\/\/api.w.org\/{rel}","templated":true}]}}