{"id":681,"date":"2025-11-07T10:20:21","date_gmt":"2025-11-07T02:20:21","guid":{"rendered":"https:\/\/lingzhuopickleball.com\/?post_type=product&#038;p=681"},"modified":"2025-11-07T10:20:45","modified_gmt":"2025-11-07T02:20:45","slug":"trufoam-pickleball-paddle","status":"publish","type":"product","link":"https:\/\/lingzhuopickleball.com\/de\/produkt\/trufoam-pickleball-paddle\/","title":{"rendered":"Trufoam Pickleball Paddel 16mm Thermoforming Gen 4 Best"},"content":{"rendered":"<p>Das TruFoam Pickleball Paddle 16mm Thermoforming Gen 4 Racket wurde f\u00fcr Marken und Programme entwickelt, die einen klaren Schritt vorw\u00e4rts von der traditionellen Polypropylen-Wabentechnologie machen wollen. Anstelle von PP-Zellen ist der gesamte Kern dieses Paddels ein einziges St\u00fcck hochdichten TruFoam, entwickelt, um ein einzigartig weiches, kontrolliertes Gef\u00fchl zu liefern, ohne Rebound oder \"Pop\" zu opfern.<\/p>\n<p>Da der gesamte Kern aus Schaumstoff besteht, sind Sie nicht mehr durch die St\u00e4rke der Wabenw\u00e4nde oder die Zellgr\u00f6\u00dfe eingeschr\u00e4nkt. Mit dem TruFoam-System k\u00f6nnen wir Gef\u00fchl, Balance, Gr\u00f6\u00dfe des Sweetspots und Durchschlagskraft \u00fcber das gesamte 16-mm-Profil pr\u00e4zise einstellen. Es gibt keine Einspielzeit und kein Risiko eines Kernbruchs, so dass Ihre Kunden vom ersten Schlag an und \u00fcber Hunderte von Spielstunden hinweg die gleiche lebendige Reaktion erleben.<\/p>\n<p>Die TruFoam Pickleball Paddle Konstruktion verbindet den Schaumstoffkern mit einer starren Au\u00dfenschale in einer einteiligen Struktur. Dies verbessert die Haltbarkeit an den Kanten, h\u00e4lt die Schlagfl\u00e4che flach und erh\u00e4lt die Leistung viel besser als geklebte Kantenschutz-Baugruppen - wichtig f\u00fcr Clubs, Akademien und Einzelh\u00e4ndler, die w\u00f6chentlich viel auf dem Platz stehen.<\/p>\n<p>Ein verl\u00e4ngerter 5,5\u2033-Griff gibt modernen Spielern die zus\u00e4tzliche Reichweite und Hebelwirkung, die sie erwarten. Beidh\u00e4ndige R\u00fcckhandschl\u00e4ge f\u00fchlen sich nat\u00fcrlich an, und der l\u00e4ngere Griff erh\u00f6ht die Schwunggeschwindigkeit bei \u00dcberkopfschl\u00e4gen und Drives, ohne das Gesamtgewicht aus dem idealen Bereich zu dr\u00fccken. Tats\u00e4chliche Griffgr\u00f6\u00dfen k\u00f6nnen bis zu 1\/8\u2033 variieren, so dass Sie Flexibilit\u00e4t in Overgrip und Anpassungsm\u00f6glichkeiten.<\/p>\n<p>Die saubere, perforierte Vorderseite, die auf den Bildern zu sehen ist, bietet eine minimalistische Leinwand f\u00fcr Private-Label-Grafiken oder Co-Branding-Projekte. Sie k\u00f6nnen Farben, Logos, Gewichtsfenster und Verpackungen spezifizieren, um dieses Modell als Flaggschiff in Ihrem erweiterten oder professionellen Sortiment zu positionieren.<\/p>\n<p>Wenn Sie auf der Suche nach einer Hightech-Schaumstoffkern-Alternative sind, die Ihr Angebot deutlich abgrenzt und den Spielern mehr Gef\u00fchl, Kontrolle und Power bietet, ist das TruFoam 16mm Gen 4 Paddel eine \u00fcberzeugende Wahl.<\/p>\n<div id=\"gtx-anchor\" style=\"position: absolute; visibility: hidden; left: 10px; top: 204.667px; width: 180.594px; height: 18px;\"><\/div>\n<div class=\"jfk-bubble gtx-bubble\" style=\"visibility: visible; left: 86px; top: 233px; opacity: 1;\" role=\"alertdialog\" aria-describedby=\"bubble-3\">\n<div id=\"bubble-3\" class=\"jfk-bubble-content-id\">\n<div id=\"gtx-host\" style=\"min-width: 200px; max-width: 400px;\"><\/div>\n<\/div>\n<div class=\"jfk-bubble-closebtn-id jfk-bubble-closebtn\" tabindex=\"0\" role=\"button\" aria-label=\"Schlie\u00dfen Sie\"><\/div>\n<div class=\"jfk-bubble-arrow-id jfk-bubble-arrow jfk-bubble-arrowup\" style=\"left: 90.5px;\">\n<div class=\"jfk-bubble-arrowimplbefore\"><\/div>\n<div class=\"jfk-bubble-arrowimplafter\"><\/div>\n<\/div>\n<\/div>","protected":false},"excerpt":{"rendered":"<p>Trufoam Pickleball Paddle 16mm Thermoforming Gen 4 Racket mit vollem hochdichtem Schaumstoffkern (keine PP-Waben), 5,5\u2033 verl\u00e4ngertem Griff und perforierter Schlagfl\u00e4che f\u00fcr schnellen Schwung, weiche Kontrolle und dauerhafte Leistung auf Profi-Niveau f\u00fcr OEM\/ODM-Marken, Clubs und Einzelh\u00e4ndler.<\/p>\n<div id=\"gtx-anchor\" style=\"position: absolute; visibility: hidden; left: 10px; top: 18.6667px; width: 391.438px; height: 18px;\"><\/div>\n<div class=\"jfk-bubble gtx-bubble\" style=\"visibility: visible; left: 191px; top: 47px; opacity: 1;\" role=\"alertdialog\" aria-describedby=\"bubble-6\">\n<div id=\"bubble-6\" class=\"jfk-bubble-content-id\">\n<div id=\"gtx-host\" style=\"min-width: 200px; max-width: 400px;\"><\/div>\n<\/div>\n<div class=\"jfk-bubble-closebtn-id jfk-bubble-closebtn\" tabindex=\"0\" role=\"button\" aria-label=\"Schlie\u00dfen Sie\"><\/div>\n<div class=\"jfk-bubble-arrow-id jfk-bubble-arrow jfk-bubble-arrowup\" style=\"left: 195.5px;\">\n<div class=\"jfk-bubble-arrowimplbefore\"><\/div>\n<div class=\"jfk-bubble-arrowimplafter\"><\/div>\n<\/div>\n<\/div>","protected":false},"featured_media":683,"template":"","meta":{"_gspb_post_css":""},"product_brand":[],"product_cat":[15],"product_tag":[85,86,84],"class_list":{"0":"post-681","1":"product","2":"type-product","3":"status-publish","4":"has-post-thumbnail","6":"product_cat-thermoformed-paddle","7":"product_tag-foam-core-pickleball-paddle","8":"product_tag-thermoformed-gen-4-paddle","9":"product_tag-trufoam-pickleball-paddle","11":"first","12":"instock","13":"shipping-taxable","14":"product-type-simple"},"_links":{"self":[{"href":"https:\/\/lingzhuopickleball.com\/de\/wp-json\/wp\/v2\/product\/681","targetHints":{"allow":["GET"]}}],"collection":[{"href":"https:\/\/lingzhuopickleball.com\/de\/wp-json\/wp\/v2\/product"}],"about":[{"href":"https:\/\/lingzhuopickleball.com\/de\/wp-json\/wp\/v2\/types\/product"}],"wp:featuredmedia":[{"embeddable":true,"href":"https:\/\/lingzhuopickleball.com\/de\/wp-json\/wp\/v2\/media\/683"}],"wp:attachment":[{"href":"https:\/\/lingzhuopickleball.com\/de\/wp-json\/wp\/v2\/media?parent=681"}],"wp:term":[{"taxonomy":"product_brand","embeddable":true,"href":"https:\/\/lingzhuopickleball.com\/de\/wp-json\/wp\/v2\/product_brand?post=681"},{"taxonomy":"product_cat","embeddable":true,"href":"https:\/\/lingzhuopickleball.com\/de\/wp-json\/wp\/v2\/product_cat?post=681"},{"taxonomy":"product_tag","embeddable":true,"href":"https:\/\/lingzhuopickleball.com\/de\/wp-json\/wp\/v2\/product_tag?post=681"}],"curies":[{"name":"wp","href":"https:\/\/api.w.org\/{rel}","templated":true}]}}