{"id":855,"date":"2025-11-13T15:59:08","date_gmt":"2025-11-13T07:59:08","guid":{"rendered":"https:\/\/lingzhuopickleball.com\/?post_type=product&#038;p=855"},"modified":"2025-11-13T16:04:15","modified_gmt":"2025-11-13T08:04:15","slug":"toray-t-700-carbon-fiber","status":"publish","type":"product","link":"https:\/\/lingzhuopickleball.com\/de\/produkt\/toray-t-700-carbon-fiber\/","title":{"rendered":"Toray T 700 Kohlefaser Pickleball Paddel"},"content":{"rendered":"<p>Das Toray T 700 Carbon Fiber Pickleball Paddle verwendet die Faser, der Wettkampfspieler vertrauen, wenn jeder Ballwechsel z\u00e4hlt. Der hohe Modulus des T 700 h\u00e4lt die Schlagfl\u00e4che davon ab, sich beim Aufprall zu verbiegen, so dass mehr von der Energie, die Sie erzeugen, direkt zur\u00fcck in den Ball geht. Ihre Spieler sp\u00fcren einen knackigen \"Pop\", eine engere Streuung und haben das Selbstvertrauen, tief zu schlagen, Topspin zu spielen und tief sitzende Dinks zu spielen. Wenn Ihre Kunden nach mehr Power und sauberer Kontrolle in einem Paddel fragen, sind sie hier genau richtig.<\/p>\n<p>Die leicht strukturierte Rohkohlenstoffoberfl\u00e4che erh\u00f6ht die Verweildauer und die Reibung und erm\u00f6glicht es Ihnen, den Spin zu formen, ohne dass er sich rau anf\u00fchlt. Unter der Haube h\u00e4lt ein stabiler Polypropylen- (oder optionaler Aramid-) Wabenkern das Gewicht niedrig und vergr\u00f6\u00dfert gleichzeitig den effektiven Sweetspot. Au\u00dfermittige Bl\u00f6cke und Konter bleiben ruhig - genau das, was Ihre Liga- und Turnierkunden wollen.<\/p>\n<p>Langlebigkeit ist eingebaut. Entscheiden Sie sich f\u00fcr ein thermogeformtes Unibody-Perimeter oder ein TPU-Kantensystem; beide sind resistent gegen Delamination und Kantenabl\u00f6sung bei intensiver w\u00f6chentlicher Nutzung des Platzes. Ein schwei\u00dfabsorbierender Griff und eine verst\u00e4rkte Kehle halten das Paddel auch bei langen Trainingseinheiten sicher.<\/p>\n<p>Da Sie eine Produktlinie - und nicht nur eine einzelne SKU - aufbauen, k\u00f6nnen Sie diese definieren:<\/p>\n<ul>\n<li><strong>Zielgewicht:<\/strong>\u00a07,8-8,4 Unzen<\/li>\n<li><strong>Dicke des Kerns:<\/strong>\u00a013-16 mm<\/li>\n<li><strong>L\u00e4nge und Umfang des Griffs:<\/strong>\u00a0g\u00e4ngige 5.3-5.5\u2033 \/ mehrere Griffgr\u00f6\u00dfen<\/li>\n<li><strong>Ausf\u00fchrung und Kosmetik:<\/strong>\u00a0Rohkohle, gewebt oder matt mit UV-stabilen Grafiken<\/li>\n<li><strong>Verpackung:<\/strong>\u00a0Einzelhandel, Club oder E-Commerce bereit<\/li>\n<\/ul>\n<p>Chargenpr\u00fcfungen, COA-Berichte und USAPA-Konformit\u00e4tsdokumente sind auf Anfrage erh\u00e4ltlich, um den Verkauf im Einzelhandel und bei Veranstaltungen zu unterst\u00fctzen. Das Ergebnis ist ein Premium-Flaggschiff, das Ihnen eine klare Geschichte liefert - weniger Energieverlust, mehr Ballgeschwindigkeit und pr\u00e4zise Kontrolle - und Ihren Kunden ein Paddel gibt, dem sie bei gro\u00dfen Punkten vertrauen.<\/p>\n<p>Das Toray T 700 Carbon Fiber Pickleball Paddle verwendet die Faser, der Wettkampfspieler vertrauen, wenn jeder Ballwechsel z\u00e4hlt. Der hohe Modulus des T700 h\u00e4lt die Schlagfl\u00e4che davon ab, sich beim Aufprall zu verbiegen, so dass mehr von der Energie, die Sie erzeugen, direkt zur\u00fcck in den Ball geht. Ihre Spieler sp\u00fcren einen knackigen \"Pop\", eine engere Streuung und haben das Selbstvertrauen, tief zu schlagen, Topspin zu spielen und tief sitzende Dinks zu spielen. Wenn Ihre Kunden nach mehr Power und sauberer Kontrolle in einem Schl\u00e4ger fragen, ist dies der Punkt, an dem Sie sie darauf hinweisen. an der Spitze Ihres Sortiments und lassen Sie Ihre Spieler den Unterschied beim ersten Schwung sp\u00fcren.<\/p>","protected":false},"excerpt":{"rendered":"<p>Das Toray T 700 Carbon Fiber Pickleball Paddle verbindet Power auf Profi-Niveau mit chirurgischer Kontrolle. Die T700 Rohkohlenstoffoberfl\u00e4che maximiert die Steifigkeit und Energier\u00fcckgabe, w\u00e4hrend ein stabiler Wabenkern den Sweet Spot erweitert. OEM\/ODM bereit mit konfigurierbarem Gewicht, Dicke, Griff, Grafiken und Verpackung.<\/p>","protected":false},"featured_media":857,"template":"","meta":{"_gspb_post_css":""},"product_brand":[],"product_cat":[24],"product_tag":[111,110,82],"class_list":{"0":"post-855","1":"product","2":"type-product","3":"status-publish","4":"has-post-thumbnail","6":"product_cat-toray-t-700-carbon-fiber-pickleball-paddle","7":"product_tag-oem-odm-pickleball-supplier","8":"product_tag-raw-carbon-pickleball-paddle","9":"product_tag-t700-carbon-fiber-pickleball-paddle","11":"first","12":"instock","13":"shipping-taxable","14":"product-type-simple"},"_links":{"self":[{"href":"https:\/\/lingzhuopickleball.com\/de\/wp-json\/wp\/v2\/product\/855","targetHints":{"allow":["GET"]}}],"collection":[{"href":"https:\/\/lingzhuopickleball.com\/de\/wp-json\/wp\/v2\/product"}],"about":[{"href":"https:\/\/lingzhuopickleball.com\/de\/wp-json\/wp\/v2\/types\/product"}],"wp:featuredmedia":[{"embeddable":true,"href":"https:\/\/lingzhuopickleball.com\/de\/wp-json\/wp\/v2\/media\/857"}],"wp:attachment":[{"href":"https:\/\/lingzhuopickleball.com\/de\/wp-json\/wp\/v2\/media?parent=855"}],"wp:term":[{"taxonomy":"product_brand","embeddable":true,"href":"https:\/\/lingzhuopickleball.com\/de\/wp-json\/wp\/v2\/product_brand?post=855"},{"taxonomy":"product_cat","embeddable":true,"href":"https:\/\/lingzhuopickleball.com\/de\/wp-json\/wp\/v2\/product_cat?post=855"},{"taxonomy":"product_tag","embeddable":true,"href":"https:\/\/lingzhuopickleball.com\/de\/wp-json\/wp\/v2\/product_tag?post=855"}],"curies":[{"name":"wp","href":"https:\/\/api.w.org\/{rel}","templated":true}]}}