{"id":893,"date":"2025-11-13T22:51:57","date_gmt":"2025-11-13T14:51:57","guid":{"rendered":"https:\/\/lingzhuopickleball.com\/?post_type=product&#038;p=893"},"modified":"2025-11-13T22:51:57","modified_gmt":"2025-11-13T14:51:57","slug":"3d-textured-carbon-fiber-pickleball-paddle","status":"publish","type":"product","link":"https:\/\/lingzhuopickleball.com\/de\/produkt\/3d-textured-carbon-fiber-pickleball-paddle\/","title":{"rendered":"3D texturierte Kohlefaser Pickleball Paddel"},"content":{"rendered":"<p>Das 3D Textured Carbon Fiber Pickleball Paddle wurde f\u00fcr Spieler entwickelt, die Wert auf Pr\u00e4zision legen, ohne dabei auf Power zu verzichten. Es kombiniert einen thermogeformten Unibody mit einer reibungsreichen Oberfl\u00e4che, um in jedem Ballwechsel ein sicheres Spiel zu erm\u00f6glichen.<\/p>\n<p>Der Kern besteht aus mehreren Schichten Toray T700-Kohlefaser, die unter Hitze und Druck miteinander verbunden werden. Dieser fortschrittliche Aufbau, der vollst\u00e4ndig um den Umfang gewickelt ist, schafft eine starre, stabile Struktur, die mehr Energie zur\u00fcck in den Ball \u00fcbertr\u00e4gt und so f\u00fcr einen lebendigeren, konstanteren Bounce sorgt. Die 3D-texturierte Karbonfaser-Oberfl\u00e4che sorgt f\u00fcr Mikro-Grip und Verweilzeit, so dass Sie Topspin bei Drives, Biss bei Rolls und Dinks mit chirurgischem Fingerspitzengef\u00fchl spielen k\u00f6nnen.<\/p>\n<p>Eine strapazierf\u00e4hige, sandgestreute Beschichtung sch\u00fctzt die Oberfl\u00e4che und bewahrt den Spin \u00fcber die Zeit. Das Paddel ist von der USAPA zugelassen und bietet Vereinen, Trainern und Einzelh\u00e4ndlern ein turnierf\u00e4higes Exemplar direkt aus der Verpackung.<\/p>\n<p>F\u00fcr Komfort und Kontrolle haben wir die Oberfl\u00e4chentechnologie mit einem neuen, schlanken Kunstledergriff (Umfang 4,33 Zoll) kombiniert, der Schwei\u00df ableitet und rutschfest ist. Der Sweetspot f\u00fcr Reichweite, Stabilit\u00e4t und Man\u00f6vrierbarkeit ist getroffen.<\/p>\n<p>Warum es sich f\u00fcr Ihr Lineup lohnt<\/p>\n<p>Thermogeformte, vollst\u00e4ndig mit Carbon ummantelte Konstruktion f\u00fcr Leistung und Haltbarkeit<\/p>\n<p>3D texturierte Kohlefaser-Oberfl\u00e4che f\u00fcr erstklassigen Spin und Kontrolle<\/p>\n<p>Leicht, leise und erm\u00fcdungsmindernd f\u00fcr l\u00e4ngere Sitzungen<\/p>\n<p>Turnierkonform mit dem USAPA-Zulassungslabel<\/p>\n<p>Dieses Paddel ist ideal f\u00fcr leistungsorientierte Spieler und Programme. Es verbessert das Matchplay und vereinfacht den Verkauf: gleichbleibende Qualit\u00e4t, Funktionen auf Profi-Niveau und Spezifikationen, die Sportler sofort sp\u00fcren. Ben\u00f6tigen Sie ein individuelles Branding oder eine spezielle Abstimmung? Optionen sind verf\u00fcgbar.<\/p>","protected":false},"excerpt":{"rendered":"<p>3D-texturiertes Carbon-Pickleball-Paddel mit T700-Schichten und sandgestreuter Schlagfl\u00e4che f\u00fcr erstklassigen Spin, Kontrolle und echten Bounce. Der Vollkarbonrahmen sorgt f\u00fcr zus\u00e4tzliche Kraft und Stabilit\u00e4t. USAPA-gepr\u00fcft. 15.9\u00d78\u00d70.63 in, 7.68 oz, 4.92 in Griff, 4.33 in schwei\u00dfableitendem, rutschfestem Griff.<\/p>","protected":false},"featured_media":844,"template":"","meta":{"_gspb_post_css":""},"product_brand":[],"product_cat":[107,81,24],"product_tag":[115,116,36],"class_list":{"0":"post-893","1":"product","2":"type-product","3":"status-publish","4":"has-post-thumbnail","6":"product_cat-3d-textured-carbon-fiber-pickleball-paddle","7":"product_cat-t-700-carbon-fiber-pickleball-paddle","8":"product_cat-toray-t-700-carbon-fiber-pickleball-paddle","9":"product_tag-3d-textured-carbon-fiber-paddle","10":"product_tag-oem-pickleball-manufacturer","11":"product_tag-usapa-approved-pickleball-paddle","13":"first","14":"instock","15":"shipping-taxable","16":"product-type-simple"},"_links":{"self":[{"href":"https:\/\/lingzhuopickleball.com\/de\/wp-json\/wp\/v2\/product\/893","targetHints":{"allow":["GET"]}}],"collection":[{"href":"https:\/\/lingzhuopickleball.com\/de\/wp-json\/wp\/v2\/product"}],"about":[{"href":"https:\/\/lingzhuopickleball.com\/de\/wp-json\/wp\/v2\/types\/product"}],"wp:featuredmedia":[{"embeddable":true,"href":"https:\/\/lingzhuopickleball.com\/de\/wp-json\/wp\/v2\/media\/844"}],"wp:attachment":[{"href":"https:\/\/lingzhuopickleball.com\/de\/wp-json\/wp\/v2\/media?parent=893"}],"wp:term":[{"taxonomy":"product_brand","embeddable":true,"href":"https:\/\/lingzhuopickleball.com\/de\/wp-json\/wp\/v2\/product_brand?post=893"},{"taxonomy":"product_cat","embeddable":true,"href":"https:\/\/lingzhuopickleball.com\/de\/wp-json\/wp\/v2\/product_cat?post=893"},{"taxonomy":"product_tag","embeddable":true,"href":"https:\/\/lingzhuopickleball.com\/de\/wp-json\/wp\/v2\/product_tag?post=893"}],"curies":[{"name":"wp","href":"https:\/\/api.w.org\/{rel}","templated":true}]}}