{"id":595,"date":"2025-11-05T08:24:09","date_gmt":"2025-11-05T08:24:09","guid":{"rendered":"https:\/\/lingzhuopickleball.com\/?post_type=product&#038;p=595"},"modified":"2025-12-01T11:44:58","modified_gmt":"2025-12-01T03:44:58","slug":"thermoformed-paddle","status":"publish","type":"product","link":"https:\/\/lingzhuopickleball.com\/es\/producto\/thermoformed-paddle\/","title":{"rendered":"Pol\u00edmero termoformado nido de abeja Pickleball Paddle Whosale"},"content":{"rendered":"<p data-start=\"341\" data-end=\"515\">1. Nuestra pala de pickleball de pol\u00edmero termoformado en forma de panal est\u00e1 dise\u00f1ada para marcas y distribuidores que necesitan un rendimiento fiable, una calidad constante y una personalizaci\u00f3n flexible.<\/p>\n<p>2. El perfil de 418 \u00d7 190 mm, con un n\u00facleo de nido de abeja de PP en opciones de 13,3 mm o 16 mm y un grosor total de 16\/19 mm (incluido el protector del borde), ofrece un punto dulce estable y salvaje para jugadores de todos los niveles. Su construcci\u00f3n ligera de 230 g reduce la fatiga del brazo al tiempo que mantiene la masa suficiente para realizar drives penetrantes y bloqueos s\u00f3lidos en la cocina.<\/p>\n<p>3 . Una superficie de fibra de carbono esmerilada se une t\u00e9rmicamente al n\u00facleo de nido de abeja para crear una sensaci\u00f3n n\u00edtida y sensible con un excelente potencial de spin y durabilidad a largo plazo. Los n\u00facleos de pol\u00edmero y fibra de aramida est\u00e1n disponibles para ajustar la potencia, el tacto y el sonido a su mercado objetivo.<\/p>\n<p>4. El mango ergon\u00f3mico, de 135-140 mm (5,3-5,5\u2033), utiliza una empu\u00f1adura de cuero PU de 1,5 mm para un agarre seguro y antideslizante, y puede suministrarse en formas y colores personalizados. El protector de bordes de PVC\/TPU, el anillo de goma y la tapa reforzada del mango de PP garantizan la protecci\u00f3n contra impactos en caso de golpes fuertes o ca\u00eddas.<\/p>\n<p>5 . Ofrecemos un servicio completo de OEM\/ODM, que incluye ilustraciones personalizadas con impresi\u00f3n UV de alta definici\u00f3n, grabado de logotipos, dimensiones de las palas, intervalos de peso y adaptaci\u00f3n del tama\u00f1o\/color a las directrices de su marca. El embalaje puede ser una bolsa OPP, una bolsa colgante, una caja de cart\u00f3n de color o una funda premium para palas que se adapte a los distintos canales de venta al por menor y de comercio electr\u00f3nico. Tanto si lanza una nueva l\u00ednea de palas como si actualiza una gama existente, este modelo termoformado le ofrece un rendimiento estable para crear un producto diferenciado y de alto margen para su negocio de pickleball.<\/p>\n<p>6. Estricta inspecci\u00f3n de materiales, controles de calidad durante el proceso y control final del peso y el equilibrio de cada pala. 7. El soporte de ingenier\u00eda dedicado, el muestreo r\u00e1pido y las pol\u00edticas de MOQ flexibles reducen a\u00fan m\u00e1s su riesgo de desarrollo y aceleran el lanzamiento de su pr\u00f3ximo producto.<\/p>\n<div class=\"jfk-bubble gtx-bubble\" style=\"visibility: visible; left: 1px; top: 57px; opacity: 1;\" role=\"alertdialog\" aria-describedby=\"bubble-2\">\n<div class=\"jfk-bubble-arrow-id jfk-bubble-arrow jfk-bubble-arrowup\" style=\"left: 15px;\">\n<div class=\"jfk-bubble-arrowimplafter\"><\/div>\n<\/div>\n<\/div>","protected":false},"excerpt":{"rendered":"<p>Pala de pickleball de pol\u00edmero termoformado en forma de panal con cara de fibra de carbono esmerilada, n\u00facleo de PP de 16\/19 mm y 230 g de peso, dise\u00f1ada para ofrecer potencia, control y durabilidad; tama\u00f1os, colores, marca y embalaje OEM\/ODM para proyectos profesionales al por mayor.<\/p>","protected":false},"featured_media":601,"template":"","meta":{"_gspb_post_css":""},"product_brand":[],"product_cat":[15,108],"product_tag":[34,33,32],"class_list":{"0":"post-595","1":"product","2":"type-product","3":"status-publish","4":"has-post-thumbnail","6":"product_cat-thermoformed-paddle","7":"product_cat-3k-carbon-fiber-pickleball-paddle","8":"product_tag-oem-odm-pickleball-manufacturer","9":"product_tag-polymer-honeycomb-paddle","10":"product_tag-thermoformed-pickleball-paddle","12":"first","13":"instock","14":"shipping-taxable","15":"product-type-simple"},"_links":{"self":[{"href":"https:\/\/lingzhuopickleball.com\/es\/wp-json\/wp\/v2\/product\/595","targetHints":{"allow":["GET"]}}],"collection":[{"href":"https:\/\/lingzhuopickleball.com\/es\/wp-json\/wp\/v2\/product"}],"about":[{"href":"https:\/\/lingzhuopickleball.com\/es\/wp-json\/wp\/v2\/types\/product"}],"wp:featuredmedia":[{"embeddable":true,"href":"https:\/\/lingzhuopickleball.com\/es\/wp-json\/wp\/v2\/media\/601"}],"wp:attachment":[{"href":"https:\/\/lingzhuopickleball.com\/es\/wp-json\/wp\/v2\/media?parent=595"}],"wp:term":[{"taxonomy":"product_brand","embeddable":true,"href":"https:\/\/lingzhuopickleball.com\/es\/wp-json\/wp\/v2\/product_brand?post=595"},{"taxonomy":"product_cat","embeddable":true,"href":"https:\/\/lingzhuopickleball.com\/es\/wp-json\/wp\/v2\/product_cat?post=595"},{"taxonomy":"product_tag","embeddable":true,"href":"https:\/\/lingzhuopickleball.com\/es\/wp-json\/wp\/v2\/product_tag?post=595"}],"curies":[{"name":"wp","href":"https:\/\/api.w.org\/{rel}","templated":true}]}}