{"id":608,"date":"2025-11-06T04:14:30","date_gmt":"2025-11-06T04:14:30","guid":{"rendered":"https:\/\/lingzhuopickleball.com\/?post_type=product&#038;p=608"},"modified":"2025-11-06T07:50:58","modified_gmt":"2025-11-06T07:50:58","slug":"3d-18k-carbon-fiber","status":"publish","type":"product","link":"https:\/\/lingzhuopickleball.com\/es\/producto\/3d-18k-carbon-fiber\/","title":{"rendered":"3D 18K Carbon Fiber Pickleball Paddle - USAPA Approved"},"content":{"rendered":"<p>Dise\u00f1ado para jugadores serios y programas exigentes, el 3D 18K Carbon Fiber Pickleball Paddle - USAPA Approved - est\u00e1 construido para convertir cada swing en un arma controlada. La cara utiliza el estado de la t\u00e9cnica de fibra de carbono 3D 18K en un verdadero tejido triaxial, con tres hilos entrelazados establecidos en \u00e1ngulos de 60 grados. Esta estructura multidireccional estabiliza la cara en el impacto, muerde la bola desde cualquier direcci\u00f3n y aumenta dr\u00e1sticamente el potencial de spin en comparaci\u00f3n con las palas de carbono en bruto unidireccionales convencionales.<\/p>\n<p>Para marcas, clubes y academias de entrenamiento, esta construcci\u00f3n es un verdadero diferenciador. La superficie 3D 18K proporciona a su l\u00ednea una historia t\u00e9cnica claramente visible que los jugadores avanzados reconocen inmediatamente: mayor fricci\u00f3n, mayor tiempo de permanencia y un retorno de energ\u00eda superior en cada golpe. Tanto si sus clientes juegan en individuales como en dobles, experimentar\u00e1n un mayor control en los golpes directos, un mayor efecto en los servicios y una defensa m\u00e1s segura contra los jugadores potentes.<\/p>\n<p>Respaldado por la aprobaci\u00f3n de la USAPA, este modelo est\u00e1 listo para jugar en torneos autorizados nada m\u00e1s sacarlo de la caja. Comb\u00ednelo con su propio logotipo, colores y embalaje para crear una gama de palas de alto rendimiento que destaque en la pared y en la pista. El resultado es una pala de pickleball moderna y preparada para los torneos que ayuda a su empresa a ganar m\u00e1s jugadores serios, temporada tras temporada.<\/p>","protected":false},"excerpt":{"rendered":"<p>Pala de pickleball de fibra de carbono 3D 18K aprobada por la USAPA con tejido triaxial para efectos explosivos, control y toque. El dise\u00f1o de 16 mm y 8,0 oz ofrece una maniobrabilidad r\u00e1pida y un rendimiento de nivel profesional para clubes, entrenadores y marcas que buscan palas termoformadas de primera calidad.<\/p>\n<div class=\"jfk-bubble gtx-bubble\" style=\"visibility: visible; left: 50px; top: 47px; opacity: 1;\" role=\"alertdialog\" aria-describedby=\"bubble-2\">\n<div class=\"jfk-bubble-closebtn-id jfk-bubble-closebtn\" tabindex=\"0\" role=\"button\" aria-label=\"Cerrar\"><\/div>\n<div class=\"jfk-bubble-arrow-id jfk-bubble-arrow jfk-bubble-arrowup\" style=\"left: 54.5px;\">\n<div class=\"jfk-bubble-arrowimplbefore\"><\/div>\n<div class=\"jfk-bubble-arrowimplafter\"><\/div>\n<\/div>\n<\/div>","protected":false},"featured_media":609,"template":"","meta":{"_gspb_post_css":""},"product_brand":[],"product_cat":[23],"product_tag":[35,37,36],"class_list":{"0":"post-608","1":"product","2":"type-product","3":"status-publish","4":"has-post-thumbnail","6":"product_cat-3d-18k-carbon-fiber-pickleball-paddle","7":"product_tag-3d-18k-carbon-fiber-paddle","8":"product_tag-oem-pickleball-paddle-supplier","9":"product_tag-usapa-approved-pickleball-paddle","11":"first","12":"instock","13":"shipping-taxable","14":"product-type-simple"},"_links":{"self":[{"href":"https:\/\/lingzhuopickleball.com\/es\/wp-json\/wp\/v2\/product\/608","targetHints":{"allow":["GET"]}}],"collection":[{"href":"https:\/\/lingzhuopickleball.com\/es\/wp-json\/wp\/v2\/product"}],"about":[{"href":"https:\/\/lingzhuopickleball.com\/es\/wp-json\/wp\/v2\/types\/product"}],"wp:featuredmedia":[{"embeddable":true,"href":"https:\/\/lingzhuopickleball.com\/es\/wp-json\/wp\/v2\/media\/609"}],"wp:attachment":[{"href":"https:\/\/lingzhuopickleball.com\/es\/wp-json\/wp\/v2\/media?parent=608"}],"wp:term":[{"taxonomy":"product_brand","embeddable":true,"href":"https:\/\/lingzhuopickleball.com\/es\/wp-json\/wp\/v2\/product_brand?post=608"},{"taxonomy":"product_cat","embeddable":true,"href":"https:\/\/lingzhuopickleball.com\/es\/wp-json\/wp\/v2\/product_cat?post=608"},{"taxonomy":"product_tag","embeddable":true,"href":"https:\/\/lingzhuopickleball.com\/es\/wp-json\/wp\/v2\/product_tag?post=608"}],"curies":[{"name":"wp","href":"https:\/\/api.w.org\/{rel}","templated":true}]}}