{"id":613,"date":"2025-11-06T06:55:32","date_gmt":"2025-11-06T06:55:32","guid":{"rendered":"https:\/\/lingzhuopickleball.com\/?post_type=product&#038;p=613"},"modified":"2025-11-17T15:22:25","modified_gmt":"2025-11-17T07:22:25","slug":"glass-fiber-pickleball","status":"publish","type":"product","link":"https:\/\/lingzhuopickleball.com\/es\/producto\/glass-fiber-pickleball\/","title":{"rendered":"Raquetas de Pickleball de Fibra de Vidrio PP Panal Impresi\u00f3n UV"},"content":{"rendered":"<p>1.  La raqueta de Pickleball de fibra de vidrio con n\u00facleo de nido de abeja de PP e impresi\u00f3n UV est\u00e1 dise\u00f1ada para usted si gestiona una marca, club o programa y necesita una pala que sea f\u00e1cil de jugar y f\u00e1cil de personalizar.<\/p>\n<p>2. La cara est\u00e1 fabricada con fibra de vidrio resistente, lo que proporciona a los jugadores una sensaci\u00f3n limpia y n\u00edtida en cada golpe. En el interior, el n\u00facleo de nido de abeja de PP mantiene el peso bajo a la vez que tiene un sonido n\u00edtido y proporciona una respuesta estable y m\u00e1s directa. Con un tama\u00f1o de 400 mm \u00d7 200 mm y alrededor de 230 g, la pala es lo suficientemente ligera para largas sesiones y lo suficientemente s\u00f3lida para realizar drives, bloqueos y voleas con confianza. Los adultos principiantes y los jugadores en perfeccionamiento se sienten r\u00e1pidamente en control en lugar de luchar contra un equipo pesado.<\/p>\n<p>3. Donde este modelo realmente funciona para usted es en la personalizaci\u00f3n. La forma de la pala, el color de los bordes y el dise\u00f1o de la superficie pueden adaptarse a su idea. La impresi\u00f3n UV de alta definici\u00f3n te permite dar vida a degradados atrevidos, logotipos detallados y elementos de marca limpios sin decoloraci\u00f3n, para que tus palas luzcan frescas en la pared y en la pista.<\/p>\n<p>4. Tambi\u00e9n puede especificar el envoltorio del asa, el estilo de agarre y el dise\u00f1o de la bolsa de transporte para crear juegos de marca completos para minoristas, programas escolares o eventos corporativos. Los detalles de embalaje, desde bolsas de polietileno individuales hasta cajas de regalo y cartones maestros, se ajustan a su log\u00edstica, ayud\u00e1ndole a ahorrar espacio de transporte y almacenamiento.<\/p>\n<p>5. Fabricado en Guangdong, China, este modelo se construye para proyectos OEM\/ODM bajo su propia etiqueta. Su calidad estable, peso consistente y marca flexible la convierten en una pr\u00e1ctica pala base para nuevas colecciones o l\u00edneas de marca propia. Si desea una pala de fibra de vidrio flexible y ligera con la que los jugadores disfruten y que su equipo de ventas presente con confianza, esta pala de PP en nido de abeja con impresi\u00f3n UV es una buena elecci\u00f3n para su pr\u00f3ximo pedido.<\/p>","protected":false},"excerpt":{"rendered":"<p>Raqueta de pickleball ligera de fibra de vidrio con n\u00facleo de nido de abeja de PP, de 40\u00d720 cm y s\u00f3lo 220 g. Forma, gr\u00e1ficos UV, empu\u00f1adura y embalaje totalmente personalizables, ideal para marcas, clubes y distribuidores que busquen proyectos de palas OEM\/ODM.<\/p>","protected":false},"featured_media":497,"template":"","meta":{"_gspb_post_css":""},"product_brand":[],"product_cat":[17],"product_tag":[38,40,39],"class_list":{"0":"post-613","1":"product","2":"type-product","3":"status-publish","4":"has-post-thumbnail","6":"product_cat-glass-fiber-pickleball-paddle","7":"product_tag-glass-fiber-pickleball-racket","8":"product_tag-oem-uv-printing-pickleball-paddle","9":"product_tag-pp-honeycomb-pickleball-paddle","11":"first","12":"instock","13":"shipping-taxable","14":"product-type-simple"},"_links":{"self":[{"href":"https:\/\/lingzhuopickleball.com\/es\/wp-json\/wp\/v2\/product\/613","targetHints":{"allow":["GET"]}}],"collection":[{"href":"https:\/\/lingzhuopickleball.com\/es\/wp-json\/wp\/v2\/product"}],"about":[{"href":"https:\/\/lingzhuopickleball.com\/es\/wp-json\/wp\/v2\/types\/product"}],"wp:featuredmedia":[{"embeddable":true,"href":"https:\/\/lingzhuopickleball.com\/es\/wp-json\/wp\/v2\/media\/497"}],"wp:attachment":[{"href":"https:\/\/lingzhuopickleball.com\/es\/wp-json\/wp\/v2\/media?parent=613"}],"wp:term":[{"taxonomy":"product_brand","embeddable":true,"href":"https:\/\/lingzhuopickleball.com\/es\/wp-json\/wp\/v2\/product_brand?post=613"},{"taxonomy":"product_cat","embeddable":true,"href":"https:\/\/lingzhuopickleball.com\/es\/wp-json\/wp\/v2\/product_cat?post=613"},{"taxonomy":"product_tag","embeddable":true,"href":"https:\/\/lingzhuopickleball.com\/es\/wp-json\/wp\/v2\/product_tag?post=613"}],"curies":[{"name":"wp","href":"https:\/\/api.w.org\/{rel}","templated":true}]}}