{"id":626,"date":"2025-11-06T08:09:36","date_gmt":"2025-11-06T08:09:36","guid":{"rendered":"https:\/\/lingzhuopickleball.com\/?post_type=product&#038;p=626"},"modified":"2025-11-06T08:13:10","modified_gmt":"2025-11-06T08:13:10","slug":"kevlar-pickleball-paddle","status":"publish","type":"product","link":"https:\/\/lingzhuopickleball.com\/es\/producto\/kevlar-pickleball-paddle\/","title":{"rendered":"Kevlar Pickleball Paddle Hot-Pressed N\u00facleo de nido de abeja duradero"},"content":{"rendered":"<p>La Kevlar Pickleball Paddle - Hot-Pressed Durable Honeycomb Core est\u00e1 construida para jugadores y programas que exigen dureza y sensaci\u00f3n en el mismo marco. En lugar de una superficie tradicional s\u00f3lo de carbono, esta pala utiliza una cara de fibra Kevlar tejida que se termoforma a baja temperatura para proteger la integridad de cada filamento. Las fibras se flexionan ligeramente en el impacto, aumentando el tiempo de permanencia y dando a los jugadores m\u00e1s retroalimentaci\u00f3n y control direccional.<\/p>\n<p>Bajo la cara de Kevlar, un n\u00facleo de nido de abeja de alto rendimiento prensado en caliente mantiene la estructura ligera, estable y consistente en toda la zona de golpeo. Esta construcci\u00f3n ampl\u00eda el punto dulce efectivo y reduce la vibraci\u00f3n, ayudando a proteger el brazo durante las largas sesiones de entrenamiento y el uso de palos de alto volumen.<\/p>\n<p>Debido a que la cara de la pala de kevlar es m\u00e1s tolerante que la de carbono, la pala de kevlar se adapta a una amplia gama de jugadores, desde principiantes hasta atletas de ligas competitivas a los que les gusta jugar un estilo agresivo sin sacrificar el toque. Los entrenadores notar\u00e1n que los mishits se quedan en juego m\u00e1s a menudo, mientras que los jugadores experimentados todav\u00eda pueden conducir la bola con autoridad.<\/p>\n<p>Para marcas, clubes y distribuidores, esta pala ofrece una clara historia de diferenciaci\u00f3n: Construcci\u00f3n en Kevlar para una durabilidad superior, un tacto \u00fanico y una larga vida \u00fatil. El color del canto, el estilo de la empu\u00f1adura y el patr\u00f3n cosm\u00e9tico pueden personalizarse para adaptarse a su l\u00ednea, lo que le proporciona un producto t\u00e9cnico de primera calidad que destaca en la pared y sigue rindiendo temporada tras temporada.<\/p>","protected":false},"excerpt":{"rendered":"<p>Pala de pickleball Kevlar con n\u00facleo de nido de abeja prensado en caliente, duradera, de tacto tolerante y potencia y control equilibrados, ideal para marcas y clubes que buscan palas OEM duraderas.<\/p>","protected":false},"featured_media":627,"template":"","meta":{"_gspb_post_css":""},"product_brand":[],"product_cat":[20],"product_tag":[60,59,61],"class_list":{"0":"post-626","1":"product","2":"type-product","3":"status-publish","4":"has-post-thumbnail","6":"product_cat-kevlar-pickleball-paddle","7":"product_tag-hot-pressed-honeycomb-core-paddle","8":"product_tag-kevlar-pickleball-paddle","9":"product_tag-oem-kevlar-paddle-supplier","11":"first","12":"instock","13":"shipping-taxable","14":"product-type-simple"},"_links":{"self":[{"href":"https:\/\/lingzhuopickleball.com\/es\/wp-json\/wp\/v2\/product\/626","targetHints":{"allow":["GET"]}}],"collection":[{"href":"https:\/\/lingzhuopickleball.com\/es\/wp-json\/wp\/v2\/product"}],"about":[{"href":"https:\/\/lingzhuopickleball.com\/es\/wp-json\/wp\/v2\/types\/product"}],"wp:featuredmedia":[{"embeddable":true,"href":"https:\/\/lingzhuopickleball.com\/es\/wp-json\/wp\/v2\/media\/627"}],"wp:attachment":[{"href":"https:\/\/lingzhuopickleball.com\/es\/wp-json\/wp\/v2\/media?parent=626"}],"wp:term":[{"taxonomy":"product_brand","embeddable":true,"href":"https:\/\/lingzhuopickleball.com\/es\/wp-json\/wp\/v2\/product_brand?post=626"},{"taxonomy":"product_cat","embeddable":true,"href":"https:\/\/lingzhuopickleball.com\/es\/wp-json\/wp\/v2\/product_cat?post=626"},{"taxonomy":"product_tag","embeddable":true,"href":"https:\/\/lingzhuopickleball.com\/es\/wp-json\/wp\/v2\/product_tag?post=626"}],"curies":[{"name":"wp","href":"https:\/\/api.w.org\/{rel}","templated":true}]}}