{"id":644,"date":"2025-11-06T09:09:46","date_gmt":"2025-11-06T09:09:46","guid":{"rendered":"https:\/\/lingzhuopickleball.com\/?post_type=product&#038;p=644"},"modified":"2025-11-06T09:09:46","modified_gmt":"2025-11-06T09:09:46","slug":"titanium-pickleball-paddle","status":"publish","type":"product","link":"https:\/\/lingzhuopickleball.com\/es\/producto\/titanium-pickleball-paddle\/","title":{"rendered":"Titanio Pickleball Pala Carbono Ligera Personalizada"},"content":{"rendered":"<article class=\"text-token-text-primary w-full focus:outline-none [--shadow-height:45px] has-data-writing-block:pointer-events-none has-data-writing-block:-mt-(--shadow-height) has-data-writing-block:pt-(--shadow-height) [&amp;:has([data-writing-block])&gt;*]:pointer-events-auto [content-visibility:auto] supports-[content-visibility:auto]:[contain-intrinsic-size:auto_100lvh] scroll-mt-[calc(var(--header-height)+min(200px,max(70px,20svh)))]\" dir=\"auto\" tabindex=\"-1\" data-turn-id=\"request-WEB:6d4c3039-22b4-46b1-a316-0bf878d137ef-12\" data-testid=\"conversation-turn-26\" data-scroll-anchor=\"true\" data-turn=\"assistant\">\n<div class=\"text-base my-auto mx-auto pb-10 [--thread-content-margin:--spacing(4)] thread-sm:[--thread-content-margin:--spacing(6)] thread-lg:[--thread-content-margin:--spacing(16)] px-(--thread-content-margin)\">\n<div class=\"[--thread-content-max-width:40rem] thread-lg:[--thread-content-max-width:48rem] mx-auto max-w-(--thread-content-max-width) flex-1 group\/turn-messages focus-visible:outline-hidden relative flex w-full min-w-0 flex-col agent-turn\" tabindex=\"-1\">\n<div class=\"flex max-w-full flex-col grow\">\n<div class=\"min-h-8 text-message relative flex w-full flex-col items-end gap-2 text-start break-words whitespace-normal [.text-message+&amp;]:mt-1\" dir=\"auto\" data-message-author-role=\"assistant\" data-message-id=\"145a3faf-9b81-4efc-8c4e-9797c5e37644\" data-message-model-slug=\"gpt-5-thinking\">\n<div class=\"flex w-full flex-col gap-1 empty:hidden first:pt-[1px]\">\n<div class=\"markdown prose dark:prose-invert w-full break-words light markdown-new-styling\">\n<p data-start=\"237\" data-end=\"638\">La Titanium Pickleball Paddle - Carbon Lightweight Customized est\u00e1 dise\u00f1ada como un verdadero buque insignia para las marcas serias, no como un compuesto m\u00e1s del cat\u00e1logo. Con un peso t\u00edpico de 215-227 g (7,6-8,0 oz), un n\u00facleo de pol\u00edmero de 16 mm y una cara de 16,0 \u00d7 7,8 pulgadas, te ayuda a combinar una velocidad de swing r\u00e1pida, un punto dulce tolerante y un contacto estable en cada golpe.<\/p>\n<p data-start=\"237\" data-end=\"638\">Una superficie de carbono con infusi\u00f3n de titanio se sit\u00faa en el centro del dise\u00f1o. Las pruebas de impacto en laboratorio demuestran que los tejidos de titanio pueden aumentar la resistencia de la superficie hasta 25% en comparaci\u00f3n con el carbono est\u00e1ndar, por lo que se ven menos grietas, menos devoluciones de garant\u00eda y una mayor vida \u00fatil de la pala en los programas de clubes y de alquiler. El tejido microtexturizado Titanium Pickleball Paddle te permite agarrar la pelota durante m\u00e1s tiempo, d\u00e1ndote m\u00e1s efecto en los saques, rollos y lobs defensivos.<\/p>\n<p data-start=\"237\" data-end=\"638\">En el interior, un n\u00facleo de pol\u00edmero de alto rebote en forma de panal est\u00e1 ajustado a una relaci\u00f3n potencia-control de aproximadamente 60\/40. Sus jugadores consiguen una profundidad f\u00e1cil desde la l\u00ednea de fondo, pero a\u00fan as\u00ed les permite coger velocidad con la pelota en la cocina. Si necesita un toque m\u00e1s suave o m\u00e1s chispa, puede especificar el grosor del n\u00facleo entre 13 y 20 mm, las ventanas de peso objetivo y los puntos de equilibrio, y nosotros construiremos la composici\u00f3n en funci\u00f3n de su forma de vender y de la forma de jugar de sus clientes.<\/p>\n<p data-start=\"237\" data-end=\"638\">Para usted, como propietario de una marca o director de compras, la repetibilidad lo es todo. La producci\u00f3n de palas de titanio para Pickleball mantiene la tolerancia de peso dentro de \u00b12 g y el grosor dentro de \u00b10,2 mm, de modo que cada tirada resulte familiar a sus clientes. Puede personalizar los colores de los bordes y la empu\u00f1adura, los gr\u00e1ficos de la cara, el acabado brillante o mate, adem\u00e1s de las soluciones de envasado al por menor y multienvase para adaptarse a cada canal.<\/p>\n<p data-start=\"237\" data-end=\"638\">En resumen, esta plataforma de titanio-carbono le permite contar una historia de rendimiento clara, ofrece a sus jugadores una pala m\u00e1s r\u00e1pida y duradera, y le proporciona un modelo h\u00e9roe premium lo suficientemente fuerte como para llevar su logotipo a los mercados de pickleball m\u00e1s competitivos.<\/p>\n<\/div>\n<\/div>\n<\/div>\n<\/div>\n<div class=\"z-0 flex min-h-[46px] justify-start\"><\/div>\n<div class=\"mt-3 w-full empty:hidden\">\n<div class=\"text-center\"><\/div>\n<\/div>\n<\/div>\n<\/div>\n<\/article>\n<div class=\"pointer-events-none h-px w-px\" aria-hidden=\"true\" data-edge=\"true\"><\/div>\n<div id=\"gtx-anchor\" style=\"position: absolute; visibility: hidden; left: 350.24px; top: 292.667px; width: 7.5625px; height: 18px;\"><\/div>\n<div class=\"jfk-bubble gtx-bubble\" style=\"visibility: visible; left: -218px; top: 146px; opacity: 1;\" role=\"alertdialog\" aria-describedby=\"bubble-3\">\n<div id=\"bubble-3\" class=\"jfk-bubble-content-id\">\n<div id=\"gtx-host\" style=\"min-width: 200px; max-width: 400px;\"><\/div>\n<\/div>\n<div class=\"jfk-bubble-closebtn-id jfk-bubble-closebtn\" tabindex=\"0\" role=\"button\" aria-label=\"Cerrar\"><\/div>\n<div class=\"jfk-bubble-arrow-id jfk-bubble-arrow jfk-bubble-arrowdown\" style=\"left: 344.24px;\">\n<div class=\"jfk-bubble-arrowimplbefore\"><\/div>\n<div class=\"jfk-bubble-arrowimplafter\"><\/div>\n<\/div>\n<\/div>","protected":false},"excerpt":{"rendered":"<p>Pala de pickleball ligera de titanio-carbono (7,6-8,0 oz, n\u00facleo de 16 mm) que le proporciona una velocidad de swing r\u00e1pida, una sensaci\u00f3n n\u00edtida y una personalizaci\u00f3n OEM completa para gr\u00e1ficos, peso y equilibrio.<\/p>","protected":false},"featured_media":645,"template":"","meta":{"_gspb_post_css":""},"product_brand":[],"product_cat":[21],"product_tag":[65,66,64],"class_list":{"0":"post-644","1":"product","2":"type-product","3":"status-publish","4":"has-post-thumbnail","6":"product_cat-titanium-pickleball-paddle","7":"product_tag-lightweight-carbon-paddle","8":"product_tag-oem-custom-pickleball-paddle","9":"product_tag-titanium-pickleball-paddle","11":"first","12":"instock","13":"shipping-taxable","14":"product-type-simple"},"_links":{"self":[{"href":"https:\/\/lingzhuopickleball.com\/es\/wp-json\/wp\/v2\/product\/644","targetHints":{"allow":["GET"]}}],"collection":[{"href":"https:\/\/lingzhuopickleball.com\/es\/wp-json\/wp\/v2\/product"}],"about":[{"href":"https:\/\/lingzhuopickleball.com\/es\/wp-json\/wp\/v2\/types\/product"}],"wp:featuredmedia":[{"embeddable":true,"href":"https:\/\/lingzhuopickleball.com\/es\/wp-json\/wp\/v2\/media\/645"}],"wp:attachment":[{"href":"https:\/\/lingzhuopickleball.com\/es\/wp-json\/wp\/v2\/media?parent=644"}],"wp:term":[{"taxonomy":"product_brand","embeddable":true,"href":"https:\/\/lingzhuopickleball.com\/es\/wp-json\/wp\/v2\/product_brand?post=644"},{"taxonomy":"product_cat","embeddable":true,"href":"https:\/\/lingzhuopickleball.com\/es\/wp-json\/wp\/v2\/product_cat?post=644"},{"taxonomy":"product_tag","embeddable":true,"href":"https:\/\/lingzhuopickleball.com\/es\/wp-json\/wp\/v2\/product_tag?post=644"}],"curies":[{"name":"wp","href":"https:\/\/api.w.org\/{rel}","templated":true}]}}