{"id":652,"date":"2025-11-06T09:51:32","date_gmt":"2025-11-06T09:51:32","guid":{"rendered":"https:\/\/lingzhuopickleball.com\/?post_type=product&#038;p=652"},"modified":"2025-11-13T16:11:12","modified_gmt":"2025-11-13T08:11:12","slug":"edgeless-pickleball-paddle","status":"publish","type":"product","link":"https:\/\/lingzhuopickleball.com\/es\/producto\/edgeless-pickleball-paddle\/","title":{"rendered":"Paleta de Pickleball sin borde Sonrisa Garganta Abierta Bezale-less"},"content":{"rendered":"<p>Edgeless Pickleball Paddle - Smile Open Throat Bezel-less est\u00e1 dise\u00f1ado para las marcas que quieren una pala que se ve diferente y juega diferente. En lugar de terminar la raqueta con un protector de borde de pl\u00e1stico separado pegado despu\u00e9s, este modelo utiliza un verdadero edgeless, construcci\u00f3n unibody que envuelve el material de la cara limpiamente alrededor del per\u00edmetro.<\/p>\n<p>Las capas de carbono superior e inferior se extienden por los laterales de la pala y se sellan con epoxi de alta resistencia bajo calor y presi\u00f3n en un proceso de termoformado controlado. El resultado es una carcasa \u00fanica y continua con el n\u00facleo encerrado s\u00f3lidamente en su interior. Para sus jugadores, esto significa menos puntos muertos cerca del borde, un rebote m\u00e1s consistente en toda la cara y sin molestos zumbidos en los cantos o separaci\u00f3n con el tiempo.<\/p>\n<p>El cuello abierto en forma de sonrisa no s\u00f3lo da a la pala una identidad visual distintiva; tambi\u00e9n redistribuye la masa hacia la cabeza y el mango para un swing muy equilibrado. Los jugadores se sienten r\u00e1pidos en el aire, con mucha estabilidad en los bloqueos y contraataques. El cuello abierto tambi\u00e9n ofrece m\u00e1s espacio para colocar el logotipo o el estilo de la firma que distingue a su l\u00ednea en la pared.<\/p>\n<p>Para los clientes B2B, se puede personalizar todo, desde la textura de la superficie y el dise\u00f1o de la cara hasta el color de la empu\u00f1adura y el embalaje. Obtendr\u00e1 una plataforma \"sin bisel\" moderna y vanguardista con una historia sencilla que contar: construcci\u00f3n unibody, dise\u00f1o limpio y rendimiento constante para el pickleball r\u00e1pido y agresivo de hoy en d\u00eda.<\/p>","protected":false},"excerpt":{"rendered":"<p>Aut\u00e9ntica pala de pickleball sin borde, con garganta abierta en forma de sonrisa y construcci\u00f3n termoformada unibody. Cara de carbono envuelta, sin protector de borde de pl\u00e1stico, mayor \u00e1rea jugable y gr\u00e1ficos OEM limpios para marcas y palos modernos.<\/p>","protected":false},"featured_media":653,"template":"","meta":{"_gspb_post_css":""},"product_brand":[],"product_cat":[15,17],"product_tag":[67,69,68],"class_list":{"0":"post-652","1":"product","2":"type-product","3":"status-publish","4":"has-post-thumbnail","6":"product_cat-thermoformed-paddle","7":"product_cat-glass-fiber-pickleball-paddle","8":"product_tag-edgeless-pickleball-paddle","9":"product_tag-oem-thermoformed-paddle-supplier","10":"product_tag-open-throat-pickleball-paddle","12":"first","13":"instock","14":"shipping-taxable","15":"product-type-simple"},"_links":{"self":[{"href":"https:\/\/lingzhuopickleball.com\/es\/wp-json\/wp\/v2\/product\/652","targetHints":{"allow":["GET"]}}],"collection":[{"href":"https:\/\/lingzhuopickleball.com\/es\/wp-json\/wp\/v2\/product"}],"about":[{"href":"https:\/\/lingzhuopickleball.com\/es\/wp-json\/wp\/v2\/types\/product"}],"wp:featuredmedia":[{"embeddable":true,"href":"https:\/\/lingzhuopickleball.com\/es\/wp-json\/wp\/v2\/media\/653"}],"wp:attachment":[{"href":"https:\/\/lingzhuopickleball.com\/es\/wp-json\/wp\/v2\/media?parent=652"}],"wp:term":[{"taxonomy":"product_brand","embeddable":true,"href":"https:\/\/lingzhuopickleball.com\/es\/wp-json\/wp\/v2\/product_brand?post=652"},{"taxonomy":"product_cat","embeddable":true,"href":"https:\/\/lingzhuopickleball.com\/es\/wp-json\/wp\/v2\/product_cat?post=652"},{"taxonomy":"product_tag","embeddable":true,"href":"https:\/\/lingzhuopickleball.com\/es\/wp-json\/wp\/v2\/product_tag?post=652"}],"curies":[{"name":"wp","href":"https:\/\/api.w.org\/{rel}","templated":true}]}}