{"id":664,"date":"2025-11-06T18:48:00","date_gmt":"2025-11-06T10:48:00","guid":{"rendered":"https:\/\/lingzhuopickleball.com\/?post_type=product&#038;p=664"},"modified":"2025-11-12T00:05:51","modified_gmt":"2025-11-11T16:05:51","slug":"t-300-pickleball-paddle","status":"publish","type":"product","link":"https:\/\/lingzhuopickleball.com\/es\/producto\/t-300-pickleball-paddle\/","title":{"rendered":"T 300 Pickleball Paddle Alta Calidad Fibra de Carbono USAPA"},"content":{"rendered":"<p>1.T 300 Pickleball Paddle - Pala de fibra de carbono de alta calidad con la aprobaci\u00f3n de USAPA, que se construye para usted cuando usted necesita una pala que se siente r\u00e1pido en las manos de sus jugadores y de confianza en su negocio. Con fibra de carbono T300 en la cara y un n\u00facleo de nido de abeja PP en el interior, obtendr\u00e1 una oportunidad que le permite prometer velocidad, control y precisi\u00f3n en por evento.<\/p>\n<p>2.En la pista, los jugadores sienten la r\u00e1pida respuesta de la superficie de la pala. Cuando les pides que impulsen la bola, la pala de pickleball T300 te da profundidad sin esfuerzo. Cuando les pides que suavicen la mano para los dinks, drops y resets, la misma pala te da un toque tranquilo y predecible. Esa consistencia te ayuda a llevar a cabo sesiones de entrenamiento m\u00e1s fluidas y te da menos quejas sobre palas \"muertas\".<\/p>\n<p>3.El punto dulce salvaje apoya al t\u00edpico jugador de liga que no siempre golpea el centro. Ver\u00e1s m\u00e1s peloteos extendidos, m\u00e1s bolas de vuelta en juego y m\u00e1s diversi\u00f3n para los clientes de nivel b\u00e1sico, mientras que los jugadores avanzados siguen recibiendo la retroalimentaci\u00f3n que necesitan para atacar las l\u00edneas con confianza.<\/p>\n<p>4.Desde el punto de vista del aprovisionamiento, obtendr\u00e1 tolerancias de peso ajustadas, protecci\u00f3n duradera de los bordes y empu\u00f1aduras que se mantienen c\u00f3modas incluso en condiciones de calor y humedad. Esto significa que dedicar\u00e1 menos tiempo a resolver problemas de calidad y m\u00e1s a desarrollar su mercado.<\/p>\n<p>5.Cada elemento de la pala se puede personalizar: usted elige la forma, los colores, los gr\u00e1ficos y el peso que mejor se adapten a su canal. Tanto si la posiciona como la pala principal de su club o como un modelo h\u00e9roe para jugadores de competici\u00f3n, la pala de pickleball T 300 le ofrece un mensaje claro para compartir: una pala de fibra de carbono estable y aprobada por la USAPA que le ayuda a usted y a sus clientes a jugar, ense\u00f1ar y vender con confianza.<\/p>","protected":false},"excerpt":{"rendered":"<p>Pala de pickleball T300 de fibra de carbono aprobada por la USAPA, dise\u00f1ada para ofrecer velocidad, control y precisi\u00f3n. Ligera, sensible y duradera, ideal para marcas, clubes y academias que buscan palas de rendimiento OEM\/ODM de alta calidad.<\/p>","protected":false},"featured_media":665,"template":"","meta":{"_gspb_post_css":""},"product_brand":[],"product_cat":[15,20,74],"product_tag":[37,75,76],"class_list":{"0":"post-664","1":"product","2":"type-product","3":"status-publish","4":"has-post-thumbnail","6":"product_cat-thermoformed-paddle","7":"product_cat-kevlar-pickleball-paddle","8":"product_cat-t-300-carbon-fiber-pickleball-paddle","9":"product_tag-oem-pickleball-paddle-supplier","10":"product_tag-t300-carbon-fiber-paddle","11":"product_tag-usapa-pickleball-paddle","13":"first","14":"instock","15":"shipping-taxable","16":"product-type-simple"},"_links":{"self":[{"href":"https:\/\/lingzhuopickleball.com\/es\/wp-json\/wp\/v2\/product\/664","targetHints":{"allow":["GET"]}}],"collection":[{"href":"https:\/\/lingzhuopickleball.com\/es\/wp-json\/wp\/v2\/product"}],"about":[{"href":"https:\/\/lingzhuopickleball.com\/es\/wp-json\/wp\/v2\/types\/product"}],"wp:featuredmedia":[{"embeddable":true,"href":"https:\/\/lingzhuopickleball.com\/es\/wp-json\/wp\/v2\/media\/665"}],"wp:attachment":[{"href":"https:\/\/lingzhuopickleball.com\/es\/wp-json\/wp\/v2\/media?parent=664"}],"wp:term":[{"taxonomy":"product_brand","embeddable":true,"href":"https:\/\/lingzhuopickleball.com\/es\/wp-json\/wp\/v2\/product_brand?post=664"},{"taxonomy":"product_cat","embeddable":true,"href":"https:\/\/lingzhuopickleball.com\/es\/wp-json\/wp\/v2\/product_cat?post=664"},{"taxonomy":"product_tag","embeddable":true,"href":"https:\/\/lingzhuopickleball.com\/es\/wp-json\/wp\/v2\/product_tag?post=664"}],"curies":[{"name":"wp","href":"https:\/\/api.w.org\/{rel}","templated":true}]}}