{"id":681,"date":"2025-11-07T10:20:21","date_gmt":"2025-11-07T02:20:21","guid":{"rendered":"https:\/\/lingzhuopickleball.com\/?post_type=product&#038;p=681"},"modified":"2025-11-07T10:20:45","modified_gmt":"2025-11-07T02:20:45","slug":"trufoam-pickleball-paddle","status":"publish","type":"product","link":"https:\/\/lingzhuopickleball.com\/es\/producto\/trufoam-pickleball-paddle\/","title":{"rendered":"Trufoam Pickleball Paddle 16mm Termoformado Gen 4 Best"},"content":{"rendered":"<p>TruFoam Pickleball Paddle 16mm Thermoforming Gen 4 Racket est\u00e1 construida para marcas y programas que quieren un claro paso adelante de la tecnolog\u00eda tradicional de nido de abeja de polipropileno. En lugar de c\u00e9lulas de PP, todo el n\u00facleo de esta pala es una sola pieza de TruFoam de alta densidad, dise\u00f1ada para ofrecer una sensaci\u00f3n \u00fanica suave y controlada sin sacrificar el rebote o el \"pop\".<\/p>\n<p>Como todo el n\u00facleo es de espuma, ya no est\u00e1s limitado por la resistencia de la pared del panal o el tama\u00f1o de las celdas. El sistema TruFoam nos permite ajustar con precisi\u00f3n la sensaci\u00f3n, el equilibrio, el tama\u00f1o del punto dulce y la penetraci\u00f3n en todo el perfil de 16 mm. No hay periodo de adaptaci\u00f3n ni riesgo de aplastamiento del n\u00facleo, por lo que sus clientes experimentar\u00e1n la misma respuesta viva desde el primer golpe hasta cientos de horas de juego.<\/p>\n<p>La construcci\u00f3n de TruFoam Pickleball Paddle une el n\u00facleo de espuma a una carcasa exterior r\u00edgida en una estructura de una sola pieza. Esto mejora la durabilidad en los bordes, mantiene la cara plana, y mantiene el rendimiento mucho mejor que los conjuntos de borde-guarda pegados - importante para los clubes, academias y minoristas que ven el uso semanal de la cancha pesada.<\/p>\n<p>Un mango extendido de 5,5\u2033 proporciona a los jugadores modernos el alcance y la palanca adicionales que esperan. Los golpes de rev\u00e9s a dos manos resultan naturales, y el mango m\u00e1s largo a\u00f1ade velocidad de swing a los golpes por encima de la cabeza y a los drives sin que el peso total se salga del rango ideal. El tama\u00f1o real de la empu\u00f1adura puede variar hasta 1\/8\u2033, lo que ofrece flexibilidad en las opciones de sobregrip y personalizaci\u00f3n.<\/p>\n<p>La cara limpia y perforada que se muestra en las im\u00e1genes ofrece un lienzo minimalista para gr\u00e1ficos de marca propia o proyectos de marca compartida. Puede especificar colores, logotipos, ventanas de peso y embalaje para posicionar este modelo como buque insignia de su gama avanzada o profesional.<\/p>\n<p>Si est\u00e1 buscando una alternativa de alta tecnolog\u00eda con n\u00facleo de espuma que diferencie claramente su gama a la vez que proporciona a los jugadores m\u00e1s tacto, control y potencia, la pala TruFoam 16mm Gen 4 es una opci\u00f3n convincente.<\/p>\n<div id=\"gtx-anchor\" style=\"position: absolute; visibility: hidden; left: 10px; top: 204.667px; width: 180.594px; height: 18px;\"><\/div>\n<div class=\"jfk-bubble gtx-bubble\" style=\"visibility: visible; left: 86px; top: 233px; opacity: 1;\" role=\"alertdialog\" aria-describedby=\"bubble-3\">\n<div id=\"bubble-3\" class=\"jfk-bubble-content-id\">\n<div id=\"gtx-host\" style=\"min-width: 200px; max-width: 400px;\"><\/div>\n<\/div>\n<div class=\"jfk-bubble-closebtn-id jfk-bubble-closebtn\" tabindex=\"0\" role=\"button\" aria-label=\"Cerrar\"><\/div>\n<div class=\"jfk-bubble-arrow-id jfk-bubble-arrow jfk-bubble-arrowup\" style=\"left: 90.5px;\">\n<div class=\"jfk-bubble-arrowimplbefore\"><\/div>\n<div class=\"jfk-bubble-arrowimplafter\"><\/div>\n<\/div>\n<\/div>","protected":false},"excerpt":{"rendered":"<p>Raqueta de Pickleball Trufoam 16mm Thermoforming Gen 4 con n\u00facleo completo de espuma de alta densidad (sin nido de abeja de PP), mango extendido de 5,5\u2033 y cara perforada para un swing r\u00e1pido, un control suave y un rendimiento duradero de nivel profesional para marcas OEM\/ODM, clubes y minoristas.<\/p>\n<div id=\"gtx-anchor\" style=\"position: absolute; visibility: hidden; left: 10px; top: 18.6667px; width: 391.438px; height: 18px;\"><\/div>\n<div class=\"jfk-bubble gtx-bubble\" style=\"visibility: visible; left: 191px; top: 47px; opacity: 1;\" role=\"alertdialog\" aria-describedby=\"bubble-6\">\n<div id=\"bubble-6\" class=\"jfk-bubble-content-id\">\n<div id=\"gtx-host\" style=\"min-width: 200px; max-width: 400px;\"><\/div>\n<\/div>\n<div class=\"jfk-bubble-closebtn-id jfk-bubble-closebtn\" tabindex=\"0\" role=\"button\" aria-label=\"Cerrar\"><\/div>\n<div class=\"jfk-bubble-arrow-id jfk-bubble-arrow jfk-bubble-arrowup\" style=\"left: 195.5px;\">\n<div class=\"jfk-bubble-arrowimplbefore\"><\/div>\n<div class=\"jfk-bubble-arrowimplafter\"><\/div>\n<\/div>\n<\/div>","protected":false},"featured_media":683,"template":"","meta":{"_gspb_post_css":""},"product_brand":[],"product_cat":[15],"product_tag":[85,86,84],"class_list":{"0":"post-681","1":"product","2":"type-product","3":"status-publish","4":"has-post-thumbnail","6":"product_cat-thermoformed-paddle","7":"product_tag-foam-core-pickleball-paddle","8":"product_tag-thermoformed-gen-4-paddle","9":"product_tag-trufoam-pickleball-paddle","11":"first","12":"instock","13":"shipping-taxable","14":"product-type-simple"},"_links":{"self":[{"href":"https:\/\/lingzhuopickleball.com\/es\/wp-json\/wp\/v2\/product\/681","targetHints":{"allow":["GET"]}}],"collection":[{"href":"https:\/\/lingzhuopickleball.com\/es\/wp-json\/wp\/v2\/product"}],"about":[{"href":"https:\/\/lingzhuopickleball.com\/es\/wp-json\/wp\/v2\/types\/product"}],"wp:featuredmedia":[{"embeddable":true,"href":"https:\/\/lingzhuopickleball.com\/es\/wp-json\/wp\/v2\/media\/683"}],"wp:attachment":[{"href":"https:\/\/lingzhuopickleball.com\/es\/wp-json\/wp\/v2\/media?parent=681"}],"wp:term":[{"taxonomy":"product_brand","embeddable":true,"href":"https:\/\/lingzhuopickleball.com\/es\/wp-json\/wp\/v2\/product_brand?post=681"},{"taxonomy":"product_cat","embeddable":true,"href":"https:\/\/lingzhuopickleball.com\/es\/wp-json\/wp\/v2\/product_cat?post=681"},{"taxonomy":"product_tag","embeddable":true,"href":"https:\/\/lingzhuopickleball.com\/es\/wp-json\/wp\/v2\/product_tag?post=681"}],"curies":[{"name":"wp","href":"https:\/\/api.w.org\/{rel}","templated":true}]}}