{"id":888,"date":"2025-11-13T21:27:34","date_gmt":"2025-11-13T13:27:34","guid":{"rendered":"https:\/\/lingzhuopickleball.com\/?post_type=product&#038;p=888"},"modified":"2025-11-13T21:36:54","modified_gmt":"2025-11-13T13:36:54","slug":"12k-carbon-fiber-pickleball-paddle","status":"publish","type":"product","link":"https:\/\/lingzhuopickleball.com\/es\/producto\/12k-carbon-fiber-pickleball-paddle\/","title":{"rendered":"12K Carbon Fiber Pickleball Paddle Best"},"content":{"rendered":"<p>Si est\u00e1s construyendo una l\u00ednea premium, necesitas una pala que tus jugadores sientan en el momento en que hacen el swing. Con nuestra 12K Carbon Fiber Pickleball Paddle, obtendr\u00e1 una respuesta n\u00edtida y repetible que le ayudar\u00e1 a vender rendimiento, no promesas.<\/p>\n<p>La cara utiliza carbono en bruto 12K -cada estopa contiene 12.000 filamentos-, por lo que se obtiene una capa de golpeo m\u00e1s r\u00edgida que la 3K o la 6K. Esta rigidez adicional evita que la cara se desgaste con el contacto, proporcion\u00e1ndote un mayor retorno de energ\u00eda en los drives y contragolpes, y una mejor estabilidad cuando bloqueas el calor en la cocina. La microtextura a\u00f1ade tiempo de permanencia, para que puedas dar forma a los efectos sin perder el toque.<\/p>\n<p>12K de fibra de carbono Pickleball Paddle utilizar 16 mm de polipropileno n\u00facleo de nido de abeja es termoformado en un chasis unibody. Sentir\u00e1s el punto dulce m\u00e1s grande y el sonido silencioso y s\u00f3lido por el que te preguntan los clientes. \u00bfQuiere m\u00e1s durabilidad en el campo? Este juego le da alcance para individuales y manos r\u00e1pidas para dobles. Todos los modelos se fabrican para cumplir las normas de la USAPA, por lo que puede enviarlos directamente a clubes y eventos.<\/p>\n<p>Porque usted dirige un negocio, nosotros hacemos que el resto sea sencillo. Usted elige la ventana de peso, el punto de equilibrio, el tama\u00f1o del mango, el acabado y los gr\u00e1ficos. Puede pedir muestras para probar, empezar con cantidades m\u00ednimas y ampliar r\u00e1pidamente cuando vea tracci\u00f3n.<\/p>","protected":false},"excerpt":{"rendered":"<p>Proporcione a su marca un buque insignia que pueda respaldar. Esta pala de fibra de carbono 12K combina una cara de carbono crudo 12K con un n\u00facleo de PP de 16 mm en un cuerpo \u00fanico termoformado. Obtendr\u00e1 potencia profesional, tacto limpio, durabilidad del borde de titanio, cumplimiento de la USAPA y sus gr\u00e1ficos, sus especificaciones, bajas cantidades m\u00ednimas de piezas.<\/p>","protected":false},"featured_media":846,"template":"","meta":{"_gspb_post_css":""},"product_brand":[],"product_cat":[109,81],"product_tag":[112,114,113],"class_list":{"0":"post-888","1":"product","2":"type-product","3":"status-publish","4":"has-post-thumbnail","6":"product_cat-12k-carbon-fiber-pickleball-paddle","7":"product_cat-t-700-carbon-fiber-pickleball-paddle","8":"product_tag-12k-carbon-paddle","9":"product_tag-oem-pickleball-supplier","10":"product_tag-usapa-certified","12":"first","13":"instock","14":"shipping-taxable","15":"product-type-simple"},"_links":{"self":[{"href":"https:\/\/lingzhuopickleball.com\/es\/wp-json\/wp\/v2\/product\/888","targetHints":{"allow":["GET"]}}],"collection":[{"href":"https:\/\/lingzhuopickleball.com\/es\/wp-json\/wp\/v2\/product"}],"about":[{"href":"https:\/\/lingzhuopickleball.com\/es\/wp-json\/wp\/v2\/types\/product"}],"wp:featuredmedia":[{"embeddable":true,"href":"https:\/\/lingzhuopickleball.com\/es\/wp-json\/wp\/v2\/media\/846"}],"wp:attachment":[{"href":"https:\/\/lingzhuopickleball.com\/es\/wp-json\/wp\/v2\/media?parent=888"}],"wp:term":[{"taxonomy":"product_brand","embeddable":true,"href":"https:\/\/lingzhuopickleball.com\/es\/wp-json\/wp\/v2\/product_brand?post=888"},{"taxonomy":"product_cat","embeddable":true,"href":"https:\/\/lingzhuopickleball.com\/es\/wp-json\/wp\/v2\/product_cat?post=888"},{"taxonomy":"product_tag","embeddable":true,"href":"https:\/\/lingzhuopickleball.com\/es\/wp-json\/wp\/v2\/product_tag?post=888"}],"curies":[{"name":"wp","href":"https:\/\/api.w.org\/{rel}","templated":true}]}}