{"id":893,"date":"2025-11-13T22:51:57","date_gmt":"2025-11-13T14:51:57","guid":{"rendered":"https:\/\/lingzhuopickleball.com\/?post_type=product&#038;p=893"},"modified":"2025-11-13T22:51:57","modified_gmt":"2025-11-13T14:51:57","slug":"3d-textured-carbon-fiber-pickleball-paddle","status":"publish","type":"product","link":"https:\/\/lingzhuopickleball.com\/es\/producto\/3d-textured-carbon-fiber-pickleball-paddle\/","title":{"rendered":"Pala de Pickleball de fibra de carbono con textura 3D"},"content":{"rendered":"<p>Dise\u00f1ada para jugadores que exigen precisi\u00f3n sin sacrificar potencia, la pala de Pickleball 3D Textured Carbon Fiber combina un cuerpo unibody termoformado con una superficie rica en fricci\u00f3n para ofrecer un golpeo seguro en cualquier peloteo.<\/p>\n<p>En su n\u00facleo, m\u00faltiples capas de fibra de carbono Toray T700 se integran bajo calor y presi\u00f3n. Esta composici\u00f3n avanzada, completamente envuelta alrededor del per\u00edmetro, crea una estructura r\u00edgida y estable que transfiere m\u00e1s energ\u00eda a la pelota para un rebote m\u00e1s vivo y consistente. La cara de fibra de carbono texturizada en 3D a\u00f1ade micro-agarre y tiempo de permanencia, por lo que se carga topspin en los drives, a\u00f1adir mordida a los rollos, y dejar caer dinks con toque quir\u00fargico.<\/p>\n<p>Un revestimiento duradero con textura de arena protege la superficie y conserva el efecto con el paso del tiempo. La pala est\u00e1 aprobada por la USAPA, lo que proporciona a los clubes, entrenadores y minoristas una especificaci\u00f3n lista para torneos nada m\u00e1s sacarla de la caja.<\/p>\n<p>Para mayor comodidad y control, hemos combinado la tecnolog\u00eda de la cara con una empu\u00f1adura de cuero artificial (circunferencia de 4,33 pulgadas) recientemente mejorada y delgada que absorbe el sudor y resiste el deslizamiento. El punto ideal para el alcance, la estabilidad y la maniobrabilidad.<\/p>\n<p>Por qu\u00e9 gana su alineaci\u00f3n<\/p>\n<p>Estructura termoformada totalmente de carbono para mayor potencia y durabilidad<\/p>\n<p>Cara de fibra de carbono texturizada en 3D para un mayor efecto y control<\/p>\n<p>Ligera, silenciosa y reductora de la fatiga para sesiones m\u00e1s largas<\/p>\n<p>Torneo conforme con la etiqueta de homologaci\u00f3n USAPA<\/p>\n<p>Ideal para jugadores y programas orientados al rendimiento, esta pala eleva el nivel de juego y simplifica la venta al por menor: calidad constante, caracter\u00edsticas de nivel profesional y especificaciones que los atletas perciben de inmediato. \u00bfNecesita personalizar la marca o ajustar las especificaciones? Hay opciones disponibles.<\/p>","protected":false},"excerpt":{"rendered":"<p>Pala de p\u00e1del de carbono con textura 3D, capas T700 y cara de grano de arena para un efecto de \u00e9lite, control y rebote real. El marco de carbono a\u00f1ade potencia y estabilidad. Aprobada por la USAPA. 15.9\u00d78\u00d70.63 in, 7.68 oz, 4.92 in mango, 4.33 in transpirable, grip antideslizante.<\/p>","protected":false},"featured_media":844,"template":"","meta":{"_gspb_post_css":""},"product_brand":[],"product_cat":[107,81,24],"product_tag":[115,116,36],"class_list":{"0":"post-893","1":"product","2":"type-product","3":"status-publish","4":"has-post-thumbnail","6":"product_cat-3d-textured-carbon-fiber-pickleball-paddle","7":"product_cat-t-700-carbon-fiber-pickleball-paddle","8":"product_cat-toray-t-700-carbon-fiber-pickleball-paddle","9":"product_tag-3d-textured-carbon-fiber-paddle","10":"product_tag-oem-pickleball-manufacturer","11":"product_tag-usapa-approved-pickleball-paddle","13":"first","14":"instock","15":"shipping-taxable","16":"product-type-simple"},"_links":{"self":[{"href":"https:\/\/lingzhuopickleball.com\/es\/wp-json\/wp\/v2\/product\/893","targetHints":{"allow":["GET"]}}],"collection":[{"href":"https:\/\/lingzhuopickleball.com\/es\/wp-json\/wp\/v2\/product"}],"about":[{"href":"https:\/\/lingzhuopickleball.com\/es\/wp-json\/wp\/v2\/types\/product"}],"wp:featuredmedia":[{"embeddable":true,"href":"https:\/\/lingzhuopickleball.com\/es\/wp-json\/wp\/v2\/media\/844"}],"wp:attachment":[{"href":"https:\/\/lingzhuopickleball.com\/es\/wp-json\/wp\/v2\/media?parent=893"}],"wp:term":[{"taxonomy":"product_brand","embeddable":true,"href":"https:\/\/lingzhuopickleball.com\/es\/wp-json\/wp\/v2\/product_brand?post=893"},{"taxonomy":"product_cat","embeddable":true,"href":"https:\/\/lingzhuopickleball.com\/es\/wp-json\/wp\/v2\/product_cat?post=893"},{"taxonomy":"product_tag","embeddable":true,"href":"https:\/\/lingzhuopickleball.com\/es\/wp-json\/wp\/v2\/product_tag?post=893"}],"curies":[{"name":"wp","href":"https:\/\/api.w.org\/{rel}","templated":true}]}}