{"id":608,"date":"2025-11-06T04:14:30","date_gmt":"2025-11-06T04:14:30","guid":{"rendered":"https:\/\/lingzhuopickleball.com\/?post_type=product&#038;p=608"},"modified":"2025-11-06T07:50:58","modified_gmt":"2025-11-06T07:50:58","slug":"3d-18k-carbon-fiber","status":"publish","type":"product","link":"https:\/\/lingzhuopickleball.com\/fr\/produit\/3d-18k-carbon-fiber\/","title":{"rendered":"Pagaie de Pickleball 3D en fibre de carbone 18K - Approuv\u00e9e par l'USAPA"},"content":{"rendered":"<p>Con\u00e7ue pour les joueurs s\u00e9rieux et les programmes exigeants, la pagaie de Pickleball en fibre de carbone 3D 18K - approuv\u00e9e par l'USAPA - est construite pour transformer chaque swing en une arme contr\u00f4l\u00e9e. La face utilise de la fibre de carbone 3D 18K de pointe dans un v\u00e9ritable tissage triaxial, avec trois fils entrelac\u00e9s \u00e0 des angles de 60 degr\u00e9s. Cette structure multidirectionnelle stabilise la face \u00e0 l'impact, mord la balle dans toutes les directions et augmente consid\u00e9rablement le potentiel de rotation par rapport aux pagaies conventionnelles en carbone brut unidirectionnel.<\/p>\n<p>Pour les marques, les clubs et les centres de formation, cette construction est un v\u00e9ritable facteur de diff\u00e9renciation. La surface 3D 18K conf\u00e8re \u00e0 votre ligne un aspect technique clairement visible que les joueurs exp\u00e9riment\u00e9s reconnaissent imm\u00e9diatement : une friction plus \u00e9lev\u00e9e, un temps de s\u00e9jour plus long et un retour d'\u00e9nergie sup\u00e9rieur sur chaque coup. Que vos clients jouent en simple ou en double, ils b\u00e9n\u00e9ficieront d'un meilleur contr\u00f4le sur les dinks, d'un effet plus important sur les services et d'une d\u00e9fense plus s\u00fbre contre les joueurs puissants.<\/p>\n<p>Soutenu par l'approbation de l'USAPA, ce mod\u00e8le est pr\u00eat pour les tournois sanctionn\u00e9s d\u00e8s sa sortie de la bo\u00eete. Associez-le \u00e0 votre propre logo, \u00e0 vos couleurs et \u00e0 votre emballage pour cr\u00e9er une gamme de pagaies de premi\u00e8re qualit\u00e9 qui se d\u00e9marque sur le mur et sur le terrain. Le r\u00e9sultat est une pagaie de pickleball moderne, pr\u00eate pour les tournois, qui aide votre entreprise \u00e0 gagner des joueurs plus s\u00e9rieux, saison apr\u00e8s saison.<\/p>","protected":false},"excerpt":{"rendered":"<p>Pagaie de pickleball en fibre de carbone 3D 18K approuv\u00e9e par l'USAPA avec un tissage triaxial pour des effets, un contr\u00f4le et un toucher explosifs. La conception de 16 mm, 8,0 oz offre une maniabilit\u00e9 rapide et des performances de niveau professionnel pour les clubs, les entra\u00eeneurs et les marques \u00e0 la recherche de pagaies thermoform\u00e9es de qualit\u00e9 sup\u00e9rieure.<\/p>\n<div class=\"jfk-bubble gtx-bubble\" style=\"visibility: visible; left: 50px; top: 47px; opacity: 1;\" role=\"alertdialog\" aria-describedby=\"bubble-2\">\n<div class=\"jfk-bubble-closebtn-id jfk-bubble-closebtn\" tabindex=\"0\" role=\"button\" aria-label=\"Fermer\"><\/div>\n<div class=\"jfk-bubble-arrow-id jfk-bubble-arrow jfk-bubble-arrowup\" style=\"left: 54.5px;\">\n<div class=\"jfk-bubble-arrowimplbefore\"><\/div>\n<div class=\"jfk-bubble-arrowimplafter\"><\/div>\n<\/div>\n<\/div>","protected":false},"featured_media":609,"template":"","meta":{"_gspb_post_css":""},"product_brand":[],"product_cat":[23],"product_tag":[35,37,36],"class_list":{"0":"post-608","1":"product","2":"type-product","3":"status-publish","4":"has-post-thumbnail","6":"product_cat-3d-18k-carbon-fiber-pickleball-paddle","7":"product_tag-3d-18k-carbon-fiber-paddle","8":"product_tag-oem-pickleball-paddle-supplier","9":"product_tag-usapa-approved-pickleball-paddle","11":"first","12":"instock","13":"shipping-taxable","14":"product-type-simple"},"_links":{"self":[{"href":"https:\/\/lingzhuopickleball.com\/fr\/wp-json\/wp\/v2\/product\/608","targetHints":{"allow":["GET"]}}],"collection":[{"href":"https:\/\/lingzhuopickleball.com\/fr\/wp-json\/wp\/v2\/product"}],"about":[{"href":"https:\/\/lingzhuopickleball.com\/fr\/wp-json\/wp\/v2\/types\/product"}],"wp:featuredmedia":[{"embeddable":true,"href":"https:\/\/lingzhuopickleball.com\/fr\/wp-json\/wp\/v2\/media\/609"}],"wp:attachment":[{"href":"https:\/\/lingzhuopickleball.com\/fr\/wp-json\/wp\/v2\/media?parent=608"}],"wp:term":[{"taxonomy":"product_brand","embeddable":true,"href":"https:\/\/lingzhuopickleball.com\/fr\/wp-json\/wp\/v2\/product_brand?post=608"},{"taxonomy":"product_cat","embeddable":true,"href":"https:\/\/lingzhuopickleball.com\/fr\/wp-json\/wp\/v2\/product_cat?post=608"},{"taxonomy":"product_tag","embeddable":true,"href":"https:\/\/lingzhuopickleball.com\/fr\/wp-json\/wp\/v2\/product_tag?post=608"}],"curies":[{"name":"wp","href":"https:\/\/api.w.org\/{rel}","templated":true}]}}