{"id":626,"date":"2025-11-06T08:09:36","date_gmt":"2025-11-06T08:09:36","guid":{"rendered":"https:\/\/lingzhuopickleball.com\/?post_type=product&#038;p=626"},"modified":"2025-11-06T08:13:10","modified_gmt":"2025-11-06T08:13:10","slug":"kevlar-pickleball-paddle","status":"publish","type":"product","link":"https:\/\/lingzhuopickleball.com\/fr\/produit\/kevlar-pickleball-paddle\/","title":{"rendered":"Pagaie de Pickleball en Kevlar, noyau en nid d'abeille durable press\u00e9 \u00e0 chaud"},"content":{"rendered":"<p>La Pagaie de Pickleball Kevlar - Noyau en nid d'abeille durable press\u00e9 \u00e0 chaud est con\u00e7ue pour les joueurs et les programmes qui exigent robustesse et sensation dans le m\u00eame cadre. Au lieu d'une surface traditionnelle en carbone, cette pagaie utilise une face en fibre Kevlar tiss\u00e9e qui est thermoform\u00e9e \u00e0 basse temp\u00e9rature pour prot\u00e9ger l'int\u00e9grit\u00e9 de chaque filament. Les fibres fl\u00e9chissent l\u00e9g\u00e8rement \u00e0 l'impact, augmentant le temps d'arr\u00eat et donnant aux joueurs plus de feedback et de contr\u00f4le directionnel.<\/p>\n<p>Sous la face en Kevlar, un noyau en nid d'abeille haute performance press\u00e9 \u00e0 chaud maintient la structure l\u00e9g\u00e8re, stable et coh\u00e9rente sur toute la zone de frappe. Cette construction \u00e9largit la zone de frappe et r\u00e9duit les vibrations, ce qui permet de prot\u00e9ger le bras pendant les longues s\u00e9ances d'entra\u00eenement et l'utilisation intensive du club.<\/p>\n<p>Parce que la face de la pagaie de pickleball en kevlar est plus tol\u00e9rante que celle en carbone, la pagaie en kevlar convient \u00e0 un large \u00e9ventail de joueurs - des interm\u00e9diaires en progression aux athl\u00e8tes de ligue de comp\u00e9tition qui aiment jouer un style agressif sans sacrifier le toucher. Les entra\u00eeneurs remarqueront que les mauvais coups restent plus souvent en jeu, tandis que les joueurs exp\u00e9riment\u00e9s peuvent toujours frapper la balle avec autorit\u00e9.<\/p>\n<p>Pour les marques, les clubs et les distributeurs, cette raquette offre une diff\u00e9renciation claire : Construction en Kevlar pour une durabilit\u00e9 sup\u00e9rieure, un toucher unique et une longue dur\u00e9e de vie. La couleur du bord, le style du grip et le motif cosm\u00e9tique peuvent \u00eatre personnalis\u00e9s pour correspondre \u00e0 votre ligne, vous donnant un produit technique haut de gamme qui se d\u00e9marque sur le mur et qui continue \u00e0 fonctionner saison apr\u00e8s saison.<\/p>","protected":false},"excerpt":{"rendered":"<p>Pagaie de pickleball en Kevlar avec noyau en nid d'abeille press\u00e9 \u00e0 chaud, durable, sensation de tol\u00e9rance et puissance et contr\u00f4le \u00e9quilibr\u00e9s - id\u00e9ale pour les marques et les clubs \u00e0 la recherche de pagaies OEM durables.<\/p>","protected":false},"featured_media":627,"template":"","meta":{"_gspb_post_css":""},"product_brand":[],"product_cat":[20],"product_tag":[60,59,61],"class_list":{"0":"post-626","1":"product","2":"type-product","3":"status-publish","4":"has-post-thumbnail","6":"product_cat-kevlar-pickleball-paddle","7":"product_tag-hot-pressed-honeycomb-core-paddle","8":"product_tag-kevlar-pickleball-paddle","9":"product_tag-oem-kevlar-paddle-supplier","11":"first","12":"instock","13":"shipping-taxable","14":"product-type-simple"},"_links":{"self":[{"href":"https:\/\/lingzhuopickleball.com\/fr\/wp-json\/wp\/v2\/product\/626","targetHints":{"allow":["GET"]}}],"collection":[{"href":"https:\/\/lingzhuopickleball.com\/fr\/wp-json\/wp\/v2\/product"}],"about":[{"href":"https:\/\/lingzhuopickleball.com\/fr\/wp-json\/wp\/v2\/types\/product"}],"wp:featuredmedia":[{"embeddable":true,"href":"https:\/\/lingzhuopickleball.com\/fr\/wp-json\/wp\/v2\/media\/627"}],"wp:attachment":[{"href":"https:\/\/lingzhuopickleball.com\/fr\/wp-json\/wp\/v2\/media?parent=626"}],"wp:term":[{"taxonomy":"product_brand","embeddable":true,"href":"https:\/\/lingzhuopickleball.com\/fr\/wp-json\/wp\/v2\/product_brand?post=626"},{"taxonomy":"product_cat","embeddable":true,"href":"https:\/\/lingzhuopickleball.com\/fr\/wp-json\/wp\/v2\/product_cat?post=626"},{"taxonomy":"product_tag","embeddable":true,"href":"https:\/\/lingzhuopickleball.com\/fr\/wp-json\/wp\/v2\/product_tag?post=626"}],"curies":[{"name":"wp","href":"https:\/\/api.w.org\/{rel}","templated":true}]}}