{"id":644,"date":"2025-11-06T09:09:46","date_gmt":"2025-11-06T09:09:46","guid":{"rendered":"https:\/\/lingzhuopickleball.com\/?post_type=product&#038;p=644"},"modified":"2025-11-06T09:09:46","modified_gmt":"2025-11-06T09:09:46","slug":"titanium-pickleball-paddle","status":"publish","type":"product","link":"https:\/\/lingzhuopickleball.com\/fr\/produit\/titanium-pickleball-paddle\/","title":{"rendered":"Pagaie de Pickleball en Titane Carbone L\u00e9ger Personnalis\u00e9e"},"content":{"rendered":"<article class=\"text-token-text-primary w-full focus:outline-none [--shadow-height:45px] has-data-writing-block:pointer-events-none has-data-writing-block:-mt-(--shadow-height) has-data-writing-block:pt-(--shadow-height) [&amp;:has([data-writing-block])&gt;*]:pointer-events-auto [content-visibility:auto] supports-[content-visibility:auto]:[contain-intrinsic-size:auto_100lvh] scroll-mt-[calc(var(--header-height)+min(200px,max(70px,20svh)))]\" dir=\"auto\" tabindex=\"-1\" data-turn-id=\"request-WEB:6d4c3039-22b4-46b1-a316-0bf878d137ef-12\" data-testid=\"conversation-turn-26\" data-scroll-anchor=\"true\" data-turn=\"assistant\">\n<div class=\"text-base my-auto mx-auto pb-10 [--thread-content-margin:--spacing(4)] thread-sm:[--thread-content-margin:--spacing(6)] thread-lg:[--thread-content-margin:--spacing(16)] px-(--thread-content-margin)\">\n<div class=\"[--thread-content-max-width:40rem] thread-lg:[--thread-content-max-width:48rem] mx-auto max-w-(--thread-content-max-width) flex-1 group\/turn-messages focus-visible:outline-hidden relative flex w-full min-w-0 flex-col agent-turn\" tabindex=\"-1\">\n<div class=\"flex max-w-full flex-col grow\">\n<div class=\"min-h-8 text-message relative flex w-full flex-col items-end gap-2 text-start break-words whitespace-normal [.text-message+&amp;]:mt-1\" dir=\"auto\" data-message-author-role=\"assistant\" data-message-id=\"145a3faf-9b81-4efc-8c4e-9797c5e37644\" data-message-model-slug=\"gpt-5-thinking\">\n<div class=\"flex w-full flex-col gap-1 empty:hidden first:pt-[1px]\">\n<div class=\"markdown prose dark:prose-invert w-full break-words light markdown-new-styling\">\n<p data-start=\"237\" data-end=\"638\">La pagaie Titanium Pickleball - Carbon Lightweight Customized est con\u00e7ue comme un v\u00e9ritable produit phare pour les marques s\u00e9rieuses, et non comme un composite de plus dans le catalogue. Avec un poids typique de 215-227 g, un noyau en polym\u00e8re de 16 mm et une face de 16,0 \u00d7 7,8 pouces, elle vous aide \u00e0 combiner une vitesse de swing rapide, une zone de frappe tol\u00e9rante et un contact stable \u00e0 chaque coup.<\/p>\n<p data-start=\"237\" data-end=\"638\">Une surface en carbone infus\u00e9e de titane est au centre de la conception. Les tests d'impact en laboratoire montrent que les tissus en titane peuvent augmenter la r\u00e9sistance de la surface jusqu'\u00e0 25% par rapport au carbone standard, ce qui permet de voir moins de fissures, moins de retours de garantie et une dur\u00e9e de vie plus longue de la pagaie dans les clubs et les programmes de location. Le tissage micro-textur\u00e9 de la Titanium Pickleball Paddle vous permet de saisir la balle plus longtemps, vous donnant plus d'effets sur les services, les roulades et les lobs d\u00e9fensifs.<\/p>\n<p data-start=\"237\" data-end=\"638\">A l'int\u00e9rieur, un noyau en polym\u00e8re alv\u00e9ol\u00e9 \u00e0 haut rebond est r\u00e9gl\u00e9 sur un ratio puissance-contr\u00f4le d'environ 60\/40. Vos joueurs b\u00e9n\u00e9ficient d'une profondeur facile depuis la ligne de fond, tout en leur permettant de prendre de la vitesse \u00e0 la cuisine. Si vous avez besoin d'un toucher plus doux ou de plus de pop, vous pouvez sp\u00e9cifier l'\u00e9paisseur du noyau de 13 \u00e0 20 mm, les fen\u00eatres de poids cibles et les points d'\u00e9quilibre, et nous construirons le lay-up en fonction de votre fa\u00e7on de vendre et de la fa\u00e7on dont vos clients jouent.<\/p>\n<p data-start=\"237\" data-end=\"638\">Pour vous, propri\u00e9taire de marque ou responsable des achats, la r\u00e9p\u00e9tabilit\u00e9 est essentielle. La production de pagaies de pickleball en titane respecte une tol\u00e9rance de poids de \u00b12 g et d'\u00e9paisseur de \u00b10,2 mm, de sorte que chaque s\u00e9rie semble famili\u00e8re dans les mains de vos clients. Vous pouvez adapter les couleurs des bords et des poign\u00e9es, les graphismes de la face, la finition brillante ou mate, ainsi que l'emballage de vente au d\u00e9tail et les solutions multi-pack pour correspondre \u00e0 chaque canal.<\/p>\n<p data-start=\"237\" data-end=\"638\">En bref, cette plateforme titane-carbone vous permet de pr\u00e9senter une performance claire, donne \u00e0 vos joueurs une pagaie plus rapide et plus durable, et vous donne un mod\u00e8le de h\u00e9ros premium assez fort pour porter votre logo dans les march\u00e9s de pickleball les plus comp\u00e9titifs.<\/p>\n<\/div>\n<\/div>\n<\/div>\n<\/div>\n<div class=\"z-0 flex min-h-[46px] justify-start\"><\/div>\n<div class=\"mt-3 w-full empty:hidden\">\n<div class=\"text-center\"><\/div>\n<\/div>\n<\/div>\n<\/div>\n<\/article>\n<div class=\"pointer-events-none h-px w-px\" aria-hidden=\"true\" data-edge=\"true\"><\/div>\n<div id=\"gtx-anchor\" style=\"position: absolute; visibility: hidden; left: 350.24px; top: 292.667px; width: 7.5625px; height: 18px;\"><\/div>\n<div class=\"jfk-bubble gtx-bubble\" style=\"visibility: visible; left: -218px; top: 146px; opacity: 1;\" role=\"alertdialog\" aria-describedby=\"bubble-3\">\n<div id=\"bubble-3\" class=\"jfk-bubble-content-id\">\n<div id=\"gtx-host\" style=\"min-width: 200px; max-width: 400px;\"><\/div>\n<\/div>\n<div class=\"jfk-bubble-closebtn-id jfk-bubble-closebtn\" tabindex=\"0\" role=\"button\" aria-label=\"Fermer\"><\/div>\n<div class=\"jfk-bubble-arrow-id jfk-bubble-arrow jfk-bubble-arrowdown\" style=\"left: 344.24px;\">\n<div class=\"jfk-bubble-arrowimplbefore\"><\/div>\n<div class=\"jfk-bubble-arrowimplafter\"><\/div>\n<\/div>\n<\/div>","protected":false},"excerpt":{"rendered":"<p>Pagaie de pickleball l\u00e9g\u00e8re en titane-carbone (7.6-8.0 oz, 16 mm core) qui vous donne une vitesse de swing rapide, une sensation nette et une personnalisation OEM compl\u00e8te pour les graphiques, le poids et l'\u00e9quilibre.<\/p>","protected":false},"featured_media":645,"template":"","meta":{"_gspb_post_css":""},"product_brand":[],"product_cat":[21],"product_tag":[65,66,64],"class_list":{"0":"post-644","1":"product","2":"type-product","3":"status-publish","4":"has-post-thumbnail","6":"product_cat-titanium-pickleball-paddle","7":"product_tag-lightweight-carbon-paddle","8":"product_tag-oem-custom-pickleball-paddle","9":"product_tag-titanium-pickleball-paddle","11":"first","12":"instock","13":"shipping-taxable","14":"product-type-simple"},"_links":{"self":[{"href":"https:\/\/lingzhuopickleball.com\/fr\/wp-json\/wp\/v2\/product\/644","targetHints":{"allow":["GET"]}}],"collection":[{"href":"https:\/\/lingzhuopickleball.com\/fr\/wp-json\/wp\/v2\/product"}],"about":[{"href":"https:\/\/lingzhuopickleball.com\/fr\/wp-json\/wp\/v2\/types\/product"}],"wp:featuredmedia":[{"embeddable":true,"href":"https:\/\/lingzhuopickleball.com\/fr\/wp-json\/wp\/v2\/media\/645"}],"wp:attachment":[{"href":"https:\/\/lingzhuopickleball.com\/fr\/wp-json\/wp\/v2\/media?parent=644"}],"wp:term":[{"taxonomy":"product_brand","embeddable":true,"href":"https:\/\/lingzhuopickleball.com\/fr\/wp-json\/wp\/v2\/product_brand?post=644"},{"taxonomy":"product_cat","embeddable":true,"href":"https:\/\/lingzhuopickleball.com\/fr\/wp-json\/wp\/v2\/product_cat?post=644"},{"taxonomy":"product_tag","embeddable":true,"href":"https:\/\/lingzhuopickleball.com\/fr\/wp-json\/wp\/v2\/product_tag?post=644"}],"curies":[{"name":"wp","href":"https:\/\/api.w.org\/{rel}","templated":true}]}}