{"id":652,"date":"2025-11-06T09:51:32","date_gmt":"2025-11-06T09:51:32","guid":{"rendered":"https:\/\/lingzhuopickleball.com\/?post_type=product&#038;p=652"},"modified":"2025-11-13T16:11:12","modified_gmt":"2025-11-13T08:11:12","slug":"edgeless-pickleball-paddle","status":"publish","type":"product","link":"https:\/\/lingzhuopickleball.com\/fr\/produit\/edgeless-pickleball-paddle\/","title":{"rendered":"Pagaie de Pickleball sans bord Smile Open Throat Bezale-less"},"content":{"rendered":"<p>Pagaie de Pickleball sans bord - Smile Open Throat Bezel-less est con\u00e7ue pour les marques qui veulent une raquette qui a un aspect diff\u00e9rent et qui joue diff\u00e9remment. Au lieu de finir la raquette avec une protection de bord en plastique s\u00e9par\u00e9e coll\u00e9e apr\u00e8s coup, ce mod\u00e8le utilise une v\u00e9ritable construction sans bord, unibody qui enveloppe le mat\u00e9riau de la face proprement autour du p\u00e9rim\u00e8tre.<\/p>\n<p>Les couches sup\u00e9rieures et inf\u00e9rieures de carbone s'\u00e9tendent sur les c\u00f4t\u00e9s de la pagaie et sont scell\u00e9es avec de l'\u00e9poxy haute r\u00e9sistance sous la chaleur et la pression dans un processus de thermoformage contr\u00f4l\u00e9. Le r\u00e9sultat est une coque unique et continue avec le noyau solidement enferm\u00e9 \u00e0 l'int\u00e9rieur. Pour vos joueurs, cela signifie moins de points morts pr\u00e8s du bord, un rebond plus r\u00e9gulier sur toute la face et pas de buzz ou de s\u00e9paration g\u00eanante de la protection des bords avec le temps.<\/p>\n<p>La gorge ouverte en forme de sourire ne donne pas seulement \u00e0 la pagaie une identit\u00e9 visuelle distinctive, elle redistribue \u00e9galement la masse vers la t\u00eate et le manche pour un swing tr\u00e8s \u00e9quilibr\u00e9. Les joueurs se sentent rapides dans l'air, avec beaucoup de stabilit\u00e9 sur les blocs et les contre-attaques. La gorge ouverte offre \u00e9galement un espace de conception suppl\u00e9mentaire pour le placement d'un logo ou d'une signature qui permet \u00e0 votre ligne de se d\u00e9marquer sur le mur.<\/p>\n<p>Pour les clients B2B, tout peut \u00eatre personnalis\u00e9, de la texture de la surface et du dessin de la face \u00e0 la couleur de la poign\u00e9e et \u00e0 l'emballage. Vous obtenez une plateforme moderne, sans cadre, avec une histoire simple \u00e0 raconter : une construction unibody, un design \u00e9pur\u00e9 et des performances constantes pour le pickleball rapide et agressif d'aujourd'hui.<\/p>","protected":false},"excerpt":{"rendered":"<p>Pagaie de pickleball sans bord avec une gorge ouverte en forme de sourire et une construction thermoform\u00e9e unibody. Face en carbone envelopp\u00e9e, pas de protection de bord en plastique, plus grande surface de jeu et graphiques OEM propres pour les marques et les clubs modernes.<\/p>","protected":false},"featured_media":653,"template":"","meta":{"_gspb_post_css":""},"product_brand":[],"product_cat":[15,17],"product_tag":[67,69,68],"class_list":{"0":"post-652","1":"product","2":"type-product","3":"status-publish","4":"has-post-thumbnail","6":"product_cat-thermoformed-paddle","7":"product_cat-glass-fiber-pickleball-paddle","8":"product_tag-edgeless-pickleball-paddle","9":"product_tag-oem-thermoformed-paddle-supplier","10":"product_tag-open-throat-pickleball-paddle","12":"first","13":"instock","14":"shipping-taxable","15":"product-type-simple"},"_links":{"self":[{"href":"https:\/\/lingzhuopickleball.com\/fr\/wp-json\/wp\/v2\/product\/652","targetHints":{"allow":["GET"]}}],"collection":[{"href":"https:\/\/lingzhuopickleball.com\/fr\/wp-json\/wp\/v2\/product"}],"about":[{"href":"https:\/\/lingzhuopickleball.com\/fr\/wp-json\/wp\/v2\/types\/product"}],"wp:featuredmedia":[{"embeddable":true,"href":"https:\/\/lingzhuopickleball.com\/fr\/wp-json\/wp\/v2\/media\/653"}],"wp:attachment":[{"href":"https:\/\/lingzhuopickleball.com\/fr\/wp-json\/wp\/v2\/media?parent=652"}],"wp:term":[{"taxonomy":"product_brand","embeddable":true,"href":"https:\/\/lingzhuopickleball.com\/fr\/wp-json\/wp\/v2\/product_brand?post=652"},{"taxonomy":"product_cat","embeddable":true,"href":"https:\/\/lingzhuopickleball.com\/fr\/wp-json\/wp\/v2\/product_cat?post=652"},{"taxonomy":"product_tag","embeddable":true,"href":"https:\/\/lingzhuopickleball.com\/fr\/wp-json\/wp\/v2\/product_tag?post=652"}],"curies":[{"name":"wp","href":"https:\/\/api.w.org\/{rel}","templated":true}]}}