{"id":664,"date":"2025-11-06T18:48:00","date_gmt":"2025-11-06T10:48:00","guid":{"rendered":"https:\/\/lingzhuopickleball.com\/?post_type=product&#038;p=664"},"modified":"2025-11-12T00:05:51","modified_gmt":"2025-11-11T16:05:51","slug":"t-300-pickleball-paddle","status":"publish","type":"product","link":"https:\/\/lingzhuopickleball.com\/fr\/produit\/t-300-pickleball-paddle\/","title":{"rendered":"Pagaie de Pickleball T 300 Fibre de carbone de haute qualit\u00e9 USAPA"},"content":{"rendered":"<p>1.T 300 Pickleball Paddle - Pagaie en fibre de carbone de haute qualit\u00e9 avec l'approbation de l'USAPA, qui est construite pour vous lorsque vous avez besoin d'une pagaie qui se sent rapide dans les mains de vos joueurs et digne de confiance dans votre entreprise. Avec la fibre de carbone T300 sur la face et un noyau en nid d'abeille PP \u00e0 l'int\u00e9rieur, vous obtiendrez une opportunit\u00e9 qui vous permet de promettre la vitesse, le contr\u00f4le et la pr\u00e9cision dans chaque \u00e9v\u00e9nement.<\/p>\n<p>2) Sur le terrain, les joueurs ressentent la r\u00e9ponse rapide de la surface de la pagaie. Lorsque vous leur demandez d'enfoncer la balle, la pagaie de pickleball T300 vous donne une profondeur sans effort. Lorsque vous leur demandez d'assouplir leur main pour les dinks, les drops et les resets, la m\u00eame pagaie vous donne un toucher calme et pr\u00e9visible. Cette coh\u00e9rence vous aide \u00e0 mener des s\u00e9ances d'entra\u00eenement plus harmonieuses et vous permet de moins vous plaindre des pagaies \"mortes\".<\/p>\n<p>3. la zone de frappe sauvage convient au joueur typique de la ligue qui ne frappe pas toujours au centre. Vous voyez plus de rallyes prolong\u00e9s, plus de balles remises en jeu et plus de plaisir pour les clients d'entr\u00e9e de gamme, tandis que les joueurs avanc\u00e9s re\u00e7oivent toujours le retour d'information dont ils ont besoin pour attaquer les lignes en toute confiance.<\/p>\n<p>4) Du point de vue de l'approvisionnement, vous obtenez des tol\u00e9rances de poids serr\u00e9es, une protection durable des bords et des poign\u00e9es qui restent confortables m\u00eame dans des conditions chaudes et humides. Cela signifie que vous passez moins de temps \u00e0 r\u00e9soudre les probl\u00e8mes de qualit\u00e9 et plus de temps \u00e0 d\u00e9velopper votre march\u00e9.<\/p>\n<p>5. chaque \u00e9l\u00e9ment de la pagaie peut \u00eatre personnalis\u00e9 : vous choisissez la forme, les couleurs, les graphiques et le poids qui conviennent \u00e0 votre cha\u00eene. Que vous la positionniez comme votre principale pagaie de club ou comme un mod\u00e8le de h\u00e9ros pour les joueurs de comp\u00e9tition, la pagaie de pickleball T 300 vous donne un message clair \u00e0 partager : une pagaie en fibre de carbone stable et approuv\u00e9e par l'USAPA qui vous aide, vous et vos clients, \u00e0 jouer, \u00e0 enseigner et \u00e0 vendre en toute confiance.<\/p>","protected":false},"excerpt":{"rendered":"<p>Pagaie de pickleball T300 en fibre de carbone approuv\u00e9e par l'USAPA, con\u00e7ue pour la vitesse, le contr\u00f4le et la pr\u00e9cision. L\u00e9g\u00e8re, r\u00e9active et durable, elle est id\u00e9ale pour les marques, les clubs et les acad\u00e9mies qui recherchent des pagaies de performance OEM\/ODM de haute qualit\u00e9.<\/p>","protected":false},"featured_media":665,"template":"","meta":{"_gspb_post_css":""},"product_brand":[],"product_cat":[15,20,74],"product_tag":[37,75,76],"class_list":{"0":"post-664","1":"product","2":"type-product","3":"status-publish","4":"has-post-thumbnail","6":"product_cat-thermoformed-paddle","7":"product_cat-kevlar-pickleball-paddle","8":"product_cat-t-300-carbon-fiber-pickleball-paddle","9":"product_tag-oem-pickleball-paddle-supplier","10":"product_tag-t300-carbon-fiber-paddle","11":"product_tag-usapa-pickleball-paddle","13":"first","14":"instock","15":"shipping-taxable","16":"product-type-simple"},"_links":{"self":[{"href":"https:\/\/lingzhuopickleball.com\/fr\/wp-json\/wp\/v2\/product\/664","targetHints":{"allow":["GET"]}}],"collection":[{"href":"https:\/\/lingzhuopickleball.com\/fr\/wp-json\/wp\/v2\/product"}],"about":[{"href":"https:\/\/lingzhuopickleball.com\/fr\/wp-json\/wp\/v2\/types\/product"}],"wp:featuredmedia":[{"embeddable":true,"href":"https:\/\/lingzhuopickleball.com\/fr\/wp-json\/wp\/v2\/media\/665"}],"wp:attachment":[{"href":"https:\/\/lingzhuopickleball.com\/fr\/wp-json\/wp\/v2\/media?parent=664"}],"wp:term":[{"taxonomy":"product_brand","embeddable":true,"href":"https:\/\/lingzhuopickleball.com\/fr\/wp-json\/wp\/v2\/product_brand?post=664"},{"taxonomy":"product_cat","embeddable":true,"href":"https:\/\/lingzhuopickleball.com\/fr\/wp-json\/wp\/v2\/product_cat?post=664"},{"taxonomy":"product_tag","embeddable":true,"href":"https:\/\/lingzhuopickleball.com\/fr\/wp-json\/wp\/v2\/product_tag?post=664"}],"curies":[{"name":"wp","href":"https:\/\/api.w.org\/{rel}","templated":true}]}}