{"id":681,"date":"2025-11-07T10:20:21","date_gmt":"2025-11-07T02:20:21","guid":{"rendered":"https:\/\/lingzhuopickleball.com\/?post_type=product&#038;p=681"},"modified":"2025-11-07T10:20:45","modified_gmt":"2025-11-07T02:20:45","slug":"trufoam-pickleball-paddle","status":"publish","type":"product","link":"https:\/\/lingzhuopickleball.com\/fr\/produit\/trufoam-pickleball-paddle\/","title":{"rendered":"Trufoam Pickleball Paddle 16mm Thermoforming Gen 4 Best"},"content":{"rendered":"<p>La raquette de Pickleball TruFoam 16mm Thermoforming Gen 4 est con\u00e7ue pour les marques et les programmes qui veulent faire un pas en avant par rapport \u00e0 la technologie traditionnelle du nid d'abeille en polypropyl\u00e8ne. Au lieu de cellules de PP, l'ensemble du noyau de cette raquette est une seule pi\u00e8ce de TruFoam haute densit\u00e9, con\u00e7ue pour offrir une sensation unique de douceur et de contr\u00f4le sans sacrifier le rebond ou le \"pop\".<\/p>\n<p>Comme le noyau est enti\u00e8rement en mousse, vous n'\u00eates plus contraint par la r\u00e9sistance des parois du nid d'abeille ou la taille des cellules. Le syst\u00e8me TruFoam nous permet de r\u00e9gler avec pr\u00e9cision les sensations, l'\u00e9quilibre, la taille de la zone de frappe et la p\u00e9n\u00e9tration sur l'ensemble du profil de 16 mm. Il n'y a pas de p\u00e9riode d'adaptation ni de risque d'\u00e9crasement du noyau, de sorte que vos clients ressentent la m\u00eame vivacit\u00e9 d\u00e8s le premier coup et pendant des centaines d'heures de jeu.<\/p>\n<p>La construction des pagaies de Pickleball TruFoam lie le noyau en mousse \u00e0 une coque ext\u00e9rieure rigide dans une structure d'une seule pi\u00e8ce. Cela am\u00e9liore la durabilit\u00e9 sur les bords, maintient la face plate et conserve les performances bien mieux que les assemblages coll\u00e9s de protection des bords, ce qui est important pour les clubs, les acad\u00e9mies et les d\u00e9taillants qui connaissent une utilisation hebdomadaire intensive sur le court.<\/p>\n<p>Un manche allong\u00e9 de 5,5\u2033 donne aux joueurs modernes la port\u00e9e et l'effet de levier qu'ils attendent. Les revers \u00e0 deux mains sont naturels, et le manche plus long ajoute de la vitesse de swing aux overheads et aux drives sans pousser le poids total hors de la fourchette id\u00e9ale. La taille r\u00e9elle du grip peut varier jusqu'\u00e0 1\/8\u2033, ce qui vous donne de la flexibilit\u00e9 dans les options d'overgrip et de personnalisation.<\/p>\n<p>La face nette et perfor\u00e9e pr\u00e9sent\u00e9e dans les images offre une toile minimaliste pour les graphiques de marque priv\u00e9e ou les projets de co-branding. Vous pouvez sp\u00e9cifier les couleurs, les logos, les fen\u00eatres de poids et l'emballage pour positionner ce mod\u00e8le comme un fleuron de votre gamme avanc\u00e9e ou professionnelle.<\/p>\n<p>Si vous \u00eates \u00e0 la recherche d'une alternative high-tech en mousse qui diff\u00e9rencie clairement votre gamme tout en donnant aux joueurs plus de toucher, de contr\u00f4le et de puissance, la pagaie TruFoam 16mm Gen 4 est un choix convaincant.<\/p>\n<div id=\"gtx-anchor\" style=\"position: absolute; visibility: hidden; left: 10px; top: 204.667px; width: 180.594px; height: 18px;\"><\/div>\n<div class=\"jfk-bubble gtx-bubble\" style=\"visibility: visible; left: 86px; top: 233px; opacity: 1;\" role=\"alertdialog\" aria-describedby=\"bubble-3\">\n<div id=\"bubble-3\" class=\"jfk-bubble-content-id\">\n<div id=\"gtx-host\" style=\"min-width: 200px; max-width: 400px;\"><\/div>\n<\/div>\n<div class=\"jfk-bubble-closebtn-id jfk-bubble-closebtn\" tabindex=\"0\" role=\"button\" aria-label=\"Fermer\"><\/div>\n<div class=\"jfk-bubble-arrow-id jfk-bubble-arrow jfk-bubble-arrowup\" style=\"left: 90.5px;\">\n<div class=\"jfk-bubble-arrowimplbefore\"><\/div>\n<div class=\"jfk-bubble-arrowimplafter\"><\/div>\n<\/div>\n<\/div>","protected":false},"excerpt":{"rendered":"<p>Raquette de Pickleball Trufoam 16mm Thermoforming Gen 4 avec un noyau en mousse haute densit\u00e9 (pas de nid d'abeille en PP), un manche allong\u00e9 de 5.5\u2033 et une face perfor\u00e9e pour un swing rapide, un contr\u00f4le doux et une performance durable de niveau professionnel pour les marques OEM\/ODM, les clubs et les d\u00e9taillants.<\/p>\n<div id=\"gtx-anchor\" style=\"position: absolute; visibility: hidden; left: 10px; top: 18.6667px; width: 391.438px; height: 18px;\"><\/div>\n<div class=\"jfk-bubble gtx-bubble\" style=\"visibility: visible; left: 191px; top: 47px; opacity: 1;\" role=\"alertdialog\" aria-describedby=\"bubble-6\">\n<div id=\"bubble-6\" class=\"jfk-bubble-content-id\">\n<div id=\"gtx-host\" style=\"min-width: 200px; max-width: 400px;\"><\/div>\n<\/div>\n<div class=\"jfk-bubble-closebtn-id jfk-bubble-closebtn\" tabindex=\"0\" role=\"button\" aria-label=\"Fermer\"><\/div>\n<div class=\"jfk-bubble-arrow-id jfk-bubble-arrow jfk-bubble-arrowup\" style=\"left: 195.5px;\">\n<div class=\"jfk-bubble-arrowimplbefore\"><\/div>\n<div class=\"jfk-bubble-arrowimplafter\"><\/div>\n<\/div>\n<\/div>","protected":false},"featured_media":683,"template":"","meta":{"_gspb_post_css":""},"product_brand":[],"product_cat":[15],"product_tag":[85,86,84],"class_list":{"0":"post-681","1":"product","2":"type-product","3":"status-publish","4":"has-post-thumbnail","6":"product_cat-thermoformed-paddle","7":"product_tag-foam-core-pickleball-paddle","8":"product_tag-thermoformed-gen-4-paddle","9":"product_tag-trufoam-pickleball-paddle","11":"first","12":"instock","13":"shipping-taxable","14":"product-type-simple"},"_links":{"self":[{"href":"https:\/\/lingzhuopickleball.com\/fr\/wp-json\/wp\/v2\/product\/681","targetHints":{"allow":["GET"]}}],"collection":[{"href":"https:\/\/lingzhuopickleball.com\/fr\/wp-json\/wp\/v2\/product"}],"about":[{"href":"https:\/\/lingzhuopickleball.com\/fr\/wp-json\/wp\/v2\/types\/product"}],"wp:featuredmedia":[{"embeddable":true,"href":"https:\/\/lingzhuopickleball.com\/fr\/wp-json\/wp\/v2\/media\/683"}],"wp:attachment":[{"href":"https:\/\/lingzhuopickleball.com\/fr\/wp-json\/wp\/v2\/media?parent=681"}],"wp:term":[{"taxonomy":"product_brand","embeddable":true,"href":"https:\/\/lingzhuopickleball.com\/fr\/wp-json\/wp\/v2\/product_brand?post=681"},{"taxonomy":"product_cat","embeddable":true,"href":"https:\/\/lingzhuopickleball.com\/fr\/wp-json\/wp\/v2\/product_cat?post=681"},{"taxonomy":"product_tag","embeddable":true,"href":"https:\/\/lingzhuopickleball.com\/fr\/wp-json\/wp\/v2\/product_tag?post=681"}],"curies":[{"name":"wp","href":"https:\/\/api.w.org\/{rel}","templated":true}]}}