{"id":888,"date":"2025-11-13T21:27:34","date_gmt":"2025-11-13T13:27:34","guid":{"rendered":"https:\/\/lingzhuopickleball.com\/?post_type=product&#038;p=888"},"modified":"2025-11-13T21:36:54","modified_gmt":"2025-11-13T13:36:54","slug":"12k-carbon-fiber-pickleball-paddle","status":"publish","type":"product","link":"https:\/\/lingzhuopickleball.com\/fr\/produit\/12k-carbon-fiber-pickleball-paddle\/","title":{"rendered":"12K Carbon Fiber Pickleball Paddle Best"},"content":{"rendered":"<p>Si vous construisez une ligne haut de gamme, vous avez besoin d'une pagaie que vos joueurs ressentent au moment o\u00f9 ils effectuent leur swing. Avec notre pagaie de Pickleball en fibre de carbone 12K, vous obtenez une r\u00e9ponse nette et reproductible qui vous aide \u00e0 vendre des performances et non des promesses.<\/p>\n<p>La face utilise du carbone brut 12K - chaque m\u00e8che contient 12 000 filaments - afin d'obtenir une couche de frappe plus rigide que le 3K ou le 6K. Cette rigidit\u00e9 suppl\u00e9mentaire emp\u00eache la face de s'effacer au contact, ce qui vous donne un meilleur retour d'\u00e9nergie pour les drives et les contres, ainsi qu'une meilleure stabilit\u00e9 lorsque vous bloquez la chaleur dans la cuisine. La micro-texture augmente le temps d'arr\u00eat, ce qui vous permet d'effectuer des rotations sans perdre le contact.<\/p>\n<p>La pagaie de Pickleball en fibre de carbone 12K utilise un noyau en nid d'abeille en polypropyl\u00e8ne de 16 mm qui est thermoform\u00e9 dans un ch\u00e2ssis unibody. Vous sentez le sweet spot plus large et le son silencieux et solide que les clients vous demandent. Vous voulez plus de durabilit\u00e9 sur le terrain ? Ce set vous donne de la port\u00e9e pour les simples et des mains rapides pour les doubles. Chaque construction est produite pour r\u00e9pondre aux normes de l'USAPA, de sorte que vous pouvez l'exp\u00e9dier directement dans les clubs et les \u00e9v\u00e9nements.<\/p>\n<p>Parce que vous dirigez une entreprise, nous simplifions le reste. Vous choisissez la fen\u00eatre de poids, le point d'\u00e9quilibre, la taille de la poign\u00e9e, la finition et vos graphiques. Vous pouvez commander des \u00e9chantillons pour les tester, commencer avec des quantit\u00e9s minimes et augmenter rapidement lorsque vous constatez une traction.<\/p>","protected":false},"excerpt":{"rendered":"<p>Offrez \u00e0 votre marque un produit phare que vous pouvez soutenir. Cette pagaie en fibre de carbone 12K associe une face en carbone brut 12K \u00e0 un noyau en PP de 16 mm dans un corps unique thermoform\u00e9. Vous b\u00e9n\u00e9ficiez d'une puissance professionnelle, d'un toucher net, d'une durabilit\u00e9 des bords en titane, d'une conformit\u00e9 \u00e0 l'USAPA, ainsi que de vos graphismes, de vos sp\u00e9cifications et d'une faible quantit\u00e9 de pi\u00e8ces.<\/p>","protected":false},"featured_media":846,"template":"","meta":{"_gspb_post_css":""},"product_brand":[],"product_cat":[109,81],"product_tag":[112,114,113],"class_list":{"0":"post-888","1":"product","2":"type-product","3":"status-publish","4":"has-post-thumbnail","6":"product_cat-12k-carbon-fiber-pickleball-paddle","7":"product_cat-t-700-carbon-fiber-pickleball-paddle","8":"product_tag-12k-carbon-paddle","9":"product_tag-oem-pickleball-supplier","10":"product_tag-usapa-certified","12":"first","13":"instock","14":"shipping-taxable","15":"product-type-simple"},"_links":{"self":[{"href":"https:\/\/lingzhuopickleball.com\/fr\/wp-json\/wp\/v2\/product\/888","targetHints":{"allow":["GET"]}}],"collection":[{"href":"https:\/\/lingzhuopickleball.com\/fr\/wp-json\/wp\/v2\/product"}],"about":[{"href":"https:\/\/lingzhuopickleball.com\/fr\/wp-json\/wp\/v2\/types\/product"}],"wp:featuredmedia":[{"embeddable":true,"href":"https:\/\/lingzhuopickleball.com\/fr\/wp-json\/wp\/v2\/media\/846"}],"wp:attachment":[{"href":"https:\/\/lingzhuopickleball.com\/fr\/wp-json\/wp\/v2\/media?parent=888"}],"wp:term":[{"taxonomy":"product_brand","embeddable":true,"href":"https:\/\/lingzhuopickleball.com\/fr\/wp-json\/wp\/v2\/product_brand?post=888"},{"taxonomy":"product_cat","embeddable":true,"href":"https:\/\/lingzhuopickleball.com\/fr\/wp-json\/wp\/v2\/product_cat?post=888"},{"taxonomy":"product_tag","embeddable":true,"href":"https:\/\/lingzhuopickleball.com\/fr\/wp-json\/wp\/v2\/product_tag?post=888"}],"curies":[{"name":"wp","href":"https:\/\/api.w.org\/{rel}","templated":true}]}}