{"id":893,"date":"2025-11-13T22:51:57","date_gmt":"2025-11-13T14:51:57","guid":{"rendered":"https:\/\/lingzhuopickleball.com\/?post_type=product&#038;p=893"},"modified":"2025-11-13T22:51:57","modified_gmt":"2025-11-13T14:51:57","slug":"3d-textured-carbon-fiber-pickleball-paddle","status":"publish","type":"product","link":"https:\/\/lingzhuopickleball.com\/fr\/produit\/3d-textured-carbon-fiber-pickleball-paddle\/","title":{"rendered":"Pagaie de Pickleball en fibre de carbone textur\u00e9e 3D"},"content":{"rendered":"<p>Con\u00e7ue pour les joueurs qui exigent de la pr\u00e9cision sans sacrifier la puissance, la pagaie de Pickleball en fibre de carbone textur\u00e9e 3D combine un corps unibody thermoform\u00e9 avec une surface riche en friction pour permettre de r\u00e9aliser des coups en toute confiance dans n'importe quel rallye.<\/p>\n<p>Au c\u0153ur de cette structure, plusieurs couches de fibre de carbone Toray T700 sont int\u00e9gr\u00e9es sous l'effet de la chaleur et de la pression. Cette structure avanc\u00e9e, enti\u00e8rement envelopp\u00e9e sur le p\u00e9rim\u00e8tre, cr\u00e9e une structure rigide et stable qui transf\u00e8re plus d'\u00e9nergie dans la balle pour un rebond plus vif et plus coh\u00e9rent. La face en fibre de carbone textur\u00e9e en 3D ajoute une micro-grip et un temps d'arr\u00eat, afin de charger les topspin sur les drives, d'ajouter du mordant aux rollers, et de faire tomber les dinks avec un toucher chirurgical.<\/p>\n<p>Un rev\u00eatement textur\u00e9 durable prot\u00e8ge la surface et pr\u00e9serve l'effet au fil du temps. La raquette est approuv\u00e9e par l'USAPA, ce qui permet aux clubs, aux entra\u00eeneurs et aux d\u00e9taillants de disposer d'une raquette pr\u00eate pour les tournois d\u00e8s sa sortie de la bo\u00eete.<\/p>\n<p>Pour le confort et le contr\u00f4le, nous avons associ\u00e9 la technologie de la face \u00e0 un nouveau grip en cuir artificiel (circonf\u00e9rence 4,33 pouces) qui ne transpire pas et ne glisse pas. Le point id\u00e9al pour la port\u00e9e, la stabilit\u00e9 et la maniabilit\u00e9.<\/p>\n<p>Les avantages pour votre gamme de produits<\/p>\n<p>Construction thermoform\u00e9e, enti\u00e8rement en carbone pour la puissance et la durabilit\u00e9<\/p>\n<p>Face en fibre de carbone textur\u00e9e en 3D pour des effets et un contr\u00f4le de premier ordre.<\/p>\n<p>L\u00e9ger, silencieux et r\u00e9duisant la fatigue pour des sessions plus longues<\/p>\n<p>Tournoi conforme au label d'approbation de l'USAPA<\/p>\n<p>Id\u00e9ale pour les joueurs et les programmes ax\u00e9s sur la performance, cette raquette \u00e9l\u00e8ve le niveau de jeu et simplifie la vente au d\u00e9tail : qualit\u00e9 constante, caract\u00e9ristiques de niveau professionnel et sp\u00e9cifications que les athl\u00e8tes ressentent imm\u00e9diatement. Besoin d'un marquage personnalis\u00e9 ou d'une mise au point des sp\u00e9cifications ? Des options sont disponibles.<\/p>","protected":false},"excerpt":{"rendered":"<p>Pagaie de pickleball en carbone textur\u00e9 3D avec des couches T700 et une face sabl\u00e9e pour des effets, un contr\u00f4le et un rebond exceptionnels. Le cadre enti\u00e8rement en carbone ajoute de la puissance et de la stabilit\u00e9. Approuv\u00e9e par l'USAPA. 15.9\u00d78\u00d70.63 in, 7.68 oz, 4.92 in handle, 4.33 in sweat-wicking, anti-slip grip.<\/p>","protected":false},"featured_media":844,"template":"","meta":{"_gspb_post_css":""},"product_brand":[],"product_cat":[107,81,24],"product_tag":[115,116,36],"class_list":{"0":"post-893","1":"product","2":"type-product","3":"status-publish","4":"has-post-thumbnail","6":"product_cat-3d-textured-carbon-fiber-pickleball-paddle","7":"product_cat-t-700-carbon-fiber-pickleball-paddle","8":"product_cat-toray-t-700-carbon-fiber-pickleball-paddle","9":"product_tag-3d-textured-carbon-fiber-paddle","10":"product_tag-oem-pickleball-manufacturer","11":"product_tag-usapa-approved-pickleball-paddle","13":"first","14":"instock","15":"shipping-taxable","16":"product-type-simple"},"_links":{"self":[{"href":"https:\/\/lingzhuopickleball.com\/fr\/wp-json\/wp\/v2\/product\/893","targetHints":{"allow":["GET"]}}],"collection":[{"href":"https:\/\/lingzhuopickleball.com\/fr\/wp-json\/wp\/v2\/product"}],"about":[{"href":"https:\/\/lingzhuopickleball.com\/fr\/wp-json\/wp\/v2\/types\/product"}],"wp:featuredmedia":[{"embeddable":true,"href":"https:\/\/lingzhuopickleball.com\/fr\/wp-json\/wp\/v2\/media\/844"}],"wp:attachment":[{"href":"https:\/\/lingzhuopickleball.com\/fr\/wp-json\/wp\/v2\/media?parent=893"}],"wp:term":[{"taxonomy":"product_brand","embeddable":true,"href":"https:\/\/lingzhuopickleball.com\/fr\/wp-json\/wp\/v2\/product_brand?post=893"},{"taxonomy":"product_cat","embeddable":true,"href":"https:\/\/lingzhuopickleball.com\/fr\/wp-json\/wp\/v2\/product_cat?post=893"},{"taxonomy":"product_tag","embeddable":true,"href":"https:\/\/lingzhuopickleball.com\/fr\/wp-json\/wp\/v2\/product_tag?post=893"}],"curies":[{"name":"wp","href":"https:\/\/api.w.org\/{rel}","templated":true}]}}