{"id":608,"date":"2025-11-06T04:14:30","date_gmt":"2025-11-06T04:14:30","guid":{"rendered":"https:\/\/lingzhuopickleball.com\/?post_type=product&#038;p=608"},"modified":"2025-11-06T07:50:58","modified_gmt":"2025-11-06T07:50:58","slug":"3d-18k-carbon-fiber","status":"publish","type":"product","link":"https:\/\/lingzhuopickleball.com\/it\/prodotto\/3d-18k-carbon-fiber\/","title":{"rendered":"Pagaia da pickleball 3D in fibra di carbonio 18K - Omologata USAPA"},"content":{"rendered":"<p>Progettata per i giocatori pi\u00f9 seri e per i programmi pi\u00f9 impegnativi, la racchetta da pickleball in fibra di carbonio 3D 18K - approvata dall'USAPA - \u00e8 costruita per trasformare ogni swing in un'arma controllata. La faccia utilizza una fibra di carbonio 3D 18K all'avanguardia con una vera e propria trama triassiale, con tre fili intrecciati disposti ad angoli di 60 gradi. Questa struttura multidirezionale stabilizza la faccia all'impatto, morde la palla da qualsiasi direzione e aumenta drasticamente il potenziale di spin rispetto alle racchette convenzionali in carbonio grezzo unidirezionale.<\/p>\n<p>Per i marchi, i club e le accademie di formazione, questa costruzione rappresenta un vero e proprio elemento di differenziazione. La superficie 3D 18K conferisce alla vostra linea una storia tecnica chiaramente visibile che i giocatori esperti riconoscono immediatamente: maggiore attrito, tempo di permanenza pi\u00f9 lungo e ritorno di energia superiore su ogni colpo. Che i vostri clienti giochino in singolo o in doppio, sperimenteranno un controllo pi\u00f9 stretto sui dinks, un maggiore spin sui servizi e una difesa pi\u00f9 sicura contro i giocatori di potenza.<\/p>\n<p>Con l'approvazione dell'USAPA, questo modello \u00e8 pronto per i tornei sanzionati fin dall'inizio. Abbinatelo al vostro logo, ai vostri colori e alla vostra confezione per creare una gamma di racchette ad alte prestazioni che si distingua sul muro e in campo. Il risultato \u00e8 una racchetta da pickleball moderna e pronta per i tornei, che aiuta la vostra azienda a conquistare pi\u00f9 giocatori seri, stagione dopo stagione.<\/p>","protected":false},"excerpt":{"rendered":"<p>Paletta da pickleball in fibra di carbonio 3D 18K approvata dall'USAPA con trama triassiale per effetti, controllo e tocco esplosivi. Il design da 16 mm e 8,0 oz offre una manovrabilit\u00e0 veloce e prestazioni di livello professionale per club, allenatori e marchi che cercano racchette termoformate di qualit\u00e0 superiore.<\/p>\n<div class=\"jfk-bubble gtx-bubble\" style=\"visibility: visible; left: 50px; top: 47px; opacity: 1;\" role=\"alertdialog\" aria-describedby=\"bubble-2\">\n<div class=\"jfk-bubble-closebtn-id jfk-bubble-closebtn\" tabindex=\"0\" role=\"button\" aria-label=\"Chiudere\"><\/div>\n<div class=\"jfk-bubble-arrow-id jfk-bubble-arrow jfk-bubble-arrowup\" style=\"left: 54.5px;\">\n<div class=\"jfk-bubble-arrowimplbefore\"><\/div>\n<div class=\"jfk-bubble-arrowimplafter\"><\/div>\n<\/div>\n<\/div>","protected":false},"featured_media":609,"template":"","meta":{"_gspb_post_css":""},"product_brand":[],"product_cat":[23],"product_tag":[35,37,36],"class_list":{"0":"post-608","1":"product","2":"type-product","3":"status-publish","4":"has-post-thumbnail","6":"product_cat-3d-18k-carbon-fiber-pickleball-paddle","7":"product_tag-3d-18k-carbon-fiber-paddle","8":"product_tag-oem-pickleball-paddle-supplier","9":"product_tag-usapa-approved-pickleball-paddle","11":"first","12":"instock","13":"shipping-taxable","14":"product-type-simple"},"_links":{"self":[{"href":"https:\/\/lingzhuopickleball.com\/it\/wp-json\/wp\/v2\/product\/608","targetHints":{"allow":["GET"]}}],"collection":[{"href":"https:\/\/lingzhuopickleball.com\/it\/wp-json\/wp\/v2\/product"}],"about":[{"href":"https:\/\/lingzhuopickleball.com\/it\/wp-json\/wp\/v2\/types\/product"}],"wp:featuredmedia":[{"embeddable":true,"href":"https:\/\/lingzhuopickleball.com\/it\/wp-json\/wp\/v2\/media\/609"}],"wp:attachment":[{"href":"https:\/\/lingzhuopickleball.com\/it\/wp-json\/wp\/v2\/media?parent=608"}],"wp:term":[{"taxonomy":"product_brand","embeddable":true,"href":"https:\/\/lingzhuopickleball.com\/it\/wp-json\/wp\/v2\/product_brand?post=608"},{"taxonomy":"product_cat","embeddable":true,"href":"https:\/\/lingzhuopickleball.com\/it\/wp-json\/wp\/v2\/product_cat?post=608"},{"taxonomy":"product_tag","embeddable":true,"href":"https:\/\/lingzhuopickleball.com\/it\/wp-json\/wp\/v2\/product_tag?post=608"}],"curies":[{"name":"wp","href":"https:\/\/api.w.org\/{rel}","templated":true}]}}