{"id":626,"date":"2025-11-06T08:09:36","date_gmt":"2025-11-06T08:09:36","guid":{"rendered":"https:\/\/lingzhuopickleball.com\/?post_type=product&#038;p=626"},"modified":"2025-11-06T08:13:10","modified_gmt":"2025-11-06T08:13:10","slug":"kevlar-pickleball-paddle","status":"publish","type":"product","link":"https:\/\/lingzhuopickleball.com\/it\/prodotto\/kevlar-pickleball-paddle\/","title":{"rendered":"Pagaia da pickleball in kevlar con anima a nido d'ape durevole e pressata a caldo"},"content":{"rendered":"<p>La racchetta da pickleball Kevlar - nucleo a nido d'ape durevole pressato a caldo \u00e8 stata realizzata per i giocatori e i programmi che richiedono resistenza e sensibilit\u00e0 nello stesso telaio. Invece di una superficie tradizionale in solo carbonio, questa racchetta utilizza una superficie in fibra di Kevlar intrecciata e termoformata a bassa temperatura per proteggere l'integrit\u00e0 di ciascun filamento. Le fibre si flettono leggermente al momento dell'impatto, aumentando il tempo di sosta e offrendo ai giocatori un maggiore feedback e controllo direzionale.<\/p>\n<p>Sotto la faccia in Kevlar, un'anima a nido d'ape ad alte prestazioni pressata a caldo mantiene la struttura leggera, stabile e coerente in tutta l'area di battuta. Questa struttura amplia lo sweet spot effettivo e riduce le vibrazioni, aiutando a proteggere il braccio durante le lunghe sessioni di allenamento e l'utilizzo ad alto volume del bastone.<\/p>\n<p>Poich\u00e9 la faccia della racchetta da pickleball in kevlar \u00e8 pi\u00f9 indulgente rispetto a quella in carbonio pieno, la racchetta in kevlar \u00e8 adatta a un'ampia gamma di giocatori, dai principianti agli atleti dei campionati agonistici che amano giocare con uno stile aggressivo senza sacrificare il tocco. Gli allenatori noteranno che le battute sbagliate rimangono in gioco pi\u00f9 spesso, mentre i giocatori pi\u00f9 esperti possono ancora guidare la palla con autorit\u00e0.<\/p>\n<p>Per i marchi, i club e i distributori, questa racchetta offre una chiara storia di differenziazione: Costruzione in Kevlar per una durata superiore, una sensazione unica e una lunga vita utile. Il colore del bordo, lo stile dell'impugnatura e il motivo estetico possono essere personalizzati per adattarsi alla vostra linea, dandovi un prodotto tecnico e di alta qualit\u00e0 che si distingue sul muro e continua a funzionare stagione dopo stagione.<\/p>","protected":false},"excerpt":{"rendered":"<p>Paletta da pickleball in kevlar con anima a nido d'ape pressata a caldo, sensazione di durata e tolleranza, potenza e controllo bilanciati: ideale per i marchi e i club che cercano palette OEM di lunga durata.<\/p>","protected":false},"featured_media":627,"template":"","meta":{"_gspb_post_css":""},"product_brand":[],"product_cat":[20],"product_tag":[60,59,61],"class_list":{"0":"post-626","1":"product","2":"type-product","3":"status-publish","4":"has-post-thumbnail","6":"product_cat-kevlar-pickleball-paddle","7":"product_tag-hot-pressed-honeycomb-core-paddle","8":"product_tag-kevlar-pickleball-paddle","9":"product_tag-oem-kevlar-paddle-supplier","11":"first","12":"instock","13":"shipping-taxable","14":"product-type-simple"},"_links":{"self":[{"href":"https:\/\/lingzhuopickleball.com\/it\/wp-json\/wp\/v2\/product\/626","targetHints":{"allow":["GET"]}}],"collection":[{"href":"https:\/\/lingzhuopickleball.com\/it\/wp-json\/wp\/v2\/product"}],"about":[{"href":"https:\/\/lingzhuopickleball.com\/it\/wp-json\/wp\/v2\/types\/product"}],"wp:featuredmedia":[{"embeddable":true,"href":"https:\/\/lingzhuopickleball.com\/it\/wp-json\/wp\/v2\/media\/627"}],"wp:attachment":[{"href":"https:\/\/lingzhuopickleball.com\/it\/wp-json\/wp\/v2\/media?parent=626"}],"wp:term":[{"taxonomy":"product_brand","embeddable":true,"href":"https:\/\/lingzhuopickleball.com\/it\/wp-json\/wp\/v2\/product_brand?post=626"},{"taxonomy":"product_cat","embeddable":true,"href":"https:\/\/lingzhuopickleball.com\/it\/wp-json\/wp\/v2\/product_cat?post=626"},{"taxonomy":"product_tag","embeddable":true,"href":"https:\/\/lingzhuopickleball.com\/it\/wp-json\/wp\/v2\/product_tag?post=626"}],"curies":[{"name":"wp","href":"https:\/\/api.w.org\/{rel}","templated":true}]}}