{"id":636,"date":"2025-11-06T08:45:30","date_gmt":"2025-11-06T08:45:30","guid":{"rendered":"https:\/\/lingzhuopickleball.com\/?post_type=product&#038;p=636"},"modified":"2025-11-13T10:21:54","modified_gmt":"2025-11-13T02:21:54","slug":"gen-4-pickleball-paddle","status":"publish","type":"product","link":"https:\/\/lingzhuopickleball.com\/it\/prodotto\/gen-4-pickleball-paddle\/","title":{"rendered":"Pagaia da pickleball Gen 4 Migliore pagaia con schiuma a nido d'ape"},"content":{"rendered":"<p>La pagaia da pickleball Gen 4 Propulsion TFP con schiuma a nido d'ape \u00e8 il risultato di oltre un anno di progettazione e test sul campo. \u00c8 stata realizzata per i marchi e i programmi che desiderano una racchetta di \"nuova generazione\" chiaramente differenziata, non un semplice aggiornamento estetico.<\/p>\n<p>Il nucleo in schiuma EPP monostrato sostituisce la tradizionale struttura a nido d'ape. Questo corpo in schiuma continua conferisce alla racchetta una sensazione di maggiore connessione, un tempo di permanenza pi\u00f9 lungo e un rimbalzo pi\u00f9 forte e costante su tutta la superficie. I giocatori sperimentano uno sweet spot notevolmente pi\u00f9 ampio e una risposta pi\u00f9 esplosiva, anche quando il contatto \u00e8 decentrato.<\/p>\n<p>All'interno della schiuma, le camere d'aria interne formano un'architettura sigillata. Al momento dell'impatto, le camere si comprimono, accumulano pressione e rilasciano l'energia immagazzinata nella palla. Il risultato \u00e8 una maggiore potenza nei drive e nei servizi, con un minore sforzo da parte del giocatore. Questo effetto \"propulsivo\" \u00e8 ci\u00f2 che distingue il concetto di pagaia da pickleball Gen 4 dai nuclei standard.<\/p>\n<p>La superficie di battuta utilizza tre strati di fibra di carbonio grezza T700, ottimizzata per gli effetti. Il carbonio testurizzato prolunga il tempo di permanenza della palla, consentendo ai giocatori di tirare topspin, incidere fendenti e controllare colpi morbidi in cucina con la stessa racchetta.<\/p>\n<p>Nel manico, l'anima dell'impugnatura a nido d'ape in polipropilene stampata con precisione \u00e8 collegata alla faccia attraverso uno strato di rinforzo in carbonio. Questo migliora la stabilit\u00e0 torsionale e trasmette il feedback in modo pulito alla mano, mantenendo il peso complessivo nella gamma della concorrenza.<\/p>\n<p>Il paraspigoli ad alto impatto e il lay-up sigillato con resina sono testati per resistere a pi\u00f9 di 2.000 colpi di palla prima di subire microfratture, riducendo in modo significativo le richieste di garanzia e i costi post-vendita per distributori e club.<\/p>\n<p>Per i clienti OEM\/ODM, le grafiche, i colori dei bordi e le opzioni di impugnatura possono essere completamente personalizzati, offrendo una pagaia di punta della Gen 4 per il pickleball con una storia tecnologica avvincente e una lunga durata per i giocatori pi\u00f9 seri.<\/p>","protected":false},"excerpt":{"rendered":"<p>Pagaia da pickleball di quarta generazione con anima in schiuma EPP \/ camera d'aria, faccia in carbonio T700 a triplo strato e impugnatura a nido d'ape, che offre un enorme sweet spot, un rimbalzo esplosivo e un forte spin per linee di prestazioni OEM\/ODM di alto livello.<\/p>","protected":false},"featured_media":532,"template":"","meta":{"_gspb_post_css":""},"product_brand":[],"product_cat":[24],"product_tag":[63,62,37],"class_list":{"0":"post-636","1":"product","2":"type-product","3":"status-publish","4":"has-post-thumbnail","6":"product_cat-toray-t-700-carbon-fiber-pickleball-paddle","7":"product_tag-foam-core-carbon-paddle","8":"product_tag-gen-4-pickleball-paddle","9":"product_tag-oem-pickleball-paddle-supplier","11":"first","12":"instock","13":"shipping-taxable","14":"product-type-simple"},"_links":{"self":[{"href":"https:\/\/lingzhuopickleball.com\/it\/wp-json\/wp\/v2\/product\/636","targetHints":{"allow":["GET"]}}],"collection":[{"href":"https:\/\/lingzhuopickleball.com\/it\/wp-json\/wp\/v2\/product"}],"about":[{"href":"https:\/\/lingzhuopickleball.com\/it\/wp-json\/wp\/v2\/types\/product"}],"wp:featuredmedia":[{"embeddable":true,"href":"https:\/\/lingzhuopickleball.com\/it\/wp-json\/wp\/v2\/media\/532"}],"wp:attachment":[{"href":"https:\/\/lingzhuopickleball.com\/it\/wp-json\/wp\/v2\/media?parent=636"}],"wp:term":[{"taxonomy":"product_brand","embeddable":true,"href":"https:\/\/lingzhuopickleball.com\/it\/wp-json\/wp\/v2\/product_brand?post=636"},{"taxonomy":"product_cat","embeddable":true,"href":"https:\/\/lingzhuopickleball.com\/it\/wp-json\/wp\/v2\/product_cat?post=636"},{"taxonomy":"product_tag","embeddable":true,"href":"https:\/\/lingzhuopickleball.com\/it\/wp-json\/wp\/v2\/product_tag?post=636"}],"curies":[{"name":"wp","href":"https:\/\/api.w.org\/{rel}","templated":true}]}}