{"id":644,"date":"2025-11-06T09:09:46","date_gmt":"2025-11-06T09:09:46","guid":{"rendered":"https:\/\/lingzhuopickleball.com\/?post_type=product&#038;p=644"},"modified":"2025-11-06T09:09:46","modified_gmt":"2025-11-06T09:09:46","slug":"titanium-pickleball-paddle","status":"publish","type":"product","link":"https:\/\/lingzhuopickleball.com\/it\/prodotto\/titanium-pickleball-paddle\/","title":{"rendered":"Paletta da pickleball in titanio carbonio leggera personalizzata"},"content":{"rendered":"<article class=\"text-token-text-primary w-full focus:outline-none [--shadow-height:45px] has-data-writing-block:pointer-events-none has-data-writing-block:-mt-(--shadow-height) has-data-writing-block:pt-(--shadow-height) [&amp;:has([data-writing-block])&gt;*]:pointer-events-auto [content-visibility:auto] supports-[content-visibility:auto]:[contain-intrinsic-size:auto_100lvh] scroll-mt-[calc(var(--header-height)+min(200px,max(70px,20svh)))]\" dir=\"auto\" tabindex=\"-1\" data-turn-id=\"request-WEB:6d4c3039-22b4-46b1-a316-0bf878d137ef-12\" data-testid=\"conversation-turn-26\" data-scroll-anchor=\"true\" data-turn=\"assistant\">\n<div class=\"text-base my-auto mx-auto pb-10 [--thread-content-margin:--spacing(4)] thread-sm:[--thread-content-margin:--spacing(6)] thread-lg:[--thread-content-margin:--spacing(16)] px-(--thread-content-margin)\">\n<div class=\"[--thread-content-max-width:40rem] thread-lg:[--thread-content-max-width:48rem] mx-auto max-w-(--thread-content-max-width) flex-1 group\/turn-messages focus-visible:outline-hidden relative flex w-full min-w-0 flex-col agent-turn\" tabindex=\"-1\">\n<div class=\"flex max-w-full flex-col grow\">\n<div class=\"min-h-8 text-message relative flex w-full flex-col items-end gap-2 text-start break-words whitespace-normal [.text-message+&amp;]:mt-1\" dir=\"auto\" data-message-author-role=\"assistant\" data-message-id=\"145a3faf-9b81-4efc-8c4e-9797c5e37644\" data-message-model-slug=\"gpt-5-thinking\">\n<div class=\"flex w-full flex-col gap-1 empty:hidden first:pt-[1px]\">\n<div class=\"markdown prose dark:prose-invert w-full break-words light markdown-new-styling\">\n<p data-start=\"237\" data-end=\"638\">La racchetta da pickleball in titanio - Carbon Lightweight Customized \u00e8 stata progettata come un vero e proprio fiore all'occhiello per i marchi pi\u00f9 seri, non come un altro composito del catalogo. Con un peso tipico di 7,6-8,0 once (215-227 g), un'anima in polimero da 16 mm e una superficie di 16,0 pollici \u00d7 7,8 pollici, vi aiuta a combinare velocit\u00e0 di swing, uno sweet spot indulgente e un contatto stabile in ogni colpo.<\/p>\n<p data-start=\"237\" data-end=\"638\">La superficie in carbonio infusa di titanio \u00e8 al centro del design. I test di laboratorio sugli impatti dimostrano che i tessuti in titanio possono aumentare la resistenza della superficie fino a 25% rispetto al carbonio standard, in modo da ridurre le rotture, i resi in garanzia e la durata delle racchette nei programmi di club e di noleggio. La trama micro-testurizzata della racchetta da pickleball in titanio consente di afferrare la palla pi\u00f9 a lungo, dando pi\u00f9 spin ai servizi, ai tiri e ai pallonetti difensivi.<\/p>\n<p data-start=\"237\" data-end=\"638\">All'interno, un nucleo a nido d'ape in polimero ad alto rimbalzo \u00e8 regolato su un rapporto potenza-controllo di circa 60\/40. I vostri giocatori ottengono una facile profondit\u00e0 dalla linea di fondo, pur consentendo loro di prendere ritmo dalla palla in cucina. Se avete bisogno di un tocco pi\u00f9 morbido o di una maggiore potenza, potete specificare lo spessore dell'anima da 13 a 20 mm, le finestre di peso e i punti di bilanciamento desiderati, e noi costruiremo il lay-up in base al vostro modo di vendere e al modo di giocare dei vostri clienti.<\/p>\n<p data-start=\"237\" data-end=\"638\">Per voi, proprietari di un marchio o responsabili degli acquisti, la ripetibilit\u00e0 \u00e8 tutto. La produzione di racchette da pickleball in titanio mantiene la tolleranza di peso entro \u00b12 g e lo spessore entro \u00b10,2 mm, in modo che ogni produzione risulti familiare nelle mani dei vostri clienti. \u00c8 possibile personalizzare i colori dei bordi e dell'impugnatura, la grafica della faccia, la finitura lucida o opaca, oltre a soluzioni di packaging per la vendita al dettaglio e multi-pack per adattarsi a ogni canale.<\/p>\n<p data-start=\"237\" data-end=\"638\">In breve, questa piattaforma in titanio-carbonio vi permette di raccontare una storia chiara di prestazioni, offre ai vostri giocatori una racchetta pi\u00f9 veloce e pi\u00f9 resistente e vi offre un modello premium hero abbastanza forte da portare il vostro logo nei mercati pi\u00f9 competitivi del pickleball.<\/p>\n<\/div>\n<\/div>\n<\/div>\n<\/div>\n<div class=\"z-0 flex min-h-[46px] justify-start\"><\/div>\n<div class=\"mt-3 w-full empty:hidden\">\n<div class=\"text-center\"><\/div>\n<\/div>\n<\/div>\n<\/div>\n<\/article>\n<div class=\"pointer-events-none h-px w-px\" aria-hidden=\"true\" data-edge=\"true\"><\/div>\n<div id=\"gtx-anchor\" style=\"position: absolute; visibility: hidden; left: 350.24px; top: 292.667px; width: 7.5625px; height: 18px;\"><\/div>\n<div class=\"jfk-bubble gtx-bubble\" style=\"visibility: visible; left: -218px; top: 146px; opacity: 1;\" role=\"alertdialog\" aria-describedby=\"bubble-3\">\n<div id=\"bubble-3\" class=\"jfk-bubble-content-id\">\n<div id=\"gtx-host\" style=\"min-width: 200px; max-width: 400px;\"><\/div>\n<\/div>\n<div class=\"jfk-bubble-closebtn-id jfk-bubble-closebtn\" tabindex=\"0\" role=\"button\" aria-label=\"Chiudere\"><\/div>\n<div class=\"jfk-bubble-arrow-id jfk-bubble-arrow jfk-bubble-arrowdown\" style=\"left: 344.24px;\">\n<div class=\"jfk-bubble-arrowimplbefore\"><\/div>\n<div class=\"jfk-bubble-arrowimplafter\"><\/div>\n<\/div>\n<\/div>","protected":false},"excerpt":{"rendered":"<p>Leggera racchetta da pickleball in titanio-carbonio (7,6-8,0 oz, anima da 16 mm) che offre velocit\u00e0 di swing, sensazione di nitidezza e personalizzazione completa OEM per grafica, peso e bilanciamento.<\/p>","protected":false},"featured_media":645,"template":"","meta":{"_gspb_post_css":""},"product_brand":[],"product_cat":[21],"product_tag":[65,66,64],"class_list":{"0":"post-644","1":"product","2":"type-product","3":"status-publish","4":"has-post-thumbnail","6":"product_cat-titanium-pickleball-paddle","7":"product_tag-lightweight-carbon-paddle","8":"product_tag-oem-custom-pickleball-paddle","9":"product_tag-titanium-pickleball-paddle","11":"first","12":"instock","13":"shipping-taxable","14":"product-type-simple"},"_links":{"self":[{"href":"https:\/\/lingzhuopickleball.com\/it\/wp-json\/wp\/v2\/product\/644","targetHints":{"allow":["GET"]}}],"collection":[{"href":"https:\/\/lingzhuopickleball.com\/it\/wp-json\/wp\/v2\/product"}],"about":[{"href":"https:\/\/lingzhuopickleball.com\/it\/wp-json\/wp\/v2\/types\/product"}],"wp:featuredmedia":[{"embeddable":true,"href":"https:\/\/lingzhuopickleball.com\/it\/wp-json\/wp\/v2\/media\/645"}],"wp:attachment":[{"href":"https:\/\/lingzhuopickleball.com\/it\/wp-json\/wp\/v2\/media?parent=644"}],"wp:term":[{"taxonomy":"product_brand","embeddable":true,"href":"https:\/\/lingzhuopickleball.com\/it\/wp-json\/wp\/v2\/product_brand?post=644"},{"taxonomy":"product_cat","embeddable":true,"href":"https:\/\/lingzhuopickleball.com\/it\/wp-json\/wp\/v2\/product_cat?post=644"},{"taxonomy":"product_tag","embeddable":true,"href":"https:\/\/lingzhuopickleball.com\/it\/wp-json\/wp\/v2\/product_tag?post=644"}],"curies":[{"name":"wp","href":"https:\/\/api.w.org\/{rel}","templated":true}]}}