{"id":664,"date":"2025-11-06T18:48:00","date_gmt":"2025-11-06T10:48:00","guid":{"rendered":"https:\/\/lingzhuopickleball.com\/?post_type=product&#038;p=664"},"modified":"2025-11-12T00:05:51","modified_gmt":"2025-11-11T16:05:51","slug":"t-300-pickleball-paddle","status":"publish","type":"product","link":"https:\/\/lingzhuopickleball.com\/it\/prodotto\/t-300-pickleball-paddle\/","title":{"rendered":"T 300 racchetta da pickleball in fibra di carbonio di alta qualit\u00e0 USAPA"},"content":{"rendered":"<p>1.T 300 Pickleball Paddle - Pagaia in fibra di carbonio di alta qualit\u00e0 con approvazione USAPA, costruita per voi quando avete bisogno di una pagaia che sia veloce nelle mani dei vostri giocatori e affidabile nella vostra attivit\u00e0. Grazie alla fibra di carbonio T300 sulla faccia e all'anima in PP a nido d'ape all'interno, avrete un'opportunit\u00e0 che vi permetter\u00e0 di promettere velocit\u00e0, controllo e precisione in ogni evento.<\/p>\n<p>2. In campo, i giocatori percepiscono la rapida risposta della superficie della racchetta. Quando si chiede loro di colpire la palla, la racchetta da pickleball T300 offre una profondit\u00e0 senza sforzo. Quando si chiede loro di ammorbidire la mano per i dinks, i drop e i reset, la stessa racchetta offre un tocco calmo e prevedibile. Questa coerenza vi aiuta a gestire le sessioni di coaching in modo pi\u00f9 fluido e a ridurre le lamentele per le racchette \"morte\".<\/p>\n<p>3. Lo sweet spot selvaggio supporta il tipico giocatore di campionato che non colpisce sempre il centro. I giocatori di livello base possono contare su un maggior numero di palle in gioco, pi\u00f9 lunghe e pi\u00f9 divertenti, mentre i giocatori pi\u00f9 esperti ottengono il feedback di cui hanno bisogno per attaccare le linee con sicurezza.<\/p>\n<p>4. Dal punto di vista dell'approvvigionamento, si ottengono tolleranze di peso ristrette, protezione durevole dei bordi e impugnature che rimangono confortevoli anche in condizioni di caldo e umidit\u00e0. Ci\u00f2 significa che si dedica meno tempo a risolvere i problemi di qualit\u00e0 e pi\u00f9 tempo a costruire il proprio mercato.<\/p>\n<p>5. Ogni elemento della racchetta pu\u00f2 essere personalizzato: scegliete la forma, i colori, la grafica e il peso pi\u00f9 adatti al vostro canale. Sia che la posizionate come racchetta principale del vostro club o come modello eroe per i giocatori agonisti, la racchetta da pickleball T 300 vi offre un messaggio chiaro da condividere: una racchetta in fibra di carbonio stabile e approvata dall'USAPA che aiuta voi e i vostri clienti a giocare, insegnare e vendere con fiducia.<\/p>","protected":false},"excerpt":{"rendered":"<p>Paletta da pickleball T300 in fibra di carbonio approvata dall'USAPA, progettata per garantire velocit\u00e0, controllo e precisione. Leggera, reattiva e resistente, \u00e8 ideale per i marchi, i club e le accademie che cercano racchette di alta qualit\u00e0 con prestazioni OEM\/ODM.<\/p>","protected":false},"featured_media":665,"template":"","meta":{"_gspb_post_css":""},"product_brand":[],"product_cat":[15,20,74],"product_tag":[37,75,76],"class_list":{"0":"post-664","1":"product","2":"type-product","3":"status-publish","4":"has-post-thumbnail","6":"product_cat-thermoformed-paddle","7":"product_cat-kevlar-pickleball-paddle","8":"product_cat-t-300-carbon-fiber-pickleball-paddle","9":"product_tag-oem-pickleball-paddle-supplier","10":"product_tag-t300-carbon-fiber-paddle","11":"product_tag-usapa-pickleball-paddle","13":"first","14":"instock","15":"shipping-taxable","16":"product-type-simple"},"_links":{"self":[{"href":"https:\/\/lingzhuopickleball.com\/it\/wp-json\/wp\/v2\/product\/664","targetHints":{"allow":["GET"]}}],"collection":[{"href":"https:\/\/lingzhuopickleball.com\/it\/wp-json\/wp\/v2\/product"}],"about":[{"href":"https:\/\/lingzhuopickleball.com\/it\/wp-json\/wp\/v2\/types\/product"}],"wp:featuredmedia":[{"embeddable":true,"href":"https:\/\/lingzhuopickleball.com\/it\/wp-json\/wp\/v2\/media\/665"}],"wp:attachment":[{"href":"https:\/\/lingzhuopickleball.com\/it\/wp-json\/wp\/v2\/media?parent=664"}],"wp:term":[{"taxonomy":"product_brand","embeddable":true,"href":"https:\/\/lingzhuopickleball.com\/it\/wp-json\/wp\/v2\/product_brand?post=664"},{"taxonomy":"product_cat","embeddable":true,"href":"https:\/\/lingzhuopickleball.com\/it\/wp-json\/wp\/v2\/product_cat?post=664"},{"taxonomy":"product_tag","embeddable":true,"href":"https:\/\/lingzhuopickleball.com\/it\/wp-json\/wp\/v2\/product_tag?post=664"}],"curies":[{"name":"wp","href":"https:\/\/api.w.org\/{rel}","templated":true}]}}