{"id":681,"date":"2025-11-07T10:20:21","date_gmt":"2025-11-07T02:20:21","guid":{"rendered":"https:\/\/lingzhuopickleball.com\/?post_type=product&#038;p=681"},"modified":"2025-11-07T10:20:45","modified_gmt":"2025-11-07T02:20:45","slug":"trufoam-pickleball-paddle","status":"publish","type":"product","link":"https:\/\/lingzhuopickleball.com\/it\/prodotto\/trufoam-pickleball-paddle\/","title":{"rendered":"Pagaia da pickleball Trufoam 16 mm termoformatura Gen 4 migliore"},"content":{"rendered":"<p>La racchetta TruFoam Pickleball Paddle 16mm Thermoforming Gen 4 \u00e8 stata realizzata per i marchi e i programmi che desiderano un netto passo avanti rispetto alla tradizionale tecnologia a nido d'ape in polipropilene. Al posto delle celle in PP, l'intero nucleo di questa racchetta \u00e8 costituito da un unico pezzo di TruFoam ad alta densit\u00e0, progettato per offrire una sensazione unica di morbidezza e controllo senza sacrificare il rimbalzo o lo \"schiocco\".<\/p>\n<p>Poich\u00e9 l'intera anima \u00e8 in schiuma, non si \u00e8 pi\u00f9 vincolati dalla resistenza delle pareti a nido d'ape o dalle dimensioni delle celle. Il sistema TruFoam ci permette di regolare con precisione la sensazione, il bilanciamento, la dimensione dello sweet spot e il plow-through su tutto il profilo da 16 mm. Non c'\u00e8 periodo di rodaggio n\u00e9 rischio di schiacciamento del nucleo, quindi i vostri clienti sperimenteranno la stessa risposta vivace dal primo colpo fino a centinaia di ore di gioco.<\/p>\n<p>La costruzione delle racchette da pickleball TruFoam unisce l'anima in schiuma a un guscio esterno rigido in un unico pezzo. In questo modo si migliora la durata dei bordi, si mantiene la faccia piatta e si mantengono le prestazioni molto meglio degli assemblaggi dei paraspigoli incollati: un aspetto importante per i club, le accademie e i rivenditori che fanno un uso intensivo dei campi settimanali.<\/p>\n<p>Il manico allungato da 5,5\u2033 offre ai giocatori moderni la portata e la leva extra che si aspettano. I rovesci a due mani risultano naturali e l'impugnatura pi\u00f9 lunga aggiunge velocit\u00e0 di swing agli overhead e ai drive senza portare il peso complessivo al di fuori della gamma ideale. Le dimensioni effettive dell'impugnatura possono variare fino a 1\/8\u2033, offrendo flessibilit\u00e0 nelle opzioni di overgrip e personalizzazione.<\/p>\n<p>La faccia pulita e perforata mostrata nelle immagini offre una tela minimalista per grafiche a marchio privato o progetti di co-branding. \u00c8 possibile specificare colori, loghi, finestre di peso e confezioni per posizionare questo modello come fiore all'occhiello della vostra linea avanzata o professionale.<\/p>\n<p>Se siete alla ricerca di un'alternativa high-tech, con anima in schiuma, che differenzi chiaramente la vostra gamma e offra ai giocatori pi\u00f9 tocco, controllo e potenza, la pagaia TruFoam 16 mm Gen 4 \u00e8 una scelta convincente.<\/p>\n<div id=\"gtx-anchor\" style=\"position: absolute; visibility: hidden; left: 10px; top: 204.667px; width: 180.594px; height: 18px;\"><\/div>\n<div class=\"jfk-bubble gtx-bubble\" style=\"visibility: visible; left: 86px; top: 233px; opacity: 1;\" role=\"alertdialog\" aria-describedby=\"bubble-3\">\n<div id=\"bubble-3\" class=\"jfk-bubble-content-id\">\n<div id=\"gtx-host\" style=\"min-width: 200px; max-width: 400px;\"><\/div>\n<\/div>\n<div class=\"jfk-bubble-closebtn-id jfk-bubble-closebtn\" tabindex=\"0\" role=\"button\" aria-label=\"Chiudere\"><\/div>\n<div class=\"jfk-bubble-arrow-id jfk-bubble-arrow jfk-bubble-arrowup\" style=\"left: 90.5px;\">\n<div class=\"jfk-bubble-arrowimplbefore\"><\/div>\n<div class=\"jfk-bubble-arrowimplafter\"><\/div>\n<\/div>\n<\/div>","protected":false},"excerpt":{"rendered":"<p>Racchetta Trufoam Pickleball Paddle 16mm Thermoforming Gen 4 con anima in schiuma ad alta densit\u00e0 (senza nido d'ape in PP), manico allungato da 5,5\u2033 e faccia perforata per uno swing veloce, un controllo morbido e prestazioni durevoli di livello professionale per marchi OEM\/ODM, club e rivenditori.<\/p>\n<div id=\"gtx-anchor\" style=\"position: absolute; visibility: hidden; left: 10px; top: 18.6667px; width: 391.438px; height: 18px;\"><\/div>\n<div class=\"jfk-bubble gtx-bubble\" style=\"visibility: visible; left: 191px; top: 47px; opacity: 1;\" role=\"alertdialog\" aria-describedby=\"bubble-6\">\n<div id=\"bubble-6\" class=\"jfk-bubble-content-id\">\n<div id=\"gtx-host\" style=\"min-width: 200px; max-width: 400px;\"><\/div>\n<\/div>\n<div class=\"jfk-bubble-closebtn-id jfk-bubble-closebtn\" tabindex=\"0\" role=\"button\" aria-label=\"Chiudere\"><\/div>\n<div class=\"jfk-bubble-arrow-id jfk-bubble-arrow jfk-bubble-arrowup\" style=\"left: 195.5px;\">\n<div class=\"jfk-bubble-arrowimplbefore\"><\/div>\n<div class=\"jfk-bubble-arrowimplafter\"><\/div>\n<\/div>\n<\/div>","protected":false},"featured_media":683,"template":"","meta":{"_gspb_post_css":""},"product_brand":[],"product_cat":[15],"product_tag":[85,86,84],"class_list":{"0":"post-681","1":"product","2":"type-product","3":"status-publish","4":"has-post-thumbnail","6":"product_cat-thermoformed-paddle","7":"product_tag-foam-core-pickleball-paddle","8":"product_tag-thermoformed-gen-4-paddle","9":"product_tag-trufoam-pickleball-paddle","11":"first","12":"instock","13":"shipping-taxable","14":"product-type-simple"},"_links":{"self":[{"href":"https:\/\/lingzhuopickleball.com\/it\/wp-json\/wp\/v2\/product\/681","targetHints":{"allow":["GET"]}}],"collection":[{"href":"https:\/\/lingzhuopickleball.com\/it\/wp-json\/wp\/v2\/product"}],"about":[{"href":"https:\/\/lingzhuopickleball.com\/it\/wp-json\/wp\/v2\/types\/product"}],"wp:featuredmedia":[{"embeddable":true,"href":"https:\/\/lingzhuopickleball.com\/it\/wp-json\/wp\/v2\/media\/683"}],"wp:attachment":[{"href":"https:\/\/lingzhuopickleball.com\/it\/wp-json\/wp\/v2\/media?parent=681"}],"wp:term":[{"taxonomy":"product_brand","embeddable":true,"href":"https:\/\/lingzhuopickleball.com\/it\/wp-json\/wp\/v2\/product_brand?post=681"},{"taxonomy":"product_cat","embeddable":true,"href":"https:\/\/lingzhuopickleball.com\/it\/wp-json\/wp\/v2\/product_cat?post=681"},{"taxonomy":"product_tag","embeddable":true,"href":"https:\/\/lingzhuopickleball.com\/it\/wp-json\/wp\/v2\/product_tag?post=681"}],"curies":[{"name":"wp","href":"https:\/\/api.w.org\/{rel}","templated":true}]}}