{"id":888,"date":"2025-11-13T21:27:34","date_gmt":"2025-11-13T13:27:34","guid":{"rendered":"https:\/\/lingzhuopickleball.com\/?post_type=product&#038;p=888"},"modified":"2025-11-13T21:36:54","modified_gmt":"2025-11-13T13:36:54","slug":"12k-carbon-fiber-pickleball-paddle","status":"publish","type":"product","link":"https:\/\/lingzhuopickleball.com\/it\/prodotto\/12k-carbon-fiber-pickleball-paddle\/","title":{"rendered":"12K Fibra di carbonio Pickleball Paddle Best"},"content":{"rendered":"<p>Se state costruendo una linea di qualit\u00e0 superiore, avete bisogno di una racchetta che i giocatori sentano nel momento stesso in cui la brandeggiano. Con la nostra racchetta da pickleball in fibra di carbonio 12K, otterrete una risposta nitida e ripetibile che vi aiuter\u00e0 a vendere prestazioni e non promesse.<\/p>\n<p>La faccia utilizza un carbonio grezzo da 12K - ogni torciglione contiene 12.000 filamenti - in modo da ottenere uno strato d'impatto pi\u00f9 rigido rispetto a quello da 3K o 6K. Questa maggiore rigidit\u00e0 evita che la faccia si sfaldi al contatto, offrendo un maggiore ritorno di energia per i drive e i counter e una migliore stabilit\u00e0 quando si blocca il calore in cucina. La micro-tessitura aumenta il tempo di permanenza, consentendo di modellare le rotazioni senza perdere il tocco.<\/p>\n<p>La racchetta da pickleball in fibra di carbonio 12K utilizza un'anima a nido d'ape in polipropilene da 16 mm termoformata in un telaio unibody. Si sente lo sweet spot pi\u00f9 ampio e il suono solido e silenzioso che i clienti ci chiedono. Volete una maggiore durata sul campo? Questo set vi offre la possibilit\u00e0 di raggiungere i singoli e mani veloci per i doppi. Ogni costruzione \u00e8 prodotta in conformit\u00e0 agli standard USAPA, in modo da poter essere spedita direttamente nei club e negli eventi.<\/p>\n<p>Poich\u00e9 siete voi a gestire un'azienda, il resto lo rendiamo semplice. Siete voi a scegliere la finestra di peso, il punto di equilibrio, le dimensioni dell'impugnatura, la finitura e la grafica. Potete ordinare campioni da testare, iniziare con MOQ bassi e scalare rapidamente quando vedete che c'\u00e8 trazione.<\/p>","protected":false},"excerpt":{"rendered":"<p>Date al vostro marchio un fiore all'occhiello da difendere. Questa pagaia in fibra di carbonio 12K abbina una faccia in carbonio grezzo 12K a un'anima in PP da 16 mm in un corpo unibody termoformato. Avrete potenza professionale, tocco pulito, durata del bordo in titanio, conformit\u00e0 agli standard USAPA e la vostra grafica, le vostre specifiche e bassi MOQ.<\/p>","protected":false},"featured_media":846,"template":"","meta":{"_gspb_post_css":""},"product_brand":[],"product_cat":[109,81],"product_tag":[112,114,113],"class_list":{"0":"post-888","1":"product","2":"type-product","3":"status-publish","4":"has-post-thumbnail","6":"product_cat-12k-carbon-fiber-pickleball-paddle","7":"product_cat-t-700-carbon-fiber-pickleball-paddle","8":"product_tag-12k-carbon-paddle","9":"product_tag-oem-pickleball-supplier","10":"product_tag-usapa-certified","12":"first","13":"instock","14":"shipping-taxable","15":"product-type-simple"},"_links":{"self":[{"href":"https:\/\/lingzhuopickleball.com\/it\/wp-json\/wp\/v2\/product\/888","targetHints":{"allow":["GET"]}}],"collection":[{"href":"https:\/\/lingzhuopickleball.com\/it\/wp-json\/wp\/v2\/product"}],"about":[{"href":"https:\/\/lingzhuopickleball.com\/it\/wp-json\/wp\/v2\/types\/product"}],"wp:featuredmedia":[{"embeddable":true,"href":"https:\/\/lingzhuopickleball.com\/it\/wp-json\/wp\/v2\/media\/846"}],"wp:attachment":[{"href":"https:\/\/lingzhuopickleball.com\/it\/wp-json\/wp\/v2\/media?parent=888"}],"wp:term":[{"taxonomy":"product_brand","embeddable":true,"href":"https:\/\/lingzhuopickleball.com\/it\/wp-json\/wp\/v2\/product_brand?post=888"},{"taxonomy":"product_cat","embeddable":true,"href":"https:\/\/lingzhuopickleball.com\/it\/wp-json\/wp\/v2\/product_cat?post=888"},{"taxonomy":"product_tag","embeddable":true,"href":"https:\/\/lingzhuopickleball.com\/it\/wp-json\/wp\/v2\/product_tag?post=888"}],"curies":[{"name":"wp","href":"https:\/\/api.w.org\/{rel}","templated":true}]}}