{"id":893,"date":"2025-11-13T22:51:57","date_gmt":"2025-11-13T14:51:57","guid":{"rendered":"https:\/\/lingzhuopickleball.com\/?post_type=product&#038;p=893"},"modified":"2025-11-13T22:51:57","modified_gmt":"2025-11-13T14:51:57","slug":"3d-textured-carbon-fiber-pickleball-paddle","status":"publish","type":"product","link":"https:\/\/lingzhuopickleball.com\/it\/prodotto\/3d-textured-carbon-fiber-pickleball-paddle\/","title":{"rendered":"Pagaia da pickleball in fibra di carbonio testurizzata 3D"},"content":{"rendered":"<p>Progettata per i giocatori che esigono precisione senza sacrificare la potenza, la racchetta da pickleball in fibra di carbonio testurizzata 3D combina un corpo unibody termoformato con una superficie ricca di attrito per offrire un tiro sicuro in qualsiasi rally.<\/p>\n<p>Al centro, strati multipli di fibra di carbonio Toray T700 sono integrati sotto calore e pressione. Questo lay-up avanzato, completamente avvolto lungo il perimetro, crea una struttura rigida e stabile che trasferisce pi\u00f9 energia alla palla per un rimbalzo pi\u00f9 vivace e costante. La superficie in fibra di carbonio con texture 3D aggiunge micro-grip e tempo di permanenza, in modo da caricare il topspin sui drive, aggiungere mordente ai roll e far cadere i dinks con un tocco chirurgico.<\/p>\n<p>Un resistente rivestimento sabbiato protegge la superficie e preserva gli effetti nel tempo. La racchetta \u00e8 approvata dall'USAPA e offre ai club, agli allenatori e ai rivenditori una racchetta pronta per i tornei fin dall'inizio.<\/p>\n<p>Per garantire comfort e controllo, abbiamo abbinato la tecnologia del viso a una nuova impugnatura in pelle artificiale (circonferenza di 4,33 pollici), che non lascia trasparire il sudore e resiste allo scivolamento. Il punto di forza \u00e8 la portata, la stabilit\u00e0 e la maneggevolezza.<\/p>\n<p>Perch\u00e9 \u00e8 vincente per la vostra formazione<\/p>\n<p>Struttura termoformata e completamente rivestita in carbonio per garantire potenza e durata.<\/p>\n<p>Faccia in fibra di carbonio testurizzata 3D per spin e controllo ottimali<\/p>\n<p>Leggero, silenzioso e non affaticante per le sessioni pi\u00f9 lunghe<\/p>\n<p>Torneo conforme all'etichetta di approvazione USAPA<\/p>\n<p>Ideale per giocatori e programmi orientati alle prestazioni, questa racchetta eleva il gioco e semplifica la vendita al dettaglio: qualit\u00e0 costante, caratteristiche di livello professionale e specifiche che gli atleti percepiscono immediatamente. Avete bisogno di un marchio personalizzato o di una messa a punto delle specifiche? Le opzioni sono disponibili.<\/p>","protected":false},"excerpt":{"rendered":"<p>Paletta da pickleball in carbonio con struttura 3D, stratificazione T700 e faccia in graniglia di sabbia per effetti, controllo e rimbalzi ottimali. Il telaio interamente in carbonio aggiunge potenza e stabilit\u00e0. Omologata USAPA. 15,9\u00d78\u00d70,63 pollici, 7,68 once, manico da 4,92 pollici, impugnatura antisudore da 4,33 pollici.<\/p>","protected":false},"featured_media":844,"template":"","meta":{"_gspb_post_css":""},"product_brand":[],"product_cat":[107,81,24],"product_tag":[115,116,36],"class_list":{"0":"post-893","1":"product","2":"type-product","3":"status-publish","4":"has-post-thumbnail","6":"product_cat-3d-textured-carbon-fiber-pickleball-paddle","7":"product_cat-t-700-carbon-fiber-pickleball-paddle","8":"product_cat-toray-t-700-carbon-fiber-pickleball-paddle","9":"product_tag-3d-textured-carbon-fiber-paddle","10":"product_tag-oem-pickleball-manufacturer","11":"product_tag-usapa-approved-pickleball-paddle","13":"first","14":"instock","15":"shipping-taxable","16":"product-type-simple"},"_links":{"self":[{"href":"https:\/\/lingzhuopickleball.com\/it\/wp-json\/wp\/v2\/product\/893","targetHints":{"allow":["GET"]}}],"collection":[{"href":"https:\/\/lingzhuopickleball.com\/it\/wp-json\/wp\/v2\/product"}],"about":[{"href":"https:\/\/lingzhuopickleball.com\/it\/wp-json\/wp\/v2\/types\/product"}],"wp:featuredmedia":[{"embeddable":true,"href":"https:\/\/lingzhuopickleball.com\/it\/wp-json\/wp\/v2\/media\/844"}],"wp:attachment":[{"href":"https:\/\/lingzhuopickleball.com\/it\/wp-json\/wp\/v2\/media?parent=893"}],"wp:term":[{"taxonomy":"product_brand","embeddable":true,"href":"https:\/\/lingzhuopickleball.com\/it\/wp-json\/wp\/v2\/product_brand?post=893"},{"taxonomy":"product_cat","embeddable":true,"href":"https:\/\/lingzhuopickleball.com\/it\/wp-json\/wp\/v2\/product_cat?post=893"},{"taxonomy":"product_tag","embeddable":true,"href":"https:\/\/lingzhuopickleball.com\/it\/wp-json\/wp\/v2\/product_tag?post=893"}],"curies":[{"name":"wp","href":"https:\/\/api.w.org\/{rel}","templated":true}]}}