{"id":878,"date":"2025-11-13T17:06:34","date_gmt":"2025-11-13T09:06:34","guid":{"rendered":"https:\/\/lingzhuopickleball.com\/?page_id=878"},"modified":"2025-11-24T15:24:33","modified_gmt":"2025-11-24T07:24:33","slug":"privacy-policy","status":"publish","type":"page","link":"https:\/\/lingzhuopickleball.com\/pt\/privacy-policy\/","title":{"rendered":"pol\u00edtica de privacidade"},"content":{"rendered":"<p>A sua privacidade \u00e9 importante para n\u00f3s. Esta pol\u00edtica explica como recolhemos, utilizamos e protegemos as suas informa\u00e7\u00f5es quando utiliza os nossos servi\u00e7os.<\/p>\n\n\n\n<h2 class=\"wp-block-heading\" id=\"information-we-collect\">Informa\u00e7\u00f5es que recolhemos<\/h2>\n\n\n\n<h3 class=\"wp-block-heading\" id=\"information-you-provide\">Informa\u00e7\u00f5es fornecidas pelo utilizador<\/h3>\n\n\n\n<ul class=\"wp-block-list\">\n<li>Dados de contacto (nome, e-mail, telefone, informa\u00e7\u00f5es sobre a empresa)<\/li>\n\n\n\n<li>Requisitos e especifica\u00e7\u00f5es comerciais para or\u00e7amentos de fabrico<\/li>\n\n\n\n<li>Prefer\u00eancias de comunica\u00e7\u00e3o e detalhes do inqu\u00e9rito<\/li>\n\n\n\n<li>Informa\u00e7\u00f5es sobre pagamento e envio de transac\u00e7\u00f5es<\/li>\n<\/ul>\n\n\n\n<h3 class=\"wp-block-heading\" id=\"information-automatically-collected\">Informa\u00e7\u00f5es recolhidas automaticamente<\/h3>\n\n\n\n<ul class=\"wp-block-list\">\n<li>Dados de utiliza\u00e7\u00e3o do s\u00edtio Web, endere\u00e7o IP e informa\u00e7\u00f5es do browser<\/li>\n\n\n\n<li>Tipo de dispositivo, sistema operativo e fontes de refer\u00eancia<\/li>\n\n\n\n<li>Cookies e tecnologias de rastreio semelhantes<\/li>\n<\/ul>\n\n\n\n<h2 class=\"wp-block-heading\" id=\"how-we-use-your-information\">Como utilizamos as suas informa\u00e7\u00f5es<\/h2>\n\n\n\n<p>Utilizamos as informa\u00e7\u00f5es que recolhemos para:<\/p>\n\n\n\n<ul class=\"wp-block-list\">\n<li>Processar e responder aos seus pedidos de fabrico e de or\u00e7amento<\/li>\n\n\n\n<li>Ligar o utilizador a parceiros de fabrico adequados com base nas suas necessidades<\/li>\n\n\n\n<li>Prestar apoio ao cliente e manter rela\u00e7\u00f5es comerciais<\/li>\n\n\n\n<li>Enviar actualiza\u00e7\u00f5es sobre os nossos servi\u00e7os, informa\u00e7\u00f5es sobre o sector e oportunidades de neg\u00f3cio relevantes<\/li>\n\n\n\n<li>Melhorar a funcionalidade do nosso s\u00edtio Web e a experi\u00eancia do utilizador<\/li>\n\n\n\n<li>Cumprir as obriga\u00e7\u00f5es legais e proteger os nossos interesses comerciais<\/li>\n<\/ul>\n\n\n\n<h2 class=\"wp-block-heading\" id=\"information-sharing-and-disclosure\">Partilha e divulga\u00e7\u00e3o de informa\u00e7\u00f5es<\/h2>\n\n\n\n<h3 class=\"wp-block-heading\" id=\"manufacturing-partners\">Parceiros de fabrico<\/h3>\n\n\n\n<p>Podemos partilhar os seus requisitos comerciais com parceiros de fabrico verificados para fornecer or\u00e7amentos e servi\u00e7os exactos. Todos os parceiros est\u00e3o vinculados por acordos de confidencialidade.<\/p>\n\n\n\n<h3 class=\"wp-block-heading\" id=\"service-providers\">Prestadores de servi\u00e7os<\/h3>\n\n\n\n<p>Trabalhamos com fornecedores de servi\u00e7os terceiros de confian\u00e7a para o alojamento do s\u00edtio Web, comunica\u00e7\u00f5es por correio eletr\u00f3nico, processamento de pagamentos e sistemas de apoio ao cliente.<\/p>\n\n\n\n<h3 class=\"wp-block-heading\" id=\"legal-requirements\">Requisitos legais<\/h3>\n\n\n\n<p>Podemos divulgar informa\u00e7\u00f5es quando exigido por lei, para proteger os nossos direitos ou para cumprir processos legais e pedidos governamentais.<\/p>\n\n\n\n<h2 class=\"wp-block-heading\" id=\"data-security-and-retention\">Seguran\u00e7a e conserva\u00e7\u00e3o de dados<\/h2>\n\n\n\n<p>Implementamos medidas t\u00e9cnicas e organizacionais adequadas para proteger as suas informa\u00e7\u00f5es contra o acesso, altera\u00e7\u00e3o, divulga\u00e7\u00e3o ou destrui\u00e7\u00e3o n\u00e3o autorizados.<\/p>\n\n\n\n<p>Conservamos as suas informa\u00e7\u00f5es durante o tempo necess\u00e1rio para prestar os nossos servi\u00e7os, cumprir as obriga\u00e7\u00f5es legais, resolver lit\u00edgios e fazer cumprir os nossos acordos. Os registos de comunica\u00e7\u00f5es comerciais s\u00e3o normalmente conservados durante 7 anos, de acordo com as pr\u00e1ticas comerciais.<\/p>\n\n\n\n<h2 class=\"wp-block-heading\" id=\"your-rights-and-choices\">Os seus direitos e escolhas<\/h2>\n\n\n\n<p>Consoante o local onde se encontra, pode ter os seguintes direitos:<\/p>\n\n\n\n<ul class=\"wp-block-list\">\n<li>Aceder e receber uma c\u00f3pia das suas informa\u00e7\u00f5es pessoais<\/li>\n\n\n\n<li>Corrigir informa\u00e7\u00f5es inexactas ou incompletas<\/li>\n\n\n\n<li>Eliminar as suas informa\u00e7\u00f5es pessoais (sujeito a requisitos legais)<\/li>\n\n\n\n<li>Restringir ou opor-se a determinadas actividades de tratamento<\/li>\n\n\n\n<li>Portabilidade dos dados relativos \u00e0s informa\u00e7\u00f5es fornecidas pelo utilizador<\/li>\n\n\n\n<li>Optar por n\u00e3o receber comunica\u00e7\u00f5es de marketing em qualquer altura<\/li>\n<\/ul>\n\n\n\n<p>Para exercer estes direitos ou para quest\u00f5es sobre esta pol\u00edtica, contacte-nos utilizando as informa\u00e7\u00f5es fornecidas abaixo.<\/p>\n\n\n\n<h2 class=\"wp-block-heading\" id=\"cookies-and-tracking-technologies\">Cookies e tecnologias de rastreio<\/h2>\n\n\n\n<p>Utilizamos cookies e tecnologias semelhantes para melhorar a sua experi\u00eancia de navega\u00e7\u00e3o, analisar o tr\u00e1fego do Web site e compreender as prefer\u00eancias do utilizador. O utilizador pode controlar as defini\u00e7\u00f5es de cookies atrav\u00e9s das prefer\u00eancias do seu browser.<\/p>\n\n\n\n<h4 class=\"wp-block-heading\" id=\"types-of-cookies-we-use\">Tipos de cookies que utilizamos:<\/h4>\n\n\n\n<ul class=\"wp-block-list\">\n<li><strong>Essencial:<\/strong>&nbsp;Necess\u00e1rio para a funcionalidade do s\u00edtio Web<\/li>\n\n\n\n<li><strong>Anal\u00edtica:<\/strong>&nbsp;Ajudar-nos a compreender os padr\u00f5es de utiliza\u00e7\u00e3o do s\u00edtio Web<\/li>\n\n\n\n<li><strong>Funcional:<\/strong>&nbsp;Recordar as suas prefer\u00eancias e defini\u00e7\u00f5es<\/li>\n\n\n\n<li><strong>Marketing:<\/strong>&nbsp;Fornecer conte\u00fados relevantes e medir a efic\u00e1cia da campanha<\/li>\n<\/ul>\n\n\n\n<h2 class=\"wp-block-heading\" id=\"international-data-transfers\">Transfer\u00eancias internacionais de dados<\/h2>\n\n\n\n<p>Como operamos internacionalmente e trabalhamos com parceiros de fabrico localizados principalmente na China, as suas informa\u00e7\u00f5es podem ser transferidas e processadas em pa\u00edses diferentes do seu. Asseguramos a exist\u00eancia de salvaguardas adequadas para essas transfer\u00eancias, em conformidade com as leis de prote\u00e7\u00e3o de dados aplic\u00e1veis.<\/p>\n\n\n\n<h2 class=\"wp-block-heading\" id=\"contact-us\">Contactar-nos<\/h2>\n\n\n\n<p>Perguntas sobre esta Pol\u00edtica de Privacidade?<\/p>\n\n\n\n<p>Se tiver alguma d\u00favida sobre esta Pol\u00edtica de Privacidade, os seus direitos de dados ou as nossas pr\u00e1ticas de privacidade, contacte-nos:<\/p>\n\n\n\n<p>Correio eletr\u00f3nico<\/p>\n\n\n\n<p>info@lingzhuopickleball.com<\/p>\n\n\n\n<p>Tempo de resposta<\/p>\n\n\n\n<p>No prazo de 30 dias ap\u00f3s a rece\u00e7\u00e3o<\/p>\n\n\n\n<h2 class=\"wp-block-heading\" id=\"policy-updates\">Actualiza\u00e7\u00f5es de pol\u00edticas<\/h2>\n\n\n\n<p>Podemos atualizar esta Pol\u00edtica de Privacidade periodicamente para refletir altera\u00e7\u00f5es nas nossas pr\u00e1ticas, tecnologia, requisitos legais ou outros factores. Notific\u00e1-lo-emos de quaisquer altera\u00e7\u00f5es materiais, publicando a pol\u00edtica actualizada no nosso Web site e actualizando a data da \"\u00daltima atualiza\u00e7\u00e3o\".<\/p>\n\n\n\n<p>A sua utiliza\u00e7\u00e3o continuada dos nossos servi\u00e7os ap\u00f3s quaisquer altera\u00e7\u00f5es indica a sua aceita\u00e7\u00e3o da Pol\u00edtica de Privacidade actualizada.<\/p>","protected":false},"excerpt":{"rendered":"<p>A sua privacidade \u00e9 importante para n\u00f3s. Esta pol\u00edtica explica como recolhemos, utilizamos e protegemos as suas informa\u00e7\u00f5es quando utiliza os nossos servi\u00e7os. Informa\u00e7\u00f5es que recolhemos Informa\u00e7\u00f5es fornecidas pelo utilizador Informa\u00e7\u00f5es recolhidas automaticamente Como utilizamos as suas informa\u00e7\u00f5es Utilizamos as informa\u00e7\u00f5es que recolhemos para: Partilha e divulga\u00e7\u00e3o de informa\u00e7\u00f5es Parceiros de fabrico Podemos partilhar os seus requisitos comerciais [...]<\/p>","protected":false},"author":1,"featured_media":834,"parent":0,"menu_order":0,"comment_status":"closed","ping_status":"closed","template":"","meta":{"_gspb_post_css":"","footnotes":""},"class_list":["post-878","page","type-page","status-publish","has-post-thumbnail","hentry"],"blocksy_meta":[],"_links":{"self":[{"href":"https:\/\/lingzhuopickleball.com\/pt\/wp-json\/wp\/v2\/pages\/878","targetHints":{"allow":["GET"]}}],"collection":[{"href":"https:\/\/lingzhuopickleball.com\/pt\/wp-json\/wp\/v2\/pages"}],"about":[{"href":"https:\/\/lingzhuopickleball.com\/pt\/wp-json\/wp\/v2\/types\/page"}],"author":[{"embeddable":true,"href":"https:\/\/lingzhuopickleball.com\/pt\/wp-json\/wp\/v2\/users\/1"}],"replies":[{"embeddable":true,"href":"https:\/\/lingzhuopickleball.com\/pt\/wp-json\/wp\/v2\/comments?post=878"}],"version-history":[{"count":1,"href":"https:\/\/lingzhuopickleball.com\/pt\/wp-json\/wp\/v2\/pages\/878\/revisions"}],"predecessor-version":[{"id":1342,"href":"https:\/\/lingzhuopickleball.com\/pt\/wp-json\/wp\/v2\/pages\/878\/revisions\/1342"}],"wp:featuredmedia":[{"embeddable":true,"href":"https:\/\/lingzhuopickleball.com\/pt\/wp-json\/wp\/v2\/media\/834"}],"wp:attachment":[{"href":"https:\/\/lingzhuopickleball.com\/pt\/wp-json\/wp\/v2\/media?parent=878"}],"curies":[{"name":"wp","href":"https:\/\/api.w.org\/{rel}","templated":true}]}}