{"id":595,"date":"2025-11-05T08:24:09","date_gmt":"2025-11-05T08:24:09","guid":{"rendered":"https:\/\/lingzhuopickleball.com\/?post_type=product&#038;p=595"},"modified":"2025-12-01T11:44:58","modified_gmt":"2025-12-01T03:44:58","slug":"thermoformed-paddle","status":"publish","type":"product","link":"https:\/\/lingzhuopickleball.com\/pt\/produto\/thermoformed-paddle\/","title":{"rendered":"P\u00e1 de Pickleball em Pol\u00edmero Termoformado Favo de Mel Whosale"},"content":{"rendered":"<p data-start=\"341\" data-end=\"515\">1. A nossa raquete de pickleball em pol\u00edmero termoformado alveolar foi concebida para marcas e distribuidores que necessitam de um desempenho fi\u00e1vel, qualidade consistente e personaliza\u00e7\u00e3o flex\u00edvel.<\/p>\n<p>2. O perfil de 418 \u00d7 190 mm, com um n\u00facleo em favo de mel em PP nas op\u00e7\u00f5es de 13,3 mm ou 16 mm e uma espessura total de 16\/19 mm (incluindo o protetor de extremidades), proporciona um sweet spot est\u00e1vel e selvagem para jogadores de todos os n\u00edveis. A constru\u00e7\u00e3o leve de 230 g reduz a fadiga do bra\u00e7o, mantendo a massa suficiente para drives penetrantes e bloqueios s\u00f3lidos na cozinha.<\/p>\n<p>3 . Uma superf\u00edcie de fibra de carbono fosca \u00e9 ligada termicamente ao n\u00facleo alveolar para criar uma sensa\u00e7\u00e3o n\u00edtida e reactiva com excelente potencial de rota\u00e7\u00e3o e durabilidade a longo prazo. Est\u00e3o dispon\u00edveis n\u00facleos em favo de mel em pol\u00edmero e fibra de aramida para ajustar a pot\u00eancia, o toque e o desempenho sonoro ao seu mercado-alvo.<\/p>\n<p>4. A pega ergon\u00f3mica, de 135-140 mm (5,3-5,5\u2033), utiliza um punho de couro PU de 1,5 mm para uma fixa\u00e7\u00e3o segura e antiderrapante e pode ser fornecida em formas e cores personalizadas. A prote\u00e7\u00e3o dos bordos em PVC\/TPU, o anel de borracha e a tampa do cabo em PP refor\u00e7ado asseguram a prote\u00e7\u00e3o contra os impactos em caso de pancadas fortes ou quedas.<\/p>\n<p>5 . Apoiamos um servi\u00e7o completo de OEM\/ODM, incluindo trabalhos art\u00edsticos personalizados com impress\u00e3o HD UV, grava\u00e7\u00e3o de log\u00f3tipo, dimens\u00f5es das p\u00e1s, gamas de peso e correspond\u00eancia de tamanho\/cor com as diretrizes da sua marca. A embalagem pode ser fornecida como um saco OPP, saco suspenso, caixa de cart\u00e3o a cores ou capa de remo premium para se adaptar a diferentes canais de retalho e com\u00e9rcio eletr\u00f3nico. Quer esteja a lan\u00e7ar uma nova linha de p\u00e1s ou a atualizar uma gama existente, este modelo termoformado proporciona-lhe um desempenho est\u00e1vel para criar um produto diferenciado e de elevada margem de lucro para o seu neg\u00f3cio de pickleball.<\/p>\n<p>6. Inspe\u00e7\u00e3o rigorosa do material, verifica\u00e7\u00f5es de qualidade durante o processo e controlo final do peso e do equil\u00edbrio de cada p\u00e1. Apoio de engenharia dedicado, amostragem r\u00e1pida e pol\u00edticas flex\u00edveis de MOQ reduzem ainda mais o risco de desenvolvimento e aceleram o lan\u00e7amento do seu pr\u00f3ximo produto.<\/p>\n<div class=\"jfk-bubble gtx-bubble\" style=\"visibility: visible; left: 1px; top: 57px; opacity: 1;\" role=\"alertdialog\" aria-describedby=\"bubble-2\">\n<div class=\"jfk-bubble-arrow-id jfk-bubble-arrow jfk-bubble-arrowup\" style=\"left: 15px;\">\n<div class=\"jfk-bubble-arrowimplafter\"><\/div>\n<\/div>\n<\/div>","protected":false},"excerpt":{"rendered":"<p>Raquete de pickleball em favo de mel em pol\u00edmero termoformado com face em fibra de carbono fosco, n\u00facleo em PP de 16\/19 mm e 230 g de peso, concebida para pot\u00eancia, controlo e durabilidade; tamanhos, cores, marcas e embalagens OEM\/ODM para projectos profissionais por grosso.<\/p>","protected":false},"featured_media":601,"template":"","meta":{"_gspb_post_css":""},"product_brand":[],"product_cat":[15,108],"product_tag":[34,33,32],"class_list":{"0":"post-595","1":"product","2":"type-product","3":"status-publish","4":"has-post-thumbnail","6":"product_cat-thermoformed-paddle","7":"product_cat-3k-carbon-fiber-pickleball-paddle","8":"product_tag-oem-odm-pickleball-manufacturer","9":"product_tag-polymer-honeycomb-paddle","10":"product_tag-thermoformed-pickleball-paddle","12":"first","13":"instock","14":"shipping-taxable","15":"product-type-simple"},"_links":{"self":[{"href":"https:\/\/lingzhuopickleball.com\/pt\/wp-json\/wp\/v2\/product\/595","targetHints":{"allow":["GET"]}}],"collection":[{"href":"https:\/\/lingzhuopickleball.com\/pt\/wp-json\/wp\/v2\/product"}],"about":[{"href":"https:\/\/lingzhuopickleball.com\/pt\/wp-json\/wp\/v2\/types\/product"}],"wp:featuredmedia":[{"embeddable":true,"href":"https:\/\/lingzhuopickleball.com\/pt\/wp-json\/wp\/v2\/media\/601"}],"wp:attachment":[{"href":"https:\/\/lingzhuopickleball.com\/pt\/wp-json\/wp\/v2\/media?parent=595"}],"wp:term":[{"taxonomy":"product_brand","embeddable":true,"href":"https:\/\/lingzhuopickleball.com\/pt\/wp-json\/wp\/v2\/product_brand?post=595"},{"taxonomy":"product_cat","embeddable":true,"href":"https:\/\/lingzhuopickleball.com\/pt\/wp-json\/wp\/v2\/product_cat?post=595"},{"taxonomy":"product_tag","embeddable":true,"href":"https:\/\/lingzhuopickleball.com\/pt\/wp-json\/wp\/v2\/product_tag?post=595"}],"curies":[{"name":"wp","href":"https:\/\/api.w.org\/{rel}","templated":true}]}}