{"id":608,"date":"2025-11-06T04:14:30","date_gmt":"2025-11-06T04:14:30","guid":{"rendered":"https:\/\/lingzhuopickleball.com\/?post_type=product&#038;p=608"},"modified":"2025-11-06T07:50:58","modified_gmt":"2025-11-06T07:50:58","slug":"3d-18k-carbon-fiber","status":"publish","type":"product","link":"https:\/\/lingzhuopickleball.com\/pt\/produto\/3d-18k-carbon-fiber\/","title":{"rendered":"P\u00e1 de Pickleball em fibra de carbono 3D 18K - Aprovada pela USAPA"},"content":{"rendered":"<p>Concebida para jogadores s\u00e9rios e programas exigentes, a raquete de Pickleball em fibra de carbono 3D 18K - Aprovada pela USAPA - foi constru\u00edda para transformar cada tacada numa arma controlada. A face utiliza fibra de carbono 3D 18K de \u00faltima gera\u00e7\u00e3o num verdadeiro tecido triaxial, com tr\u00eas fios entrela\u00e7ados em \u00e2ngulos de 60 graus. Esta estrutura multidirecional estabiliza a face no impacto, morde a bola de qualquer dire\u00e7\u00e3o e aumenta drasticamente o potencial de rota\u00e7\u00e3o em compara\u00e7\u00e3o com as raquetes convencionais de carbono bruto unidirecional.<\/p>\n<p>Para as marcas, os clubes e as academias de forma\u00e7\u00e3o, esta constru\u00e7\u00e3o \u00e9 um verdadeiro fator de diferencia\u00e7\u00e3o. A superf\u00edcie 3D 18K d\u00e1 \u00e0 sua linha uma hist\u00f3ria t\u00e9cnica claramente vis\u00edvel que os jogadores avan\u00e7ados reconhecem imediatamente: maior fric\u00e7\u00e3o, maior tempo de perman\u00eancia e retorno de energia superior em cada tacada. Quer os seus clientes joguem a singulares ou a pares, ir\u00e3o sentir um controlo mais apertado nos dinks, uma rota\u00e7\u00e3o mais forte nos servi\u00e7os e uma defesa mais segura contra jogadores poderosos.<\/p>\n<p>Apoiado pela aprova\u00e7\u00e3o da USAPA, este modelo est\u00e1 pronto para ser utilizado em torneios sancionados logo que sai da caixa. Combine-o com o seu pr\u00f3prio log\u00f3tipo, cores e embalagem para criar uma gama de p\u00e1s de desempenho superior que se destaque na parede e no campo. O resultado \u00e9 uma raquete de pickleball moderna e pronta para torneios que ajuda a sua empresa a conquistar mais jogadores s\u00e9rios, \u00e9poca ap\u00f3s \u00e9poca.<\/p>","protected":false},"excerpt":{"rendered":"<p>Raquete de pickleball em fibra de carbono 3D 18K aprovada pela USAPA, com trama triaxial para uma rota\u00e7\u00e3o explosiva, controlo e toque. O design de 16 mm e 8,0 oz proporciona uma manobrabilidade r\u00e1pida e um desempenho de n\u00edvel profissional para clubes, treinadores e marcas que procuram p\u00e1s termoformadas de qualidade superior.<\/p>\n<div class=\"jfk-bubble gtx-bubble\" style=\"visibility: visible; left: 50px; top: 47px; opacity: 1;\" role=\"alertdialog\" aria-describedby=\"bubble-2\">\n<div class=\"jfk-bubble-closebtn-id jfk-bubble-closebtn\" tabindex=\"0\" role=\"button\" aria-label=\"Fechar\"><\/div>\n<div class=\"jfk-bubble-arrow-id jfk-bubble-arrow jfk-bubble-arrowup\" style=\"left: 54.5px;\">\n<div class=\"jfk-bubble-arrowimplbefore\"><\/div>\n<div class=\"jfk-bubble-arrowimplafter\"><\/div>\n<\/div>\n<\/div>","protected":false},"featured_media":609,"template":"","meta":{"_gspb_post_css":""},"product_brand":[],"product_cat":[23],"product_tag":[35,37,36],"class_list":{"0":"post-608","1":"product","2":"type-product","3":"status-publish","4":"has-post-thumbnail","6":"product_cat-3d-18k-carbon-fiber-pickleball-paddle","7":"product_tag-3d-18k-carbon-fiber-paddle","8":"product_tag-oem-pickleball-paddle-supplier","9":"product_tag-usapa-approved-pickleball-paddle","11":"first","12":"instock","13":"shipping-taxable","14":"product-type-simple"},"_links":{"self":[{"href":"https:\/\/lingzhuopickleball.com\/pt\/wp-json\/wp\/v2\/product\/608","targetHints":{"allow":["GET"]}}],"collection":[{"href":"https:\/\/lingzhuopickleball.com\/pt\/wp-json\/wp\/v2\/product"}],"about":[{"href":"https:\/\/lingzhuopickleball.com\/pt\/wp-json\/wp\/v2\/types\/product"}],"wp:featuredmedia":[{"embeddable":true,"href":"https:\/\/lingzhuopickleball.com\/pt\/wp-json\/wp\/v2\/media\/609"}],"wp:attachment":[{"href":"https:\/\/lingzhuopickleball.com\/pt\/wp-json\/wp\/v2\/media?parent=608"}],"wp:term":[{"taxonomy":"product_brand","embeddable":true,"href":"https:\/\/lingzhuopickleball.com\/pt\/wp-json\/wp\/v2\/product_brand?post=608"},{"taxonomy":"product_cat","embeddable":true,"href":"https:\/\/lingzhuopickleball.com\/pt\/wp-json\/wp\/v2\/product_cat?post=608"},{"taxonomy":"product_tag","embeddable":true,"href":"https:\/\/lingzhuopickleball.com\/pt\/wp-json\/wp\/v2\/product_tag?post=608"}],"curies":[{"name":"wp","href":"https:\/\/api.w.org\/{rel}","templated":true}]}}