{"id":626,"date":"2025-11-06T08:09:36","date_gmt":"2025-11-06T08:09:36","guid":{"rendered":"https:\/\/lingzhuopickleball.com\/?post_type=product&#038;p=626"},"modified":"2025-11-06T08:13:10","modified_gmt":"2025-11-06T08:13:10","slug":"kevlar-pickleball-paddle","status":"publish","type":"product","link":"https:\/\/lingzhuopickleball.com\/pt\/produto\/kevlar-pickleball-paddle\/","title":{"rendered":"Palheta de Pickleball em Kevlar N\u00facleo em favo de mel dur\u00e1vel e prensado a quente"},"content":{"rendered":"<p>A raquete de Pickleball Kevlar - N\u00facleo em favo de mel dur\u00e1vel e prensado a quente foi concebida para jogadores e programas que exigem resist\u00eancia e sensa\u00e7\u00e3o na mesma estrutura. Em vez de uma superf\u00edcie tradicional apenas de carbono, esta p\u00e1 utiliza uma face de fibra de Kevlar tecida que \u00e9 termoformada a uma temperatura mais baixa para proteger a integridade de cada filamento. As fibras flexionam ligeiramente com o impacto, aumentando o tempo de perman\u00eancia e dando aos jogadores mais feedback e controlo direcional.<\/p>\n<p>Sob a face em Kevlar, um n\u00facleo em favo de mel de alto desempenho prensado a quente mant\u00e9m a estrutura leve, est\u00e1vel e consistente em toda a \u00e1rea de batida. Esta constru\u00e7\u00e3o expande o \"sweet spot\" efetivo e reduz a vibra\u00e7\u00e3o, ajudando a proteger o bra\u00e7o durante longas sess\u00f5es de treino e utiliza\u00e7\u00e3o de grande volume do taco.<\/p>\n<p>Devido ao facto de a face da raquete de pickleball em Kevlar ser mais tolerante do que a de carbono, a raquete Kevlar adequa-se a uma vasta gama de jogadores - desde os interm\u00e9dios a atletas de competi\u00e7\u00e3o que gostam de jogar um estilo agressivo sem sacrificar o toque. Os treinadores notar\u00e3o que os erros permanecem em jogo com mais frequ\u00eancia, enquanto os jogadores experientes podem continuar a conduzir a bola com autoridade.<\/p>\n<p>Para marcas, clubes e distribuidores, esta raquete oferece uma hist\u00f3ria de diferencia\u00e7\u00e3o clara: Constru\u00e7\u00e3o em Kevlar para uma durabilidade superior, um toque \u00fanico e uma longa vida \u00fatil. A cor da borda, o estilo do punho e o padr\u00e3o cosm\u00e9tico podem ser personalizados para corresponder \u00e0 sua linha, proporcionando-lhe um produto t\u00e9cnico de qualidade superior que se destaca na parede e mant\u00e9m o seu desempenho \u00e9poca ap\u00f3s \u00e9poca.<\/p>","protected":false},"excerpt":{"rendered":"<p>Raquete de pickleball em Kevlar com n\u00facleo em favo de mel prensado a quente, dur\u00e1vel, sensa\u00e7\u00e3o de toler\u00e2ncia e pot\u00eancia e controlo equilibrados - ideal para marcas e clubes que procuram raquetes OEM duradouras.<\/p>","protected":false},"featured_media":627,"template":"","meta":{"_gspb_post_css":""},"product_brand":[],"product_cat":[20],"product_tag":[60,59,61],"class_list":{"0":"post-626","1":"product","2":"type-product","3":"status-publish","4":"has-post-thumbnail","6":"product_cat-kevlar-pickleball-paddle","7":"product_tag-hot-pressed-honeycomb-core-paddle","8":"product_tag-kevlar-pickleball-paddle","9":"product_tag-oem-kevlar-paddle-supplier","11":"first","12":"instock","13":"shipping-taxable","14":"product-type-simple"},"_links":{"self":[{"href":"https:\/\/lingzhuopickleball.com\/pt\/wp-json\/wp\/v2\/product\/626","targetHints":{"allow":["GET"]}}],"collection":[{"href":"https:\/\/lingzhuopickleball.com\/pt\/wp-json\/wp\/v2\/product"}],"about":[{"href":"https:\/\/lingzhuopickleball.com\/pt\/wp-json\/wp\/v2\/types\/product"}],"wp:featuredmedia":[{"embeddable":true,"href":"https:\/\/lingzhuopickleball.com\/pt\/wp-json\/wp\/v2\/media\/627"}],"wp:attachment":[{"href":"https:\/\/lingzhuopickleball.com\/pt\/wp-json\/wp\/v2\/media?parent=626"}],"wp:term":[{"taxonomy":"product_brand","embeddable":true,"href":"https:\/\/lingzhuopickleball.com\/pt\/wp-json\/wp\/v2\/product_brand?post=626"},{"taxonomy":"product_cat","embeddable":true,"href":"https:\/\/lingzhuopickleball.com\/pt\/wp-json\/wp\/v2\/product_cat?post=626"},{"taxonomy":"product_tag","embeddable":true,"href":"https:\/\/lingzhuopickleball.com\/pt\/wp-json\/wp\/v2\/product_tag?post=626"}],"curies":[{"name":"wp","href":"https:\/\/api.w.org\/{rel}","templated":true}]}}