{"id":636,"date":"2025-11-06T08:45:30","date_gmt":"2025-11-06T08:45:30","guid":{"rendered":"https:\/\/lingzhuopickleball.com\/?post_type=product&#038;p=636"},"modified":"2025-11-13T10:21:54","modified_gmt":"2025-11-13T02:21:54","slug":"gen-4-pickleball-paddle","status":"publish","type":"product","link":"https:\/\/lingzhuopickleball.com\/pt\/produto\/gen-4-pickleball-paddle\/","title":{"rendered":"Gen 4 Pickleball Paddle Best Paddle com espuma de favo de mel"},"content":{"rendered":"<p>A gera\u00e7\u00e3o 4 da p\u00e1 de Pickleball Propulsion TFP com espuma de favo de mel \u00e9 o resultado de mais de um ano de engenharia e testes no campo. Foi concebida para marcas e programas que pretendem uma hist\u00f3ria de raquetes de \"pr\u00f3xima gera\u00e7\u00e3o\" claramente diferenciada, e n\u00e3o apenas mais uma atualiza\u00e7\u00e3o cosm\u00e9tica.<\/p>\n<p>Um n\u00facleo de espuma completa EPP de camada \u00fanica que substitui a estrutura tradicional em favo de mel. Este corpo de espuma cont\u00ednuo d\u00e1 \u00e0 raquete uma sensa\u00e7\u00e3o mais ligada, um tempo de perman\u00eancia mais longo e um ressalto mais forte e consistente em toda a face. Os jogadores experimentam um sweet spot visivelmente maior e uma resposta mais explosiva, mesmo quando o contacto \u00e9 descentrado.<\/p>\n<p>No interior da espuma, as c\u00e2maras de ar internas formam uma arquitetura selada. No impacto, as c\u00e2maras comprimem-se, criam press\u00e3o e libertam a energia armazenada de volta para a bola. O resultado \u00e9 uma pot\u00eancia livre em drives e saques, com menos esfor\u00e7o do jogador. Este efeito de \"propuls\u00e3o\" \u00e9 o que distingue o conceito da raquete de pickleball Gen 4 dos n\u00facleos normais.<\/p>\n<p>A superf\u00edcie de batida utiliza tr\u00eas camadas de fibra de carbono bruto T700, optimizada para a rota\u00e7\u00e3o. O carbono texturizado prolonga o tempo de perman\u00eancia da bola, permitindo aos jogadores fazer topspin, cortar slices e controlar os remates suaves na cozinha com a mesma raquete.<\/p>\n<p>Na pega, um n\u00facleo de polipropileno moldado com precis\u00e3o em forma de favo de mel \u00e9 ligado \u00e0 face atrav\u00e9s de uma camada de refor\u00e7o de carbono. Isto melhora a estabilidade de tor\u00e7\u00e3o e transmite o feedback de forma limpa para a m\u00e3o, mantendo o peso total na gama competitiva.<\/p>\n<p>Uma prote\u00e7\u00e3o de borda de alto impacto e uma estrutura selada com resina s\u00e3o testadas para resistir a mais de 2.000 golpes de bola antes de microfracturas, reduzindo significativamente os pedidos de garantia e os custos p\u00f3s-venda para distribuidores e clubes.<\/p>\n<p>Para os clientes OEM\/ODM, os gr\u00e1ficos, as cores dos bordos e as op\u00e7\u00f5es de punho podem ser totalmente personalizados, proporcionando-lhe uma raquete de pickleball da Gera\u00e7\u00e3o 4 com uma hist\u00f3ria de tecnologia convincente e uma longa vida \u00fatil para jogadores s\u00e9rios.<\/p>","protected":false},"excerpt":{"rendered":"<p>A raquete de pickleball Gen 4 com espuma EPP completa \/ n\u00facleo de c\u00e2mara de ar, face de carbono T700 de camada tripla e punho em favo de mel, proporcionando um ponto doce maci\u00e7o, ressalto explosivo e rota\u00e7\u00e3o pesada para linhas de desempenho OEM\/ODM topo de gama.<\/p>","protected":false},"featured_media":532,"template":"","meta":{"_gspb_post_css":""},"product_brand":[],"product_cat":[24],"product_tag":[63,62,37],"class_list":{"0":"post-636","1":"product","2":"type-product","3":"status-publish","4":"has-post-thumbnail","6":"product_cat-toray-t-700-carbon-fiber-pickleball-paddle","7":"product_tag-foam-core-carbon-paddle","8":"product_tag-gen-4-pickleball-paddle","9":"product_tag-oem-pickleball-paddle-supplier","11":"first","12":"instock","13":"shipping-taxable","14":"product-type-simple"},"_links":{"self":[{"href":"https:\/\/lingzhuopickleball.com\/pt\/wp-json\/wp\/v2\/product\/636","targetHints":{"allow":["GET"]}}],"collection":[{"href":"https:\/\/lingzhuopickleball.com\/pt\/wp-json\/wp\/v2\/product"}],"about":[{"href":"https:\/\/lingzhuopickleball.com\/pt\/wp-json\/wp\/v2\/types\/product"}],"wp:featuredmedia":[{"embeddable":true,"href":"https:\/\/lingzhuopickleball.com\/pt\/wp-json\/wp\/v2\/media\/532"}],"wp:attachment":[{"href":"https:\/\/lingzhuopickleball.com\/pt\/wp-json\/wp\/v2\/media?parent=636"}],"wp:term":[{"taxonomy":"product_brand","embeddable":true,"href":"https:\/\/lingzhuopickleball.com\/pt\/wp-json\/wp\/v2\/product_brand?post=636"},{"taxonomy":"product_cat","embeddable":true,"href":"https:\/\/lingzhuopickleball.com\/pt\/wp-json\/wp\/v2\/product_cat?post=636"},{"taxonomy":"product_tag","embeddable":true,"href":"https:\/\/lingzhuopickleball.com\/pt\/wp-json\/wp\/v2\/product_tag?post=636"}],"curies":[{"name":"wp","href":"https:\/\/api.w.org\/{rel}","templated":true}]}}