{"id":644,"date":"2025-11-06T09:09:46","date_gmt":"2025-11-06T09:09:46","guid":{"rendered":"https:\/\/lingzhuopickleball.com\/?post_type=product&#038;p=644"},"modified":"2025-11-06T09:09:46","modified_gmt":"2025-11-06T09:09:46","slug":"titanium-pickleball-paddle","status":"publish","type":"product","link":"https:\/\/lingzhuopickleball.com\/pt\/produto\/titanium-pickleball-paddle\/","title":{"rendered":"Palheta de Pickleball de Tit\u00e2nio Carbono Leve Personalizada"},"content":{"rendered":"<article class=\"text-token-text-primary w-full focus:outline-none [--shadow-height:45px] has-data-writing-block:pointer-events-none has-data-writing-block:-mt-(--shadow-height) has-data-writing-block:pt-(--shadow-height) [&amp;:has([data-writing-block])&gt;*]:pointer-events-auto [content-visibility:auto] supports-[content-visibility:auto]:[contain-intrinsic-size:auto_100lvh] scroll-mt-[calc(var(--header-height)+min(200px,max(70px,20svh)))]\" dir=\"auto\" tabindex=\"-1\" data-turn-id=\"request-WEB:6d4c3039-22b4-46b1-a316-0bf878d137ef-12\" data-testid=\"conversation-turn-26\" data-scroll-anchor=\"true\" data-turn=\"assistant\">\n<div class=\"text-base my-auto mx-auto pb-10 [--thread-content-margin:--spacing(4)] thread-sm:[--thread-content-margin:--spacing(6)] thread-lg:[--thread-content-margin:--spacing(16)] px-(--thread-content-margin)\">\n<div class=\"[--thread-content-max-width:40rem] thread-lg:[--thread-content-max-width:48rem] mx-auto max-w-(--thread-content-max-width) flex-1 group\/turn-messages focus-visible:outline-hidden relative flex w-full min-w-0 flex-col agent-turn\" tabindex=\"-1\">\n<div class=\"flex max-w-full flex-col grow\">\n<div class=\"min-h-8 text-message relative flex w-full flex-col items-end gap-2 text-start break-words whitespace-normal [.text-message+&amp;]:mt-1\" dir=\"auto\" data-message-author-role=\"assistant\" data-message-id=\"145a3faf-9b81-4efc-8c4e-9797c5e37644\" data-message-model-slug=\"gpt-5-thinking\">\n<div class=\"flex w-full flex-col gap-1 empty:hidden first:pt-[1px]\">\n<div class=\"markdown prose dark:prose-invert w-full break-words light markdown-new-styling\">\n<p data-start=\"237\" data-end=\"638\">A raquete de pickleball de tit\u00e2nio - Carbono leve personalizado foi concebida como um verdadeiro porta-estandarte para marcas s\u00e9rias, e n\u00e3o apenas mais um composto no cat\u00e1logo. Com um peso t\u00edpico de 215-227 g (7,6-8,0 oz), um n\u00facleo de pol\u00edmero de 16 mm e uma face de 16,0 pol. \u00d7 7,8 pol., ajuda-o a combinar uma velocidade de oscila\u00e7\u00e3o r\u00e1pida, um ponto ideal tolerante e um contacto est\u00e1vel em cada tacada.<\/p>\n<p data-start=\"237\" data-end=\"638\">Uma superf\u00edcie de carbono com infus\u00e3o de tit\u00e2nio est\u00e1 no centro do design. Os testes de impacto realizados em laborat\u00f3rio demonstram que os tecidos de tit\u00e2nio podem aumentar a resist\u00eancia da superf\u00edcie at\u00e9 25% em compara\u00e7\u00e3o com o carbono normal, pelo que se verificam menos fissuras, menos devolu\u00e7\u00f5es ao abrigo da garantia e uma vida \u00fatil mais longa da raquete nos programas de clubes e de aluguer. O tecido micro-texturizado da Titanium Pickleball Paddle permite-lhe agarrar a bola durante mais tempo, dando-lhe mais rota\u00e7\u00e3o nos servi\u00e7os, rolos e lobs defensivos.<\/p>\n<p data-start=\"237\" data-end=\"638\">No interior, um n\u00facleo em favo de mel de pol\u00edmero de alto retorno \u00e9 ajustado para uma rela\u00e7\u00e3o pot\u00eancia-controlo de cerca de 60\/40. Os seus jogadores obt\u00eam uma profundidade f\u00e1cil a partir da linha de base, mas ainda lhes permite tirar o ritmo da bola na cozinha. Se necessitar de um toque mais suave ou de mais efeito, pode especificar a espessura do n\u00facleo de 13 a 20 mm, as janelas de peso alvo e os pontos de equil\u00edbrio, e n\u00f3s construiremos o lay-up em fun\u00e7\u00e3o da sua forma de vender e da forma como os seus clientes jogam.<\/p>\n<p data-start=\"237\" data-end=\"638\">Para si, enquanto propriet\u00e1rio de uma marca ou gestor de compras, a repetibilidade \u00e9 tudo. A produ\u00e7\u00e3o de p\u00e1s de pickleball em tit\u00e2nio mant\u00e9m a toler\u00e2ncia de peso dentro de \u00b12 g e a espessura dentro de \u00b10,2 mm, para que cada produ\u00e7\u00e3o pare\u00e7a familiar nas m\u00e3os dos seus clientes. Pode personalizar as cores dos bordos e do punho, os gr\u00e1ficos da face, o acabamento brilhante ou mate, bem como as solu\u00e7\u00f5es de embalagem para venda a retalho e multi-pack para corresponder a cada canal.<\/p>\n<p data-start=\"237\" data-end=\"638\">Em suma, esta plataforma de tit\u00e2nio-carbono permite-lhe contar uma hist\u00f3ria de desempenho clara, d\u00e1 aos seus jogadores uma raquete mais r\u00e1pida e mais dur\u00e1vel, e d\u00e1-lhe um modelo de her\u00f3i premium suficientemente forte para levar o seu log\u00f3tipo para os mercados de pickleball mais competitivos.<\/p>\n<\/div>\n<\/div>\n<\/div>\n<\/div>\n<div class=\"z-0 flex min-h-[46px] justify-start\"><\/div>\n<div class=\"mt-3 w-full empty:hidden\">\n<div class=\"text-center\"><\/div>\n<\/div>\n<\/div>\n<\/div>\n<\/article>\n<div class=\"pointer-events-none h-px w-px\" aria-hidden=\"true\" data-edge=\"true\"><\/div>\n<div id=\"gtx-anchor\" style=\"position: absolute; visibility: hidden; left: 350.24px; top: 292.667px; width: 7.5625px; height: 18px;\"><\/div>\n<div class=\"jfk-bubble gtx-bubble\" style=\"visibility: visible; left: -218px; top: 146px; opacity: 1;\" role=\"alertdialog\" aria-describedby=\"bubble-3\">\n<div id=\"bubble-3\" class=\"jfk-bubble-content-id\">\n<div id=\"gtx-host\" style=\"min-width: 200px; max-width: 400px;\"><\/div>\n<\/div>\n<div class=\"jfk-bubble-closebtn-id jfk-bubble-closebtn\" tabindex=\"0\" role=\"button\" aria-label=\"Fechar\"><\/div>\n<div class=\"jfk-bubble-arrow-id jfk-bubble-arrow jfk-bubble-arrowdown\" style=\"left: 344.24px;\">\n<div class=\"jfk-bubble-arrowimplbefore\"><\/div>\n<div class=\"jfk-bubble-arrowimplafter\"><\/div>\n<\/div>\n<\/div>","protected":false},"excerpt":{"rendered":"<p>Raquete de pickleball leve de tit\u00e2nio-carbono (7,6-8,0 oz, n\u00facleo de 16 mm) que proporciona uma velocidade de balan\u00e7o r\u00e1pida, uma sensa\u00e7\u00e3o n\u00edtida e uma personaliza\u00e7\u00e3o OEM completa para gr\u00e1ficos, peso e equil\u00edbrio.<\/p>","protected":false},"featured_media":645,"template":"","meta":{"_gspb_post_css":""},"product_brand":[],"product_cat":[21],"product_tag":[65,66,64],"class_list":{"0":"post-644","1":"product","2":"type-product","3":"status-publish","4":"has-post-thumbnail","6":"product_cat-titanium-pickleball-paddle","7":"product_tag-lightweight-carbon-paddle","8":"product_tag-oem-custom-pickleball-paddle","9":"product_tag-titanium-pickleball-paddle","11":"first","12":"instock","13":"shipping-taxable","14":"product-type-simple"},"_links":{"self":[{"href":"https:\/\/lingzhuopickleball.com\/pt\/wp-json\/wp\/v2\/product\/644","targetHints":{"allow":["GET"]}}],"collection":[{"href":"https:\/\/lingzhuopickleball.com\/pt\/wp-json\/wp\/v2\/product"}],"about":[{"href":"https:\/\/lingzhuopickleball.com\/pt\/wp-json\/wp\/v2\/types\/product"}],"wp:featuredmedia":[{"embeddable":true,"href":"https:\/\/lingzhuopickleball.com\/pt\/wp-json\/wp\/v2\/media\/645"}],"wp:attachment":[{"href":"https:\/\/lingzhuopickleball.com\/pt\/wp-json\/wp\/v2\/media?parent=644"}],"wp:term":[{"taxonomy":"product_brand","embeddable":true,"href":"https:\/\/lingzhuopickleball.com\/pt\/wp-json\/wp\/v2\/product_brand?post=644"},{"taxonomy":"product_cat","embeddable":true,"href":"https:\/\/lingzhuopickleball.com\/pt\/wp-json\/wp\/v2\/product_cat?post=644"},{"taxonomy":"product_tag","embeddable":true,"href":"https:\/\/lingzhuopickleball.com\/pt\/wp-json\/wp\/v2\/product_tag?post=644"}],"curies":[{"name":"wp","href":"https:\/\/api.w.org\/{rel}","templated":true}]}}