{"id":652,"date":"2025-11-06T09:51:32","date_gmt":"2025-11-06T09:51:32","guid":{"rendered":"https:\/\/lingzhuopickleball.com\/?post_type=product&#038;p=652"},"modified":"2025-11-13T16:11:12","modified_gmt":"2025-11-13T08:11:12","slug":"edgeless-pickleball-paddle","status":"publish","type":"product","link":"https:\/\/lingzhuopickleball.com\/pt\/produto\/edgeless-pickleball-paddle\/","title":{"rendered":"Palheta de Pickleball sem arestas Smile Open Throat Bezale-less"},"content":{"rendered":"<p>A raquete de Pickleball sem rebordo - Smile Open Throat Bezel-less foi concebida para marcas que querem uma raquete com um aspeto diferente e que jogue de forma diferente. Em vez de terminar a raquete com uma prote\u00e7\u00e3o de borda de pl\u00e1stico separada colada depois, este modelo usa uma verdadeira constru\u00e7\u00e3o unibody sem bordas que envolve o material da face de forma limpa ao redor do per\u00edmetro.<\/p>\n<p>As camadas de carbono superior e inferior estendem-se sobre os lados da p\u00e1 e s\u00e3o seladas com ep\u00f3xi de alta resist\u00eancia sob calor e press\u00e3o num processo de termoformagem controlado. O resultado \u00e9 uma concha \u00fanica e cont\u00ednua com o n\u00facleo solidamente fechado no interior. Para os seus jogadores, isto significa menos pontos mortos perto do aro, um ressalto mais consistente em toda a face e nenhum zumbido ou separa\u00e7\u00e3o irritante da prote\u00e7\u00e3o da borda ao longo do tempo.<\/p>\n<p>A garganta aberta em forma de sorriso n\u00e3o s\u00f3 d\u00e1 \u00e0 raquete uma identidade visual distinta, como tamb\u00e9m redistribui a massa em dire\u00e7\u00e3o \u00e0 cabe\u00e7a e \u00e0 pega para um swing muito equilibrado. Os jogadores sentem-se r\u00e1pidos no ar, com muita estabilidade nos bloqueios e contra-ataques. A garganta aberta tamb\u00e9m oferece um espa\u00e7o de design extra para a coloca\u00e7\u00e3o de log\u00f3tipos ou um estilo de assinatura que distingue a sua linha na parede.<\/p>\n<p>Para os clientes B2B, tudo pode ser personalizado, desde a textura da superf\u00edcie e a arte da face at\u00e9 \u00e0 cor do punho e \u00e0 embalagem. Obt\u00e9m uma plataforma moderna e tecnol\u00f3gica \"sem moldura\" com uma hist\u00f3ria simples para contar: constru\u00e7\u00e3o unibody, design limpo e desempenho consistente para o pickleball r\u00e1pido e agressivo dos dias de hoje.<\/p>","protected":false},"excerpt":{"rendered":"<p>Raquete de pickleball verdadeiramente sem bordas com garganta aberta em forma de sorriso e constru\u00e7\u00e3o termoformada unibody. Face de carbono envolvida, sem prote\u00e7\u00e3o de borda de pl\u00e1stico, maior \u00e1rea jog\u00e1vel e gr\u00e1ficos OEM limpos para marcas e clubes modernos.<\/p>","protected":false},"featured_media":653,"template":"","meta":{"_gspb_post_css":""},"product_brand":[],"product_cat":[15,17],"product_tag":[67,69,68],"class_list":{"0":"post-652","1":"product","2":"type-product","3":"status-publish","4":"has-post-thumbnail","6":"product_cat-thermoformed-paddle","7":"product_cat-glass-fiber-pickleball-paddle","8":"product_tag-edgeless-pickleball-paddle","9":"product_tag-oem-thermoformed-paddle-supplier","10":"product_tag-open-throat-pickleball-paddle","12":"first","13":"instock","14":"shipping-taxable","15":"product-type-simple"},"_links":{"self":[{"href":"https:\/\/lingzhuopickleball.com\/pt\/wp-json\/wp\/v2\/product\/652","targetHints":{"allow":["GET"]}}],"collection":[{"href":"https:\/\/lingzhuopickleball.com\/pt\/wp-json\/wp\/v2\/product"}],"about":[{"href":"https:\/\/lingzhuopickleball.com\/pt\/wp-json\/wp\/v2\/types\/product"}],"wp:featuredmedia":[{"embeddable":true,"href":"https:\/\/lingzhuopickleball.com\/pt\/wp-json\/wp\/v2\/media\/653"}],"wp:attachment":[{"href":"https:\/\/lingzhuopickleball.com\/pt\/wp-json\/wp\/v2\/media?parent=652"}],"wp:term":[{"taxonomy":"product_brand","embeddable":true,"href":"https:\/\/lingzhuopickleball.com\/pt\/wp-json\/wp\/v2\/product_brand?post=652"},{"taxonomy":"product_cat","embeddable":true,"href":"https:\/\/lingzhuopickleball.com\/pt\/wp-json\/wp\/v2\/product_cat?post=652"},{"taxonomy":"product_tag","embeddable":true,"href":"https:\/\/lingzhuopickleball.com\/pt\/wp-json\/wp\/v2\/product_tag?post=652"}],"curies":[{"name":"wp","href":"https:\/\/api.w.org\/{rel}","templated":true}]}}