{"id":664,"date":"2025-11-06T18:48:00","date_gmt":"2025-11-06T10:48:00","guid":{"rendered":"https:\/\/lingzhuopickleball.com\/?post_type=product&#038;p=664"},"modified":"2025-11-12T00:05:51","modified_gmt":"2025-11-11T16:05:51","slug":"t-300-pickleball-paddle","status":"publish","type":"product","link":"https:\/\/lingzhuopickleball.com\/pt\/produto\/t-300-pickleball-paddle\/","title":{"rendered":"T 300 Pickleball Paddle Fibra de carbono de alta qualidade USAPA"},"content":{"rendered":"<p>1.T 300 Pickleball Paddle - Paddle de fibra de carbono de alta qualidade com aprova\u00e7\u00e3o da USAPA, que \u00e9 constru\u00edda para si quando precisa de uma paddle que se sinta r\u00e1pida nas m\u00e3os dos seus jogadores e de confian\u00e7a no seu neg\u00f3cio. Com fibra de carbono T300 na face e um n\u00facleo de PP em favo de mel no interior, ter\u00e1 uma oportunidade que lhe permite prometer velocidade, controlo e precis\u00e3o em cada evento.<\/p>\n<p>2. no campo, os jogadores sentem a resposta r\u00e1pida da superf\u00edcie da raquete. Quando lhes \u00e9 pedido que passem pela bola, a raquete de pickleball T300 d\u00e1-lhes uma profundidade sem esfor\u00e7o. Quando lhes pede para suavizar a m\u00e3o para dinks, drops e resets, a mesma raquete d\u00e1-lhe um toque calmo e previs\u00edvel. Essa consist\u00eancia ajuda-o a realizar sess\u00f5es de treino mais suaves e d\u00e1-lhe menos queixas sobre p\u00e1s \"mortas\".<\/p>\n<p>3. o ponto doce selvagem apoia o jogador t\u00edpico da liga que nem sempre acerta no centro. Ver\u00e1 mais rallies prolongados, mais bolas de volta ao jogo e mais divers\u00e3o para os clientes de n\u00edvel b\u00e1sico, enquanto os jogadores avan\u00e7ados continuam a obter o feedback de que necessitam para atacar as linhas com confian\u00e7a.<\/p>\n<p>4) Do ponto de vista do aprovisionamento, obt\u00e9m toler\u00e2ncias de peso apertadas, prote\u00e7\u00e3o duradoura dos bordos e punhos que se mant\u00eam confort\u00e1veis mesmo em condi\u00e7\u00f5es de calor e humidade. Isto significa que passa menos tempo a resolver problemas de qualidade e mais tempo a construir o seu mercado.<\/p>\n<p>5. todos os elementos da raquete podem ser personalizados: o utilizador escolhe a forma, as cores, os gr\u00e1ficos e o peso que se adequam ao seu canal. Quer a posicione como a sua principal raquete de clube ou como um modelo de her\u00f3i para jogadores de competi\u00e7\u00e3o, a raquete de pickleball T 300 d\u00e1-lhe uma mensagem clara para partilhar: uma raquete de fibra de carbono est\u00e1vel e aprovada pela USAPA que o ajuda a si e aos seus clientes a jogar, ensinar e vender com confian\u00e7a.<\/p>","protected":false},"excerpt":{"rendered":"<p>Raquete de pickleball T300 em fibra de carbono aprovada pela USAPA, concebida para velocidade, controlo e precis\u00e3o. Leve, reactiva e dur\u00e1vel, ideal para marcas, clubes e academias que procuram p\u00e1s de desempenho OEM\/ODM de alta qualidade.<\/p>","protected":false},"featured_media":665,"template":"","meta":{"_gspb_post_css":""},"product_brand":[],"product_cat":[15,20,74],"product_tag":[37,75,76],"class_list":{"0":"post-664","1":"product","2":"type-product","3":"status-publish","4":"has-post-thumbnail","6":"product_cat-thermoformed-paddle","7":"product_cat-kevlar-pickleball-paddle","8":"product_cat-t-300-carbon-fiber-pickleball-paddle","9":"product_tag-oem-pickleball-paddle-supplier","10":"product_tag-t300-carbon-fiber-paddle","11":"product_tag-usapa-pickleball-paddle","13":"first","14":"instock","15":"shipping-taxable","16":"product-type-simple"},"_links":{"self":[{"href":"https:\/\/lingzhuopickleball.com\/pt\/wp-json\/wp\/v2\/product\/664","targetHints":{"allow":["GET"]}}],"collection":[{"href":"https:\/\/lingzhuopickleball.com\/pt\/wp-json\/wp\/v2\/product"}],"about":[{"href":"https:\/\/lingzhuopickleball.com\/pt\/wp-json\/wp\/v2\/types\/product"}],"wp:featuredmedia":[{"embeddable":true,"href":"https:\/\/lingzhuopickleball.com\/pt\/wp-json\/wp\/v2\/media\/665"}],"wp:attachment":[{"href":"https:\/\/lingzhuopickleball.com\/pt\/wp-json\/wp\/v2\/media?parent=664"}],"wp:term":[{"taxonomy":"product_brand","embeddable":true,"href":"https:\/\/lingzhuopickleball.com\/pt\/wp-json\/wp\/v2\/product_brand?post=664"},{"taxonomy":"product_cat","embeddable":true,"href":"https:\/\/lingzhuopickleball.com\/pt\/wp-json\/wp\/v2\/product_cat?post=664"},{"taxonomy":"product_tag","embeddable":true,"href":"https:\/\/lingzhuopickleball.com\/pt\/wp-json\/wp\/v2\/product_tag?post=664"}],"curies":[{"name":"wp","href":"https:\/\/api.w.org\/{rel}","templated":true}]}}