{"id":677,"date":"2025-11-06T23:56:31","date_gmt":"2025-11-06T15:56:31","guid":{"rendered":"https:\/\/lingzhuopickleball.com\/?post_type=product&#038;p=677"},"modified":"2025-11-13T10:21:33","modified_gmt":"2025-11-13T02:21:33","slug":"t700-carbon-fiber","status":"publish","type":"product","link":"https:\/\/lingzhuopickleball.com\/pt\/produto\/t700-carbon-fiber\/","title":{"rendered":"Palheta de Pickleball Profissional em Fibra de Carbono T700 (CFS)"},"content":{"rendered":"<p>A palheta profissional de Pickleball em fibra de carbono T700 (CFS) foi concebida para si quando os seus clientes j\u00e1 n\u00e3o est\u00e3o satisfeitos com o equipamento de n\u00edvel de entrada e come\u00e7am a pedir uma verdadeira palheta de \"estilo de competi\u00e7\u00e3o\". Utilizando fibra de carbono T700 de alta qualidade na superf\u00edcie de batida, este modelo foi concebido para proporcionar o ressalto explosivo e a resposta repet\u00edvel que os jogadores competitivos esperam.<\/p>\n<p>Em compara\u00e7\u00e3o com a fibra de vidro comum ou o carbono de qualidade inferior, as fibras T700 proporcionam uma maior resist\u00eancia \u00e0 tra\u00e7\u00e3o e uma excelente resist\u00eancia \u00e0 fadiga. No campo, isso traduz-se numa face que carrega e liberta energia de forma eficiente em cada impacto. Os seus atletas sentem a bola saltar das cordas com um \"pop\" limpo e vivo, e ainda desfrutam do tempo de perman\u00eancia necess\u00e1rio para colocar dinks precisos, rolos e drops de terceiro tiro.<\/p>\n<p>Por baixo da face, um n\u00facleo composto de favo de mel de alta estabilidade (PP ou personalizado de acordo com as suas especifica\u00e7\u00f5es) mant\u00e9m a raquete leve enquanto expande o sweet spot efetivo. O resultado \u00e9 um desempenho consistente em toda a superf\u00edcie: os drives permanecem profundos, os counters permanecem firmes e os erros s\u00e3o mais indulgentes - exatamente o que os jogadores s\u00e9rios querem em longos dias de torneio.<\/p>\n<p>A constru\u00e7\u00e3o CFS combina a superf\u00edcie T700 com um sistema de per\u00edmetro de prote\u00e7\u00e3o e um punho almofadado que absorve o suor para um manuseamento seguro. O equil\u00edbrio \u00e9 ajustado para uma r\u00e1pida velocidade de m\u00e3o na cozinha, ao mesmo tempo que fornece massa de cabe\u00e7a suficiente para golpes de terra penetrantes.<\/p>\n<p>Para os parceiros B2B, esta plataforma \u00e9 totalmente personaliz\u00e1vel. Pode definir janelas de peso alvo, espessura do n\u00facleo, tamanho do punho e design cosm\u00e9tico. Os acabamentos mate ou ligeiramente texturados, os gr\u00e1ficos n\u00edtidos a laser e as embalagens de marca pr\u00f3pria permitem-lhe posicionar a raquete como um porta-estandarte na sua gama de desempenho ou como um modelo de assinatura para atletas patrocinados.<\/p>\n<p>Se procura uma raquete de fibra de carbono T700 de alta qualidade que d\u00ea aos jogadores uma vantagem competitiva genu\u00edna - e que d\u00ea \u00e0 sua marca uma hist\u00f3ria tecnol\u00f3gica clara - a raquete de Pickleball Profissional de Fibra de Carbono T700 (CFS) \u00e9 uma escolha poderosa e fi\u00e1vel.<\/p>","protected":false},"excerpt":{"rendered":"<p>Palheta Pickleball Profissional em Fibra de Carbono T700 (CFS) com face T700 texturada e n\u00facleo composto est\u00e1vel para um ressalto, rota\u00e7\u00e3o e controlo superiores. O peso equilibrado e a constru\u00e7\u00e3o duradoura proporcionam aos jogadores s\u00e9rios uma pot\u00eancia consistente, com op\u00e7\u00f5es de marca OEM\/ODM completas para a sua linha.<\/p>","protected":false},"featured_media":678,"template":"","meta":{"_gspb_post_css":""},"product_brand":[],"product_cat":[20,81,24],"product_tag":[37,83,82],"class_list":{"0":"post-677","1":"product","2":"type-product","3":"status-publish","4":"has-post-thumbnail","6":"product_cat-kevlar-pickleball-paddle","7":"product_cat-t-700-carbon-fiber-pickleball-paddle","8":"product_cat-toray-t-700-carbon-fiber-pickleball-paddle","9":"product_tag-oem-pickleball-paddle-supplier","10":"product_tag-professional-pickleball-paddle","11":"product_tag-t700-carbon-fiber-pickleball-paddle","13":"first","14":"instock","15":"shipping-taxable","16":"product-type-simple"},"_links":{"self":[{"href":"https:\/\/lingzhuopickleball.com\/pt\/wp-json\/wp\/v2\/product\/677","targetHints":{"allow":["GET"]}}],"collection":[{"href":"https:\/\/lingzhuopickleball.com\/pt\/wp-json\/wp\/v2\/product"}],"about":[{"href":"https:\/\/lingzhuopickleball.com\/pt\/wp-json\/wp\/v2\/types\/product"}],"wp:featuredmedia":[{"embeddable":true,"href":"https:\/\/lingzhuopickleball.com\/pt\/wp-json\/wp\/v2\/media\/678"}],"wp:attachment":[{"href":"https:\/\/lingzhuopickleball.com\/pt\/wp-json\/wp\/v2\/media?parent=677"}],"wp:term":[{"taxonomy":"product_brand","embeddable":true,"href":"https:\/\/lingzhuopickleball.com\/pt\/wp-json\/wp\/v2\/product_brand?post=677"},{"taxonomy":"product_cat","embeddable":true,"href":"https:\/\/lingzhuopickleball.com\/pt\/wp-json\/wp\/v2\/product_cat?post=677"},{"taxonomy":"product_tag","embeddable":true,"href":"https:\/\/lingzhuopickleball.com\/pt\/wp-json\/wp\/v2\/product_tag?post=677"}],"curies":[{"name":"wp","href":"https:\/\/api.w.org\/{rel}","templated":true}]}}