{"id":681,"date":"2025-11-07T10:20:21","date_gmt":"2025-11-07T02:20:21","guid":{"rendered":"https:\/\/lingzhuopickleball.com\/?post_type=product&#038;p=681"},"modified":"2025-11-07T10:20:45","modified_gmt":"2025-11-07T02:20:45","slug":"trufoam-pickleball-paddle","status":"publish","type":"product","link":"https:\/\/lingzhuopickleball.com\/pt\/produto\/trufoam-pickleball-paddle\/","title":{"rendered":"Trufoam Pickleball Paddle 16mm Thermoforming Gen 4 Best"},"content":{"rendered":"<p>A raquete TruFoam Pickleball Paddle 16mm Thermoforming Gen 4 foi concebida para marcas e programas que pretendem dar um claro passo em frente em rela\u00e7\u00e3o \u00e0 tecnologia tradicional de favo de mel em polipropileno. Em vez de c\u00e9lulas de PP, todo o n\u00facleo desta raquete \u00e9 uma pe\u00e7a \u00fanica de TruFoam de alta densidade, concebida para proporcionar uma sensa\u00e7\u00e3o \u00fanica, suave e controlada sem sacrificar o ressalto ou o \"pop\".<\/p>\n<p>Uma vez que todo o n\u00facleo \u00e9 de espuma, j\u00e1 n\u00e3o est\u00e1 limitado pela resist\u00eancia da parede do favo de mel ou pelo tamanho das c\u00e9lulas. O sistema TruFoam permite-nos ajustar com precis\u00e3o a sensa\u00e7\u00e3o, o equil\u00edbrio, o tamanho do sweet spot e o plow-through em todo o perfil de 16 mm. N\u00e3o h\u00e1 per\u00edodo de amaciamento nem risco de esmagamento do n\u00facleo, pelo que os seus clientes experimentam a mesma resposta viva desde a primeira pancada at\u00e9 centenas de horas de jogo.<\/p>\n<p>A constru\u00e7\u00e3o da TruFoam Pickleball Paddle une o n\u00facleo de espuma a um revestimento exterior r\u00edgido numa estrutura de uma s\u00f3 pe\u00e7a. Isto melhora a durabilidade nas extremidades, mant\u00e9m a face plana e mant\u00e9m o desempenho muito melhor do que as montagens de prote\u00e7\u00e3o de extremidades coladas - importante para clubes, academias e retalhistas que t\u00eam uma utiliza\u00e7\u00e3o semanal intensa em campo.<\/p>\n<p>Um cabo alargado de 5,5\u2033 d\u00e1 aos jogadores modernos o alcance extra e a alavancagem que esperam. Os backhands com duas m\u00e3os parecem naturais, e a al\u00e7a mais longa adiciona velocidade de giro a overheads e drives sem empurrar o peso total para fora da faixa ideal. Os tamanhos reais da pega podem variar at\u00e9 1\/8\u2033, dando-lhe flexibilidade nas op\u00e7\u00f5es de overgrip e personaliza\u00e7\u00e3o.<\/p>\n<p>A face limpa e perfurada apresentada nas imagens proporciona uma tela minimalista para gr\u00e1ficos de marca pr\u00f3pria ou projectos de co-branding. Pode especificar cores, log\u00f3tipos, janelas de peso e embalagens para posicionar este modelo como um porta-estandarte na sua linha avan\u00e7ada ou profissional.<\/p>\n<p>Se procura uma alternativa de alta tecnologia, com n\u00facleo de espuma, que diferencie claramente a sua gama e que d\u00ea aos jogadores mais toque, controlo e pot\u00eancia, a raquete TruFoam 16mm Gen 4 \u00e9 uma escolha convincente.<\/p>\n<div id=\"gtx-anchor\" style=\"position: absolute; visibility: hidden; left: 10px; top: 204.667px; width: 180.594px; height: 18px;\"><\/div>\n<div class=\"jfk-bubble gtx-bubble\" style=\"visibility: visible; left: 86px; top: 233px; opacity: 1;\" role=\"alertdialog\" aria-describedby=\"bubble-3\">\n<div id=\"bubble-3\" class=\"jfk-bubble-content-id\">\n<div id=\"gtx-host\" style=\"min-width: 200px; max-width: 400px;\"><\/div>\n<\/div>\n<div class=\"jfk-bubble-closebtn-id jfk-bubble-closebtn\" tabindex=\"0\" role=\"button\" aria-label=\"Fechar\"><\/div>\n<div class=\"jfk-bubble-arrow-id jfk-bubble-arrow jfk-bubble-arrowup\" style=\"left: 90.5px;\">\n<div class=\"jfk-bubble-arrowimplbefore\"><\/div>\n<div class=\"jfk-bubble-arrowimplafter\"><\/div>\n<\/div>\n<\/div>","protected":false},"excerpt":{"rendered":"<p>Raquete Trufoam Pickleball Paddle 16mm Thermoforming Gen 4 com n\u00facleo de espuma de alta densidade total (sem favo de mel PP), al\u00e7a estendida de 5.5 \u2033 e face perfurada para balan\u00e7o r\u00e1pido, controle suave e desempenho de n\u00edvel profissional dur\u00e1vel para marcas OEM \/ ODM, clubes e varejistas.<\/p>\n<div id=\"gtx-anchor\" style=\"position: absolute; visibility: hidden; left: 10px; top: 18.6667px; width: 391.438px; height: 18px;\"><\/div>\n<div class=\"jfk-bubble gtx-bubble\" style=\"visibility: visible; left: 191px; top: 47px; opacity: 1;\" role=\"alertdialog\" aria-describedby=\"bubble-6\">\n<div id=\"bubble-6\" class=\"jfk-bubble-content-id\">\n<div id=\"gtx-host\" style=\"min-width: 200px; max-width: 400px;\"><\/div>\n<\/div>\n<div class=\"jfk-bubble-closebtn-id jfk-bubble-closebtn\" tabindex=\"0\" role=\"button\" aria-label=\"Fechar\"><\/div>\n<div class=\"jfk-bubble-arrow-id jfk-bubble-arrow jfk-bubble-arrowup\" style=\"left: 195.5px;\">\n<div class=\"jfk-bubble-arrowimplbefore\"><\/div>\n<div class=\"jfk-bubble-arrowimplafter\"><\/div>\n<\/div>\n<\/div>","protected":false},"featured_media":683,"template":"","meta":{"_gspb_post_css":""},"product_brand":[],"product_cat":[15],"product_tag":[85,86,84],"class_list":{"0":"post-681","1":"product","2":"type-product","3":"status-publish","4":"has-post-thumbnail","6":"product_cat-thermoformed-paddle","7":"product_tag-foam-core-pickleball-paddle","8":"product_tag-thermoformed-gen-4-paddle","9":"product_tag-trufoam-pickleball-paddle","11":"first","12":"instock","13":"shipping-taxable","14":"product-type-simple"},"_links":{"self":[{"href":"https:\/\/lingzhuopickleball.com\/pt\/wp-json\/wp\/v2\/product\/681","targetHints":{"allow":["GET"]}}],"collection":[{"href":"https:\/\/lingzhuopickleball.com\/pt\/wp-json\/wp\/v2\/product"}],"about":[{"href":"https:\/\/lingzhuopickleball.com\/pt\/wp-json\/wp\/v2\/types\/product"}],"wp:featuredmedia":[{"embeddable":true,"href":"https:\/\/lingzhuopickleball.com\/pt\/wp-json\/wp\/v2\/media\/683"}],"wp:attachment":[{"href":"https:\/\/lingzhuopickleball.com\/pt\/wp-json\/wp\/v2\/media?parent=681"}],"wp:term":[{"taxonomy":"product_brand","embeddable":true,"href":"https:\/\/lingzhuopickleball.com\/pt\/wp-json\/wp\/v2\/product_brand?post=681"},{"taxonomy":"product_cat","embeddable":true,"href":"https:\/\/lingzhuopickleball.com\/pt\/wp-json\/wp\/v2\/product_cat?post=681"},{"taxonomy":"product_tag","embeddable":true,"href":"https:\/\/lingzhuopickleball.com\/pt\/wp-json\/wp\/v2\/product_tag?post=681"}],"curies":[{"name":"wp","href":"https:\/\/api.w.org\/{rel}","templated":true}]}}