{"id":893,"date":"2025-11-13T22:51:57","date_gmt":"2025-11-13T14:51:57","guid":{"rendered":"https:\/\/lingzhuopickleball.com\/?post_type=product&#038;p=893"},"modified":"2025-11-13T22:51:57","modified_gmt":"2025-11-13T14:51:57","slug":"3d-textured-carbon-fiber-pickleball-paddle","status":"publish","type":"product","link":"https:\/\/lingzhuopickleball.com\/pt\/produto\/3d-textured-carbon-fiber-pickleball-paddle\/","title":{"rendered":"P\u00e1 de Pickleball em fibra de carbono com textura 3D"},"content":{"rendered":"<p>Concebida para jogadores que exigem precis\u00e3o sem sacrificar a pot\u00eancia, a palheta Pickleball de fibra de carbono texturizada 3D combina um corpo \u00fanico termoformado com uma superf\u00edcie rica em fric\u00e7\u00e3o para proporcionar uma tacada confiante em qualquer rali.<\/p>\n<p>No seu n\u00facleo, v\u00e1rias camadas de fibra de carbono Toray T700 s\u00e3o integradas sob calor e press\u00e3o. Esta disposi\u00e7\u00e3o avan\u00e7ada, totalmente envolvida em torno do per\u00edmetro, cria uma estrutura r\u00edgida e est\u00e1vel que transfere mais energia de volta para a bola para um ressalto mais vivo e mais consistente. A face de fibra de carbono texturizada em 3D adiciona microgrip e tempo de perman\u00eancia, para que possa carregar topspin nos drives, adicionar mordida aos rolls e deixar cair dinks com um toque cir\u00fargico.<\/p>\n<p>Um revestimento dur\u00e1vel com textura de areia protege a superf\u00edcie e preserva a rota\u00e7\u00e3o ao longo do tempo. A raquete \u00e9 aprovada pela USAPA, dando aos clubes, treinadores e retalhistas uma especifica\u00e7\u00e3o pronta para torneios logo que sai da caixa.<\/p>\n<p>Para maior conforto e controlo, combin\u00e1mos a tecnologia da face com um punho de couro artificial fino e recentemente atualizado (circunfer\u00eancia de 4,33 pol.) que evita o suor e resiste ao deslizamento. Atingindo o ponto ideal para alcance, estabilidade e manobrabilidade.<\/p>\n<p>Porque \u00e9 que \u00e9 vantajoso para o seu alinhamento<\/p>\n<p>Constru\u00e7\u00e3o termoformada, totalmente em carbono para pot\u00eancia e durabilidade<\/p>\n<p>Face de fibra de carbono texturizada em 3D para uma rota\u00e7\u00e3o e controlo de primeira qualidade<\/p>\n<p>Leve, silencioso e redutor de fadiga para sess\u00f5es mais longas<\/p>\n<p>Torneio em conformidade com o r\u00f3tulo de aprova\u00e7\u00e3o da USAPA<\/p>\n<p>Ideal para jogadores e programas orientados para o desempenho, esta raquete eleva o jogo e simplifica a venda a retalho: qualidade consistente, carater\u00edsticas de n\u00edvel profissional e especifica\u00e7\u00f5es que os atletas sentem imediatamente. Precisa de uma marca personalizada ou de um ajuste de especifica\u00e7\u00f5es? Est\u00e3o dispon\u00edveis op\u00e7\u00f5es.<\/p>","protected":false},"excerpt":{"rendered":"<p>Palheta de pickleball em carbono com textura 3D, com camadas T700 e face de gr\u00e3o de areia para uma rota\u00e7\u00e3o de elite, controlo e ressalto verdadeiro. A estrutura totalmente em carbono acrescenta pot\u00eancia e estabilidade. Aprovada pela USAPA. 15.9\u00d78\u00d70.63 in, 7.68 oz, 4.92 in handle, 4.33 in sweat-wicking, grip anti-derrapante.<\/p>","protected":false},"featured_media":844,"template":"","meta":{"_gspb_post_css":""},"product_brand":[],"product_cat":[107,81,24],"product_tag":[115,116,36],"class_list":{"0":"post-893","1":"product","2":"type-product","3":"status-publish","4":"has-post-thumbnail","6":"product_cat-3d-textured-carbon-fiber-pickleball-paddle","7":"product_cat-t-700-carbon-fiber-pickleball-paddle","8":"product_cat-toray-t-700-carbon-fiber-pickleball-paddle","9":"product_tag-3d-textured-carbon-fiber-paddle","10":"product_tag-oem-pickleball-manufacturer","11":"product_tag-usapa-approved-pickleball-paddle","13":"first","14":"instock","15":"shipping-taxable","16":"product-type-simple"},"_links":{"self":[{"href":"https:\/\/lingzhuopickleball.com\/pt\/wp-json\/wp\/v2\/product\/893","targetHints":{"allow":["GET"]}}],"collection":[{"href":"https:\/\/lingzhuopickleball.com\/pt\/wp-json\/wp\/v2\/product"}],"about":[{"href":"https:\/\/lingzhuopickleball.com\/pt\/wp-json\/wp\/v2\/types\/product"}],"wp:featuredmedia":[{"embeddable":true,"href":"https:\/\/lingzhuopickleball.com\/pt\/wp-json\/wp\/v2\/media\/844"}],"wp:attachment":[{"href":"https:\/\/lingzhuopickleball.com\/pt\/wp-json\/wp\/v2\/media?parent=893"}],"wp:term":[{"taxonomy":"product_brand","embeddable":true,"href":"https:\/\/lingzhuopickleball.com\/pt\/wp-json\/wp\/v2\/product_brand?post=893"},{"taxonomy":"product_cat","embeddable":true,"href":"https:\/\/lingzhuopickleball.com\/pt\/wp-json\/wp\/v2\/product_cat?post=893"},{"taxonomy":"product_tag","embeddable":true,"href":"https:\/\/lingzhuopickleball.com\/pt\/wp-json\/wp\/v2\/product_tag?post=893"}],"curies":[{"name":"wp","href":"https:\/\/api.w.org\/{rel}","templated":true}]}}